{"id":10347,"date":"2026-02-24T00:01:08","date_gmt":"2026-02-24T00:01:08","guid":{"rendered":"https:\/\/imaxinaria.afundacion.org\/manu-viqueira\/"},"modified":"2026-02-24T11:35:02","modified_gmt":"2026-02-24T11:35:02","slug":"manu-viqueira","status":"publish","type":"page","link":"https:\/\/imaxinaria.afundacion.org\/en\/manu-viqueira\/","title":{"rendered":"Manu Viqueira"},"content":{"rendered":"\t\t<div data-elementor-type=\"wp-page\" data-elementor-id=\"10347\" class=\"elementor elementor-10347 elementor-10244\" data-elementor-post-type=\"page\">\n\t\t\t\t\t\t<section class=\"elementor-section elementor-top-section elementor-element elementor-element-0f2faac elementor-section-full_width elementor-section-height-min-height elementor-hidden-desktop elementor-hidden-tablet elementor-hidden-mobile elementor-section-height-default elementor-section-items-middle\" data-id=\"0f2faac\" data-element_type=\"section\" data-settings=\"{&quot;background_background&quot;:&quot;video&quot;,&quot;background_video_link&quot;:&quot;https:\\\/\\\/youtu.be\\\/wK686HNh2W0&quot;,&quot;background_video_start&quot;:0,&quot;background_video_end&quot;:16,&quot;background_play_on_mobile&quot;:&quot;yes&quot;}\">\n\t\t\t\t\t\t\t\t<div class=\"elementor-background-video-container\" aria-hidden=\"true\">\n\t\t\t\t\t\t\t\t\t\t\t\t\t<div class=\"elementor-background-video-embed\"><\/div>\n\t\t\t\t\t\t\t\t\t\t\t\t<\/div>\n\t\t\t\t\t\t\t\t<div class=\"elementor-container elementor-column-gap-default\">\n\t\t\t\t\t<div class=\"elementor-column elementor-col-100 elementor-top-column elementor-element elementor-element-98f378a\" data-id=\"98f378a\" data-element_type=\"column\">\n\t\t\t<div class=\"elementor-widget-wrap\">\n\t\t\t\t\t\t\t<\/div>\n\t\t<\/div>\n\t\t\t\t\t<\/div>\n\t\t<\/section>\n\t\t<div class=\"elementor-element elementor-element-50e0f16 e-flex e-con-boxed e-con e-parent\" data-id=\"50e0f16\" data-element_type=\"container\">\n\t\t\t\t\t<div class=\"e-con-inner\">\n\t\t<div class=\"elementor-element elementor-element-c8d2718 e-con-full e-flex e-con e-child\" data-id=\"c8d2718\" data-element_type=\"container\">\n\t\t\t\t<div class=\"elementor-element elementor-element-21dba39 elementor-widget elementor-widget-image\" data-id=\"21dba39\" data-element_type=\"widget\" data-widget_type=\"image.default\">\n\t\t\t\t<div class=\"elementor-widget-container\">\n\t\t\t\t\t\t\t\t\t\t\t\t\t\t\t\t<a href=\"https:\/\/imaxinaria.afundacion.org\/wp-content\/uploads\/2026\/02\/web-imaxinaria-festival-2026-invitados-manu-viqueira-2.jpg\" data-elementor-open-lightbox=\"yes\" data-elementor-lightbox-title=\"Web Imaxinaria Festival 2026 Invitados Manu Viqueira 2\" data-e-action-hash=\"#elementor-action%3Aaction%3Dlightbox%26settings%3DeyJpZCI6MTAzNDYsInVybCI6Imh0dHBzOlwvXC9pbWF4aW5hcmlhLmFmdW5kYWNpb24ub3JnXC93cC1jb250ZW50XC91cGxvYWRzXC8yMDI2XC8wMlwvd2ViLWltYXhpbmFyaWEtZmVzdGl2YWwtMjAyNi1pbnZpdGFkb3MtbWFudS12aXF1ZWlyYS0yLmpwZyJ9\">\n\t\t\t\t\t\t\t<img fetchpriority=\"high\" decoding=\"async\" width=\"800\" height=\"800\" src=\"https:\/\/imaxinaria.afundacion.org\/wp-content\/uploads\/2026\/02\/web-imaxinaria-festival-2026-invitados-manu-viqueira-2.jpg\" class=\"attachment-full size-full wp-image-10346\" alt=\"\" srcset=\"https:\/\/imaxinaria.afundacion.org\/wp-content\/uploads\/2026\/02\/web-imaxinaria-festival-2026-invitados-manu-viqueira-2.jpg 800w, https:\/\/imaxinaria.afundacion.org\/wp-content\/uploads\/2026\/02\/web-imaxinaria-festival-2026-invitados-manu-viqueira-2-300x300.jpg 300w, https:\/\/imaxinaria.afundacion.org\/wp-content\/uploads\/2026\/02\/web-imaxinaria-festival-2026-invitados-manu-viqueira-2-150x150.jpg 150w, https:\/\/imaxinaria.afundacion.org\/wp-content\/uploads\/2026\/02\/web-imaxinaria-festival-2026-invitados-manu-viqueira-2-768x768.jpg 768w\" sizes=\"(max-width: 800px) 100vw, 800px\" \/>\t\t\t\t\t\t\t\t<\/a>\n\t\t\t\t\t\t\t\t\t\t\t\t\t\t\t<\/div>\n\t\t\t\t<\/div>\n\t\t\t\t<div class=\"elementor-element elementor-element-05a3d72 elementor-widget elementor-widget-text-editor\" data-id=\"05a3d72\" data-element_type=\"widget\" data-widget_type=\"text-editor.default\">\n\t\t\t\t<div class=\"elementor-widget-container\">\n\t\t\t\t\t\t\t\t\t<p>Courtesy of Manu Viqueira<\/p>\n\t\t\t\t\t\t\t\t<\/div>\n\t\t\t\t<\/div>\n\t\t\t\t<\/div>\n\t\t<div class=\"elementor-element elementor-element-2398638 e-con-full e-flex e-con e-child\" data-id=\"2398638\" data-element_type=\"container\">\n\t\t<div class=\"elementor-element elementor-element-ebebce9 e-con-full e-flex e-con e-child\" data-id=\"ebebce9\" data-element_type=\"container\">\n\t\t\t\t<div class=\"elementor-element elementor-element-77eb4d5 elementor-widget elementor-widget-heading\" data-id=\"77eb4d5\" data-element_type=\"widget\" data-widget_type=\"heading.default\">\n\t\t\t\t<div class=\"elementor-widget-container\">\n\t\t\t\t\t<h2 class=\"elementor-heading-title elementor-size-default\">Manu Viqueira<\/h2>\t\t\t\t<\/div>\n\t\t\t\t<\/div>\n\t\t\t\t<div class=\"elementor-element elementor-element-31d1bb5 elementor-widget elementor-widget-text-editor\" data-id=\"31d1bb5\" data-element_type=\"widget\" data-widget_type=\"text-editor.default\">\n\t\t\t\t<div class=\"elementor-widget-container\">\n\t\t\t\t\t\t\t\t\t<p>Manu Viqueira is a Galician animator, creator and multimedia artist based in A Coru\u00f1a. He works as an independent professional (freelance), offering services in directing, creative development, screenwriting, animation, post-production, visual effects and motion graphics for musical, documentary, television and advertising projects. He defines himself as an artist open to mixing styles, techniques and visual languages: photographic collage, 3D animation, live-action footage, motion graphics and visual effects. His creative philosophy plays with the superimposition of layers and a hybrid aesthetic, moving between complexity and minimalism depending on the needs of each project.<br \/>In addition to his work as a creator, Manu is an associate lecturer in the Degree in Animation and Video Games at the University of A Coru\u00f1a, where he teaches subjects such as screenwriting and directing animated films, contributing to the training of new generations of Galician animators. He stands out particularly in the field of music videos, having worked for Warner Music L.A. on productions for international artists such as Robert Plant, Green Day and Gary Clark Jr., as well as for well-known artists on the Spanish music scene including Love of Lesbian, La Pegatina, Macaco, Soziedad Alkoh\u00f3lika and La Polla Records.<\/p>\n<p>He has created animation for numerous documentaries, including No somos nada, directed by Javier Corcuera and selected at the San Sebasti\u00e1n Film Festival 2021; Colecci\u00f3n Mer (2025), by Pedro Gonz\u00e1lez; and The Unknown Battle(2017), by Paula Cons. In the advertising and corporate sphere, he has collaborated with brands and institutions such as Estrella Galicia, Leche Pascual, R, Cinfo, DepGames and the Galician Government, as well as with festivals such as O Marisqui\u00f1o, Hematofesti and the Imaxinaria Festival. He has also produced numerous animated pieces for television, particularly for documentary and educational programmes.<\/p>\n<p>Manu Viqueira has developed a style that combines the symbolic rebelliousness of punk culture and social commitment with the expressive possibilities of animation and audiovisual creation. This blend of critical content, bold aesthetics and technical versatility makes him one of the most dynamic and versatile voices in contemporary Galician and Spanish animation. In 2026, he is developing the feature film and transmedia fiction series So\u00f1os punkid\u00e9licos, a hybrid of electronic musical animation series and documentary, centred on a therapist who heals by mixing the dreams of his patients.<\/p>\n\t\t\t\t\t\t\t\t<\/div>\n\t\t\t\t<\/div>\n\t\t\t\t<div class=\"elementor-element elementor-element-7c717c6 elementor-mobile-align-center elementor-icon-list--layout-traditional elementor-list-item-link-full_width elementor-widget elementor-widget-icon-list\" data-id=\"7c717c6\" data-element_type=\"widget\" data-widget_type=\"icon-list.default\">\n\t\t\t\t<div class=\"elementor-widget-container\">\n\t\t\t\t\t\t\t<ul class=\"elementor-icon-list-items\">\n\t\t\t\t\t\t\t<li class=\"elementor-icon-list-item\">\n\t\t\t\t\t\t\t\t\t\t\t<span class=\"elementor-icon-list-icon\">\n\t\t\t\t\t\t\t<i aria-hidden=\"true\" class=\"fas fa-check\"><\/i>\t\t\t\t\t\t<\/span>\n\t\t\t\t\t\t\t\t\t\t<span class=\"elementor-icon-list-text\">Jury of the Festival<\/span>\n\t\t\t\t\t\t\t\t\t<\/li>\n\t\t\t\t\t\t<\/ul>\n\t\t\t\t\t\t<\/div>\n\t\t\t\t<\/div>\n\t\t\t\t<\/div>\n\t\t\t\t<\/div>\n\t\t\t\t\t<\/div>\n\t\t\t\t<\/div>\n\t\t\t\t<\/div>\n\t\t","protected":false},"excerpt":{"rendered":"<p>Courtesy of Manu Viqueira Manu Viqueira Manu Viqueira is a Galician animator, creator and multimedia artist based in A Coru\u00f1a. He works as an independent professional (freelance), offering services in directing, creative development, screenwriting, animation, post-production, visual effects and motion graphics for musical, documentary, television and advertising projects. He defines himself as an artist open [&hellip;]<\/p>\n","protected":false},"author":2,"featured_media":0,"parent":0,"menu_order":0,"comment_status":"closed","ping_status":"closed","template":"","meta":{"footnotes":""},"class_list":["post-10347","page","type-page","status-publish","hentry"],"_links":{"self":[{"href":"https:\/\/imaxinaria.afundacion.org\/en\/wp-json\/wp\/v2\/pages\/10347","targetHints":{"allow":["GET"]}}],"collection":[{"href":"https:\/\/imaxinaria.afundacion.org\/en\/wp-json\/wp\/v2\/pages"}],"about":[{"href":"https:\/\/imaxinaria.afundacion.org\/en\/wp-json\/wp\/v2\/types\/page"}],"author":[{"embeddable":true,"href":"https:\/\/imaxinaria.afundacion.org\/en\/wp-json\/wp\/v2\/users\/2"}],"replies":[{"embeddable":true,"href":"https:\/\/imaxinaria.afundacion.org\/en\/wp-json\/wp\/v2\/comments?post=10347"}],"version-history":[{"count":2,"href":"https:\/\/imaxinaria.afundacion.org\/en\/wp-json\/wp\/v2\/pages\/10347\/revisions"}],"predecessor-version":[{"id":10513,"href":"https:\/\/imaxinaria.afundacion.org\/en\/wp-json\/wp\/v2\/pages\/10347\/revisions\/10513"}],"wp:attachment":[{"href":"https:\/\/imaxinaria.afundacion.org\/en\/wp-json\/wp\/v2\/media?parent=10347"}],"curies":[{"name":"wp","href":"https:\/\/api.w.org\/{rel}","templated":true}]}}