{"id":5677,"date":"2024-02-20T18:45:11","date_gmt":"2024-02-20T18:45:11","guid":{"rendered":"https:\/\/imaxinaria.afundacion.org\/iria-lopez\/"},"modified":"2026-02-25T16:56:42","modified_gmt":"2026-02-25T16:56:42","slug":"iria-lopez","status":"publish","type":"page","link":"https:\/\/imaxinaria.afundacion.org\/en\/iria-lopez\/","title":{"rendered":"Iria L\u00f3pez"},"content":{"rendered":"\t\t<div data-elementor-type=\"wp-page\" data-elementor-id=\"5677\" class=\"elementor elementor-5677 elementor-4378\" data-elementor-post-type=\"page\">\n\t\t\t\t\t\t<section class=\"elementor-section elementor-top-section elementor-element elementor-element-50243d4 elementor-section-full_width elementor-section-height-min-height elementor-section-height-default elementor-section-items-middle\" data-id=\"50243d4\" data-element_type=\"section\" data-settings=\"{&quot;background_background&quot;:&quot;video&quot;,&quot;background_video_link&quot;:&quot;https:\\\/\\\/www.youtube.com\\\/watch?v=j7Ca4pWbopM&quot;,&quot;background_video_start&quot;:1,&quot;background_video_end&quot;:3,&quot;background_play_on_mobile&quot;:&quot;yes&quot;}\">\n\t\t\t\t\t\t\t\t<div class=\"elementor-background-video-container\" aria-hidden=\"true\">\n\t\t\t\t\t\t\t\t\t\t\t\t\t<div class=\"elementor-background-video-embed\"><\/div>\n\t\t\t\t\t\t\t\t\t\t\t\t<\/div>\n\t\t\t\t\t\t\t\t<div class=\"elementor-container elementor-column-gap-default\">\n\t\t\t\t\t<div class=\"elementor-column elementor-col-100 elementor-top-column elementor-element elementor-element-e935e14\" data-id=\"e935e14\" data-element_type=\"column\">\n\t\t\t<div class=\"elementor-widget-wrap\">\n\t\t\t\t\t\t\t<\/div>\n\t\t<\/div>\n\t\t\t\t\t<\/div>\n\t\t<\/section>\n\t\t\t\t<section class=\"elementor-section elementor-top-section elementor-element elementor-element-92d185b elementor-section-height-min-height elementor-section-boxed elementor-section-height-default elementor-section-items-middle\" data-id=\"92d185b\" data-element_type=\"section\">\n\t\t\t\t\t\t<div class=\"elementor-container elementor-column-gap-default\">\n\t\t\t\t\t<div class=\"elementor-column elementor-col-100 elementor-top-column elementor-element elementor-element-c710d02\" data-id=\"c710d02\" data-element_type=\"column\">\n\t\t\t<div class=\"elementor-widget-wrap elementor-element-populated\">\n\t\t\t\t\t\t<section class=\"elementor-section elementor-inner-section elementor-element elementor-element-4d9a4e0 elementor-section-boxed elementor-section-height-default elementor-section-height-default\" data-id=\"4d9a4e0\" data-element_type=\"section\">\n\t\t\t\t\t\t<div class=\"elementor-container elementor-column-gap-default\">\n\t\t\t\t\t<div class=\"elementor-column elementor-col-50 elementor-inner-column elementor-element elementor-element-4331d45\" data-id=\"4331d45\" data-element_type=\"column\">\n\t\t\t<div class=\"elementor-widget-wrap elementor-element-populated\">\n\t\t\t\t\t\t<div class=\"elementor-element elementor-element-fe1f954 elementor-widget elementor-widget-image\" data-id=\"fe1f954\" data-element_type=\"widget\" data-widget_type=\"image.default\">\n\t\t\t\t<div class=\"elementor-widget-container\">\n\t\t\t\t\t\t\t\t\t\t\t\t\t\t\t\t<a href=\"https:\/\/imaxinaria.afundacion.org\/wp-content\/uploads\/2024\/02\/web-imaxinaria-festival-2024-iria-lopez.jpg\" data-elementor-open-lightbox=\"yes\" data-elementor-lightbox-title=\"Afundaci\u00f3n International Animation Festival  - Iria L\u00f3pez\" data-e-action-hash=\"#elementor-action%3Aaction%3Dlightbox%26settings%3DeyJpZCI6NDM4MiwidXJsIjoiaHR0cHM6XC9cL2ltYXhpbmFyaWEuYWZ1bmRhY2lvbi5vcmdcL3dwLWNvbnRlbnRcL3VwbG9hZHNcLzIwMjRcLzAyXC93ZWItaW1heGluYXJpYS1mZXN0aXZhbC0yMDI0LWlyaWEtbG9wZXouanBnIn0%3D\">\n\t\t\t\t\t\t\t<img fetchpriority=\"high\" decoding=\"async\" width=\"800\" height=\"800\" src=\"https:\/\/imaxinaria.afundacion.org\/wp-content\/uploads\/2024\/02\/web-imaxinaria-festival-2024-iria-lopez.jpg\" class=\"attachment-full size-full wp-image-4382\" alt=\"\" srcset=\"https:\/\/imaxinaria.afundacion.org\/wp-content\/uploads\/2024\/02\/web-imaxinaria-festival-2024-iria-lopez.jpg 800w, https:\/\/imaxinaria.afundacion.org\/wp-content\/uploads\/2024\/02\/web-imaxinaria-festival-2024-iria-lopez-300x300.jpg 300w, https:\/\/imaxinaria.afundacion.org\/wp-content\/uploads\/2024\/02\/web-imaxinaria-festival-2024-iria-lopez-150x150.jpg 150w, https:\/\/imaxinaria.afundacion.org\/wp-content\/uploads\/2024\/02\/web-imaxinaria-festival-2024-iria-lopez-768x768.jpg 768w\" sizes=\"(max-width: 800px) 100vw, 800px\" \/>\t\t\t\t\t\t\t\t<\/a>\n\t\t\t\t\t\t\t\t\t\t\t\t\t\t\t<\/div>\n\t\t\t\t<\/div>\n\t\t\t\t<div class=\"elementor-element elementor-element-467eaa9 elementor-widget elementor-widget-text-editor\" data-id=\"467eaa9\" data-element_type=\"widget\" data-widget_type=\"text-editor.default\">\n\t\t\t\t<div class=\"elementor-widget-container\">\n\t\t\t\t\t\t\t\t\t<p>Courtesy of Iria L\u00f3pez<\/p>\n\t\t\t\t\t\t\t\t<\/div>\n\t\t\t\t<\/div>\n\t\t\t\t\t<\/div>\n\t\t<\/div>\n\t\t\t\t<div class=\"elementor-column elementor-col-50 elementor-inner-column elementor-element elementor-element-336bbea\" data-id=\"336bbea\" data-element_type=\"column\">\n\t\t\t<div class=\"elementor-widget-wrap elementor-element-populated\">\n\t\t\t\t\t\t<div class=\"elementor-element elementor-element-5d11d53 elementor-widget elementor-widget-heading\" data-id=\"5d11d53\" data-element_type=\"widget\" data-widget_type=\"heading.default\">\n\t\t\t\t<div class=\"elementor-widget-container\">\n\t\t\t\t\t<h2 class=\"elementor-heading-title elementor-size-default\">Iria L\u00f3pez<\/h2>\t\t\t\t<\/div>\n\t\t\t\t<\/div>\n\t\t\t\t<div class=\"elementor-element elementor-element-d41b45a elementor-widget elementor-widget-text-editor\" data-id=\"d41b45a\" data-element_type=\"widget\" data-widget_type=\"text-editor.default\">\n\t\t\t\t<div class=\"elementor-widget-container\">\n\t\t\t\t\t\t\t\t\t<p>EIria L\u00f3pez is a Galician director of art and animation based in London. After completing her degree in Fine Arts in Pontevedra, she moved to London where she pursued a Master&#8217;s in Communication and Design at Central Saint Martins. She was awarded the prestigious scholarship from the &#8220;Fundaci\u00f3n Barri\u00e9 de la Maza&#8221;, which allowed her to complete a second Master&#8217;s degree in Animation Direction at the National Film and Television School, graduating in 2012.\r\n\r\nSince then, she has worked as a director, animator, and designer at various studios such as Picasso Pictures, Blink Ink, Electric Theatre Collective, The Line, Animade, Passion Pictures, and Partizan, among others. In 2013, alongside her colleague Daniela Negrin Ochoa, they began working as co-directors at &#8220;Wednesday Collective&#8221; and two years later decided to co-found Wednesday Studio, where they have built a successful professional career in contemporary animation for advertising, working regularly with clients like Netflix, Microsoft, Ebay, Airbnb, etc.\r\n\r\nIn 2012, Iria L\u00f3pez stood out as a director with her short film &#8220;Jam\u00f3n&#8221;, which received numerous awards and recognitions. Iria L\u00f3pez is a prominent figure in the current international contemporary animation scene, specializing in art direction and advertising.\r\n<\/p>\t\t\t\t\t\t\t\t<\/div>\n\t\t\t\t<\/div>\n\t\t\t\t\t<\/div>\n\t\t<\/div>\n\t\t\t\t\t<\/div>\n\t\t<\/section>\n\t\t\t\t\t<\/div>\n\t\t<\/div>\n\t\t\t\t\t<\/div>\n\t\t<\/section>\n\t\t\t\t<\/div>\n\t\t","protected":false},"excerpt":{"rendered":"<p>Courtesy of Iria L\u00f3pez Iria L\u00f3pez EIria L\u00f3pez is a Galician director of art and animation based in London. After completing her degree in Fine Arts in Pontevedra, she moved to London where she pursued a Master&#8217;s in Communication and Design at Central Saint Martins. She was awarded the prestigious scholarship from the &#8220;Fundaci\u00f3n Barri\u00e9 [&hellip;]<\/p>\n","protected":false},"author":2,"featured_media":0,"parent":0,"menu_order":0,"comment_status":"closed","ping_status":"closed","template":"","meta":{"footnotes":""},"class_list":["post-5677","page","type-page","status-publish","hentry"],"_links":{"self":[{"href":"https:\/\/imaxinaria.afundacion.org\/en\/wp-json\/wp\/v2\/pages\/5677","targetHints":{"allow":["GET"]}}],"collection":[{"href":"https:\/\/imaxinaria.afundacion.org\/en\/wp-json\/wp\/v2\/pages"}],"about":[{"href":"https:\/\/imaxinaria.afundacion.org\/en\/wp-json\/wp\/v2\/types\/page"}],"author":[{"embeddable":true,"href":"https:\/\/imaxinaria.afundacion.org\/en\/wp-json\/wp\/v2\/users\/2"}],"replies":[{"embeddable":true,"href":"https:\/\/imaxinaria.afundacion.org\/en\/wp-json\/wp\/v2\/comments?post=5677"}],"version-history":[{"count":2,"href":"https:\/\/imaxinaria.afundacion.org\/en\/wp-json\/wp\/v2\/pages\/5677\/revisions"}],"predecessor-version":[{"id":10762,"href":"https:\/\/imaxinaria.afundacion.org\/en\/wp-json\/wp\/v2\/pages\/5677\/revisions\/10762"}],"wp:attachment":[{"href":"https:\/\/imaxinaria.afundacion.org\/en\/wp-json\/wp\/v2\/media?parent=5677"}],"curies":[{"name":"wp","href":"https:\/\/api.w.org\/{rel}","templated":true}]}}