{"id":5682,"date":"2023-04-11T07:43:25","date_gmt":"2023-04-11T07:43:25","guid":{"rendered":"https:\/\/imaxinaria.afundacion.org\/khris-cembe\/"},"modified":"2026-02-25T16:58:55","modified_gmt":"2026-02-25T16:58:55","slug":"khris-cembe","status":"publish","type":"page","link":"https:\/\/imaxinaria.afundacion.org\/en\/khris-cembe\/","title":{"rendered":"Khris Cembe"},"content":{"rendered":"\t\t<div data-elementor-type=\"wp-page\" data-elementor-id=\"5682\" class=\"elementor elementor-5682 elementor-1648\" data-elementor-post-type=\"page\">\n\t\t\t\t\t\t<section class=\"elementor-section elementor-top-section elementor-element elementor-element-9aea6ac elementor-section-full_width elementor-section-height-min-height elementor-section-height-default elementor-section-items-middle\" data-id=\"9aea6ac\" data-element_type=\"section\" data-settings=\"{&quot;background_background&quot;:&quot;video&quot;,&quot;background_video_link&quot;:&quot;https:\\\/\\\/www.youtube.com\\\/watch?v=SC9sFofoR1w&quot;,&quot;background_video_start&quot;:9,&quot;background_video_end&quot;:10.4000000000000003552713678800500929355621337890625,&quot;background_play_on_mobile&quot;:&quot;yes&quot;}\">\n\t\t\t\t\t\t\t\t<div class=\"elementor-background-video-container\" aria-hidden=\"true\">\n\t\t\t\t\t\t\t\t\t\t\t\t\t<div class=\"elementor-background-video-embed\"><\/div>\n\t\t\t\t\t\t\t\t\t\t\t\t<\/div>\n\t\t\t\t\t\t\t\t<div class=\"elementor-container elementor-column-gap-default\">\n\t\t\t\t\t<div class=\"elementor-column elementor-col-100 elementor-top-column elementor-element elementor-element-12cd58e\" data-id=\"12cd58e\" data-element_type=\"column\">\n\t\t\t<div class=\"elementor-widget-wrap\">\n\t\t\t\t\t\t\t<\/div>\n\t\t<\/div>\n\t\t\t\t\t<\/div>\n\t\t<\/section>\n\t\t\t\t<section class=\"elementor-section elementor-top-section elementor-element elementor-element-1f7c738 elementor-section-boxed elementor-section-height-default elementor-section-height-default\" data-id=\"1f7c738\" data-element_type=\"section\">\n\t\t\t\t\t\t<div class=\"elementor-container elementor-column-gap-default\">\n\t\t\t\t\t<div class=\"elementor-column elementor-col-100 elementor-top-column elementor-element elementor-element-1008802\" data-id=\"1008802\" data-element_type=\"column\">\n\t\t\t<div class=\"elementor-widget-wrap elementor-element-populated\">\n\t\t\t\t\t\t<section class=\"elementor-section elementor-inner-section elementor-element elementor-element-cf83e3d elementor-section-boxed elementor-section-height-default elementor-section-height-default\" data-id=\"cf83e3d\" data-element_type=\"section\">\n\t\t\t\t\t\t<div class=\"elementor-container elementor-column-gap-default\">\n\t\t\t\t\t<div class=\"elementor-column elementor-col-50 elementor-inner-column elementor-element elementor-element-ed95795\" data-id=\"ed95795\" data-element_type=\"column\">\n\t\t\t<div class=\"elementor-widget-wrap elementor-element-populated\">\n\t\t\t\t\t\t<div class=\"elementor-element elementor-element-e623527 elementor-widget elementor-widget-heading\" data-id=\"e623527\" data-element_type=\"widget\" data-widget_type=\"heading.default\">\n\t\t\t\t<div class=\"elementor-widget-container\">\n\t\t\t\t\t<h2 class=\"elementor-heading-title elementor-size-default\">Khris Cembe<\/h2>\t\t\t\t<\/div>\n\t\t\t\t<\/div>\n\t\t\t\t<div class=\"elementor-element elementor-element-12cb002 elementor-widget elementor-widget-image\" data-id=\"12cb002\" data-element_type=\"widget\" data-widget_type=\"image.default\">\n\t\t\t\t<div class=\"elementor-widget-container\">\n\t\t\t\t\t\t\t\t\t\t\t\t\t\t\t\t<a href=\"https:\/\/imaxinaria.afundacion.org\/wp-content\/uploads\/2023\/04\/web-imaxinaria-festival-2023-jurado-khris-cembe-2.jpg\" data-elementor-open-lightbox=\"yes\" data-elementor-lightbox-title=\"Afundaci\u00f3n International Animation Festival\" data-e-action-hash=\"#elementor-action%3Aaction%3Dlightbox%26settings%3DeyJpZCI6NTY4MywidXJsIjoiaHR0cHM6XC9cL2ltYXhpbmFyaWEuYWZ1bmRhY2lvbi5vcmdcL3dwLWNvbnRlbnRcL3VwbG9hZHNcLzIwMjNcLzA0XC93ZWItaW1heGluYXJpYS1mZXN0aXZhbC0yMDIzLWp1cmFkby1raHJpcy1jZW1iZS0yLmpwZyJ9\">\n\t\t\t\t\t\t\t<img fetchpriority=\"high\" decoding=\"async\" width=\"800\" height=\"800\" src=\"https:\/\/imaxinaria.afundacion.org\/wp-content\/uploads\/2023\/04\/web-imaxinaria-festival-2023-jurado-khris-cembe-2.jpg\" class=\"attachment-full size-full wp-image-5683\" alt=\"\" srcset=\"https:\/\/imaxinaria.afundacion.org\/wp-content\/uploads\/2023\/04\/web-imaxinaria-festival-2023-jurado-khris-cembe-2.jpg 800w, https:\/\/imaxinaria.afundacion.org\/wp-content\/uploads\/2023\/04\/web-imaxinaria-festival-2023-jurado-khris-cembe-2-300x300.jpg 300w, https:\/\/imaxinaria.afundacion.org\/wp-content\/uploads\/2023\/04\/web-imaxinaria-festival-2023-jurado-khris-cembe-2-150x150.jpg 150w, https:\/\/imaxinaria.afundacion.org\/wp-content\/uploads\/2023\/04\/web-imaxinaria-festival-2023-jurado-khris-cembe-2-768x768.jpg 768w\" sizes=\"(max-width: 800px) 100vw, 800px\" \/>\t\t\t\t\t\t\t\t<\/a>\n\t\t\t\t\t\t\t\t\t\t\t\t\t\t\t<\/div>\n\t\t\t\t<\/div>\n\t\t\t\t<div class=\"elementor-element elementor-element-71bc120 elementor-widget elementor-widget-text-editor\" data-id=\"71bc120\" data-element_type=\"widget\" data-widget_type=\"text-editor.default\">\n\t\t\t\t<div class=\"elementor-widget-container\">\n\t\t\t\t\t\t\t\t\t<p>Courtesy of Khris Cembe<\/p>\n\t\t\t\t\t\t\t\t<\/div>\n\t\t\t\t<\/div>\n\t\t\t\t\t<\/div>\n\t\t<\/div>\n\t\t\t\t<div class=\"elementor-column elementor-col-50 elementor-inner-column elementor-element elementor-element-d1b5565\" data-id=\"d1b5565\" data-element_type=\"column\">\n\t\t\t<div class=\"elementor-widget-wrap elementor-element-populated\">\n\t\t\t\t\t\t<div class=\"elementor-element elementor-element-476cfa1 elementor-widget elementor-widget-text-editor\" data-id=\"476cfa1\" data-element_type=\"widget\" data-widget_type=\"text-editor.default\">\n\t\t\t\t<div class=\"elementor-widget-container\">\n\t\t\t\t\t\t\t\t\t<span style=\"font-weight: 400;\"><a href=\"https:\/\/cargocollective.com\/khriscembe\/\" target=\"_blank\" rel=\"noopener\">Khris Cembe<\/a> <\/span> (Madrid, 1983) is an animator, director and screenwriter. It is part of the Academy of Cinematographic Arts and Sciences of Spain. He began his career in the famous web series<\/em><\/strong> (2004-2015). He was responsible for the color, visual development and animation of the award-winning short film <strong><em>Birdboy<\/em><\/strong> (2010), (2010), Goya winner for best animated short. He has been the animation director of the feature film  <em><strong>Psiconautas, los ni\u00f1os olvidados<\/strong><\/em> (2015) (2015) and the short film <strong><em>Decorado<\/em><\/strong> (2016), both awarded at festivals around the world.<br><br>Con el cortometraje <strong><em>Viaje a pies<\/em><\/strong> (2015), estrenado en la competici\u00f3n del prestigioso Festival de animaci\u00f3n de Annecy, debut\u00f3 como director y guionista. Su segundo y multipremiado cortometraje, <strong><em>Soy una tumba<\/em> <\/strong>(2018), se estren\u00f3 en la selecci\u00f3n oficial del Festival Internacional de Clermont-Ferrand, logrando tambi\u00e9n la nominaci\u00f3n a los premios Goya.<br><br>Asumi\u00f3 la direcci\u00f3n de animaci\u00f3n y el dise\u00f1o de personajes en <strong><em>Homeless Home<\/em><\/strong> (2020), primer cortometraje espa\u00f1ol en recibir el premio de Jurado en el festival de Annecy. Ha sido asistente de direcci\u00f3n de la aclamada pel\u00edcula de Alberto V\u00e1zquez, <strong><em>Unicorn Wars<\/em><\/strong> (2022), en la que adem\u00e1s se encarg\u00f3 de la direcci\u00f3n y dise\u00f1o de animaci\u00f3n, el storyboard y el dise\u00f1o de personajes. Unicorn Wars ha ganado multitud de premios, incluyendo el \u00faltimo Premio Goya a Mejor Pel\u00edcula de Animaci\u00f3n.<br><br>En la actualidad est\u00e1 escribiendo <strong><em>Matanza<\/em><\/strong>, su primer largometraje.\t\t\t\t\t\t\t\t<\/div>\n\t\t\t\t<\/div>\n\t\t\t\t\t<\/div>\n\t\t<\/div>\n\t\t\t\t\t<\/div>\n\t\t<\/section>\n\t\t\t\t\t<\/div>\n\t\t<\/div>\n\t\t\t\t\t<\/div>\n\t\t<\/section>\n\t\t\t\t<\/div>\n\t\t","protected":false},"excerpt":{"rendered":"<p>Khris Cembe Courtesy of Khris Cembe Khris Cembe (Madrid, 1983) is an animator, director and screenwriter. It is part of the Academy of Cinematographic Arts and Sciences of Spain. He began his career in the famous web series (2004-2015). He was responsible for the color, visual development and animation of the award-winning short film Birdboy [&hellip;]<\/p>\n","protected":false},"author":2,"featured_media":0,"parent":0,"menu_order":0,"comment_status":"closed","ping_status":"closed","template":"","meta":{"footnotes":""},"class_list":["post-5682","page","type-page","status-publish","hentry"],"_links":{"self":[{"href":"https:\/\/imaxinaria.afundacion.org\/en\/wp-json\/wp\/v2\/pages\/5682","targetHints":{"allow":["GET"]}}],"collection":[{"href":"https:\/\/imaxinaria.afundacion.org\/en\/wp-json\/wp\/v2\/pages"}],"about":[{"href":"https:\/\/imaxinaria.afundacion.org\/en\/wp-json\/wp\/v2\/types\/page"}],"author":[{"embeddable":true,"href":"https:\/\/imaxinaria.afundacion.org\/en\/wp-json\/wp\/v2\/users\/2"}],"replies":[{"embeddable":true,"href":"https:\/\/imaxinaria.afundacion.org\/en\/wp-json\/wp\/v2\/comments?post=5682"}],"version-history":[{"count":2,"href":"https:\/\/imaxinaria.afundacion.org\/en\/wp-json\/wp\/v2\/pages\/5682\/revisions"}],"predecessor-version":[{"id":10770,"href":"https:\/\/imaxinaria.afundacion.org\/en\/wp-json\/wp\/v2\/pages\/5682\/revisions\/10770"}],"wp:attachment":[{"href":"https:\/\/imaxinaria.afundacion.org\/en\/wp-json\/wp\/v2\/media?parent=5682"}],"curies":[{"name":"wp","href":"https:\/\/api.w.org\/{rel}","templated":true}]}}