{"id":5689,"date":"2023-04-10T16:10:44","date_gmt":"2023-04-10T16:10:44","guid":{"rendered":"https:\/\/imaxinaria.afundacion.org\/michael-dudok-de-wit\/"},"modified":"2026-02-25T17:01:59","modified_gmt":"2026-02-25T17:01:59","slug":"michael-dudok-de-wit","status":"publish","type":"page","link":"https:\/\/imaxinaria.afundacion.org\/en\/michael-dudok-de-wit\/","title":{"rendered":"Micha\u00ebl Dudok de Wit"},"content":{"rendered":"\t\t<div data-elementor-type=\"wp-page\" data-elementor-id=\"5689\" class=\"elementor elementor-5689 elementor-1559\" data-elementor-post-type=\"page\">\n\t\t\t\t\t\t<section class=\"elementor-section elementor-top-section elementor-element elementor-element-9114e29 elementor-section-full_width elementor-section-height-min-height elementor-section-height-default elementor-section-items-middle\" data-id=\"9114e29\" data-element_type=\"section\" data-settings=\"{&quot;background_background&quot;:&quot;video&quot;,&quot;background_video_link&quot;:&quot;https:\\\/\\\/www.youtube.com\\\/watch?v=SC9sFofoR1w&quot;,&quot;background_video_start&quot;:9,&quot;background_video_end&quot;:10.4000000000000003552713678800500929355621337890625,&quot;background_play_on_mobile&quot;:&quot;yes&quot;}\">\n\t\t\t\t\t\t\t\t<div class=\"elementor-background-video-container\" aria-hidden=\"true\">\n\t\t\t\t\t\t\t\t\t\t\t\t\t<div class=\"elementor-background-video-embed\"><\/div>\n\t\t\t\t\t\t\t\t\t\t\t\t<\/div>\n\t\t\t\t\t\t\t\t<div class=\"elementor-container elementor-column-gap-default\">\n\t\t\t\t\t<div class=\"elementor-column elementor-col-100 elementor-top-column elementor-element elementor-element-f29885a\" data-id=\"f29885a\" data-element_type=\"column\">\n\t\t\t<div class=\"elementor-widget-wrap\">\n\t\t\t\t\t\t\t<\/div>\n\t\t<\/div>\n\t\t\t\t\t<\/div>\n\t\t<\/section>\n\t\t\t\t<section class=\"elementor-section elementor-top-section elementor-element elementor-element-1f7c738 elementor-section-boxed elementor-section-height-default elementor-section-height-default\" data-id=\"1f7c738\" data-element_type=\"section\">\n\t\t\t\t\t\t<div class=\"elementor-container elementor-column-gap-default\">\n\t\t\t\t\t<div class=\"elementor-column elementor-col-100 elementor-top-column elementor-element elementor-element-1008802\" data-id=\"1008802\" data-element_type=\"column\">\n\t\t\t<div class=\"elementor-widget-wrap elementor-element-populated\">\n\t\t\t\t\t\t<section class=\"elementor-section elementor-inner-section elementor-element elementor-element-cf83e3d elementor-section-boxed elementor-section-height-default elementor-section-height-default\" data-id=\"cf83e3d\" data-element_type=\"section\">\n\t\t\t\t\t\t<div class=\"elementor-container elementor-column-gap-default\">\n\t\t\t\t\t<div class=\"elementor-column elementor-col-50 elementor-inner-column elementor-element elementor-element-ed95795\" data-id=\"ed95795\" data-element_type=\"column\">\n\t\t\t<div class=\"elementor-widget-wrap elementor-element-populated\">\n\t\t\t\t\t\t<div class=\"elementor-element elementor-element-e623527 elementor-widget elementor-widget-heading\" data-id=\"e623527\" data-element_type=\"widget\" data-widget_type=\"heading.default\">\n\t\t\t\t<div class=\"elementor-widget-container\">\n\t\t\t\t\t<h2 class=\"elementor-heading-title elementor-size-default\">Micha\u00ebl Dudok de Wit<\/h2>\t\t\t\t<\/div>\n\t\t\t\t<\/div>\n\t\t\t\t<div class=\"elementor-element elementor-element-12cb002 elementor-widget elementor-widget-image\" data-id=\"12cb002\" data-element_type=\"widget\" data-widget_type=\"image.default\">\n\t\t\t\t<div class=\"elementor-widget-container\">\n\t\t\t\t\t\t\t\t\t\t\t\t\t\t\t\t<a href=\"https:\/\/imaxinaria.afundacion.org\/wp-content\/uploads\/2023\/03\/web-imaxinaria-festival-padrino-michael-dudok-de-wit-by-gerard-cassado.jpg\" data-elementor-open-lightbox=\"yes\" data-elementor-lightbox-title=\"Micha\u00ebl Dudok de Wit by Gerard Cassad\u00f3\" data-e-action-hash=\"#elementor-action%3Aaction%3Dlightbox%26settings%3DeyJpZCI6NTY0NSwidXJsIjoiaHR0cHM6XC9cL2ltYXhpbmFyaWEuYWZ1bmRhY2lvbi5vcmdcL3dwLWNvbnRlbnRcL3VwbG9hZHNcLzIwMjNcLzAzXC93ZWItaW1heGluYXJpYS1mZXN0aXZhbC1wYWRyaW5vLW1pY2hhZWwtZHVkb2stZGUtd2l0LWJ5LWdlcmFyZC1jYXNzYWRvLmpwZyJ9\">\n\t\t\t\t\t\t\t<img fetchpriority=\"high\" decoding=\"async\" width=\"800\" height=\"800\" src=\"https:\/\/imaxinaria.afundacion.org\/wp-content\/uploads\/2023\/03\/web-imaxinaria-festival-padrino-michael-dudok-de-wit-by-gerard-cassado.jpg\" class=\"attachment-full size-full wp-image-5645\" alt=\"\" srcset=\"https:\/\/imaxinaria.afundacion.org\/wp-content\/uploads\/2023\/03\/web-imaxinaria-festival-padrino-michael-dudok-de-wit-by-gerard-cassado.jpg 800w, https:\/\/imaxinaria.afundacion.org\/wp-content\/uploads\/2023\/03\/web-imaxinaria-festival-padrino-michael-dudok-de-wit-by-gerard-cassado-300x300.jpg 300w, https:\/\/imaxinaria.afundacion.org\/wp-content\/uploads\/2023\/03\/web-imaxinaria-festival-padrino-michael-dudok-de-wit-by-gerard-cassado-150x150.jpg 150w, https:\/\/imaxinaria.afundacion.org\/wp-content\/uploads\/2023\/03\/web-imaxinaria-festival-padrino-michael-dudok-de-wit-by-gerard-cassado-768x768.jpg 768w\" sizes=\"(max-width: 800px) 100vw, 800px\" \/>\t\t\t\t\t\t\t\t<\/a>\n\t\t\t\t\t\t\t\t\t\t\t\t\t\t\t<\/div>\n\t\t\t\t<\/div>\n\t\t\t\t<div class=\"elementor-element elementor-element-71bc120 elementor-widget elementor-widget-text-editor\" data-id=\"71bc120\" data-element_type=\"widget\" data-widget_type=\"text-editor.default\">\n\t\t\t\t<div class=\"elementor-widget-container\">\n\t\t\t\t\t\t\t\t\t<p>Micha\u00ebl Dudok de Wit by Gerard Cassad\u00f3<\/p>\n\t\t\t\t\t\t\t\t<\/div>\n\t\t\t\t<\/div>\n\t\t\t\t\t<\/div>\n\t\t<\/div>\n\t\t\t\t<div class=\"elementor-column elementor-col-50 elementor-inner-column elementor-element elementor-element-d1b5565\" data-id=\"d1b5565\" data-element_type=\"column\">\n\t\t\t<div class=\"elementor-widget-wrap elementor-element-populated\">\n\t\t\t\t\t\t<div class=\"elementor-element elementor-element-476cfa1 elementor-widget elementor-widget-text-editor\" data-id=\"476cfa1\" data-element_type=\"widget\" data-widget_type=\"text-editor.default\">\n\t\t\t\t<div class=\"elementor-widget-container\">\n\t\t\t\t\t\t\t\t\t<p>MICHAEL DUDOK DE WIT (Holland, 1953). Director, screenwriter and illustrator, winner of the most important audiovisual awards for his animation works. Not in vain, his figure is among the great references in the world of animation worldwide. As for his productions, they stand out for their delicate and careful workmanship, the primary basis of his style marked by nostalgia and longing.<\/p>\n<p>He studied engraving in Geneva and animation in Farnham (England), where he made his first film: <strong><em>The Interview <\/em><\/strong>(1978). After animating for a year in Barcelona, \u200b\u200bhe settled in London in 1980. He worked as a freelancer in different studios, in particular with the production company Richard Purdum Productions, where he directed and animated numerous award-winning advertisements for television and film.<\/p>\n<p>In 1992 he created his short film <strong><em>Tom Sweep<\/em><\/strong> (1992), which was followed by <em><strong>The Monk and the Fish<\/strong><\/em> monk and the fish, 1994), produced by the French studio FOLIMAGE. With this film he won the C\u00e9sar for best animated short, in addition to achieving notable nominations for the Oscar and BAFTA Awards. His best-known short film, <em><strong>Father and Daughter<\/strong><\/em> (Father and Daughter, 2000), won the Annecy Grand Prix, an Oscar and a BAFTA. In 2004 he finished his short film <strong><em>The Aroma of Tea<\/em><\/strong> (The aroma of tea, 2004).<\/p>\n<p>His debut as a feature film director was supported by Isao Takahata, one of the founders of the legendary Studio Ghibli (<em>Spirited Away, My Neighbor Totoro<\/em>\u2026), becoming the studio&#8217;s first foreign production. The result was <strong><em>La tortue rouge<\/em><\/strong> (<em>The Red Turtle<\/em>, 2016), one of the most beautiful films of this century, considered a masterpiece and gem of animation of all time. The film was nominated for an Oscar and won the &#8220;Un Certain Regard&#8221; Special Prize at the 2016 Cannes Film Festival, as well as numerous international awards.<\/p>\n\t\t\t\t\t\t\t\t<\/div>\n\t\t\t\t<\/div>\n\t\t\t\t\t<\/div>\n\t\t<\/div>\n\t\t\t\t\t<\/div>\n\t\t<\/section>\n\t\t\t\t\t<\/div>\n\t\t<\/div>\n\t\t\t\t\t<\/div>\n\t\t<\/section>\n\t\t\t\t<\/div>\n\t\t","protected":false},"excerpt":{"rendered":"<p>Micha\u00ebl Dudok de Wit Micha\u00ebl Dudok de Wit by Gerard Cassad\u00f3 MICHAEL DUDOK DE WIT (Holland, 1953). Director, screenwriter and illustrator, winner of the most important audiovisual awards for his animation works. Not in vain, his figure is among the great references in the world of animation worldwide. As for his productions, they stand out [&hellip;]<\/p>\n","protected":false},"author":2,"featured_media":0,"parent":0,"menu_order":0,"comment_status":"closed","ping_status":"closed","template":"","meta":{"footnotes":""},"class_list":["post-5689","page","type-page","status-publish","hentry"],"_links":{"self":[{"href":"https:\/\/imaxinaria.afundacion.org\/en\/wp-json\/wp\/v2\/pages\/5689","targetHints":{"allow":["GET"]}}],"collection":[{"href":"https:\/\/imaxinaria.afundacion.org\/en\/wp-json\/wp\/v2\/pages"}],"about":[{"href":"https:\/\/imaxinaria.afundacion.org\/en\/wp-json\/wp\/v2\/types\/page"}],"author":[{"embeddable":true,"href":"https:\/\/imaxinaria.afundacion.org\/en\/wp-json\/wp\/v2\/users\/2"}],"replies":[{"embeddable":true,"href":"https:\/\/imaxinaria.afundacion.org\/en\/wp-json\/wp\/v2\/comments?post=5689"}],"version-history":[{"count":2,"href":"https:\/\/imaxinaria.afundacion.org\/en\/wp-json\/wp\/v2\/pages\/5689\/revisions"}],"predecessor-version":[{"id":10772,"href":"https:\/\/imaxinaria.afundacion.org\/en\/wp-json\/wp\/v2\/pages\/5689\/revisions\/10772"}],"wp:attachment":[{"href":"https:\/\/imaxinaria.afundacion.org\/en\/wp-json\/wp\/v2\/media?parent=5689"}],"curies":[{"name":"wp","href":"https:\/\/api.w.org\/{rel}","templated":true}]}}