{"id":5694,"date":"2024-02-20T11:54:44","date_gmt":"2024-02-20T11:54:44","guid":{"rendered":"https:\/\/imaxinaria.afundacion.org\/michaela-pavlatova\/"},"modified":"2026-02-25T16:57:47","modified_gmt":"2026-02-25T16:57:47","slug":"michaela-pavlatova","status":"publish","type":"page","link":"https:\/\/imaxinaria.afundacion.org\/en\/michaela-pavlatova\/","title":{"rendered":"Michaela Pavl\u00e1tov\u00e1"},"content":{"rendered":"\t\t<div data-elementor-type=\"wp-page\" data-elementor-id=\"5694\" class=\"elementor elementor-5694 elementor-4253\" data-elementor-post-type=\"page\">\n\t\t\t\t\t\t<section class=\"elementor-section elementor-top-section elementor-element elementor-element-9114e29 elementor-section-full_width elementor-section-height-min-height elementor-section-height-default elementor-section-items-middle\" data-id=\"9114e29\" data-element_type=\"section\" data-settings=\"{&quot;background_background&quot;:&quot;video&quot;,&quot;background_video_link&quot;:&quot;https:\\\/\\\/www.youtube.com\\\/watch?v=j7Ca4pWbopM&quot;,&quot;background_video_start&quot;:1,&quot;background_video_end&quot;:3,&quot;background_play_on_mobile&quot;:&quot;yes&quot;}\">\n\t\t\t\t\t\t\t\t<div class=\"elementor-background-video-container\" aria-hidden=\"true\">\n\t\t\t\t\t\t\t\t\t\t\t\t\t<div class=\"elementor-background-video-embed\"><\/div>\n\t\t\t\t\t\t\t\t\t\t\t\t<\/div>\n\t\t\t\t\t\t\t\t<div class=\"elementor-container elementor-column-gap-default\">\n\t\t\t\t\t<div class=\"elementor-column elementor-col-100 elementor-top-column elementor-element elementor-element-f29885a\" data-id=\"f29885a\" data-element_type=\"column\">\n\t\t\t<div class=\"elementor-widget-wrap\">\n\t\t\t\t\t\t\t<\/div>\n\t\t<\/div>\n\t\t\t\t\t<\/div>\n\t\t<\/section>\n\t\t\t\t<section class=\"elementor-section elementor-top-section elementor-element elementor-element-1f7c738 elementor-section-boxed elementor-section-height-default elementor-section-height-default\" data-id=\"1f7c738\" data-element_type=\"section\">\n\t\t\t\t\t\t<div class=\"elementor-container elementor-column-gap-default\">\n\t\t\t\t\t<div class=\"elementor-column elementor-col-100 elementor-top-column elementor-element elementor-element-1008802\" data-id=\"1008802\" data-element_type=\"column\">\n\t\t\t<div class=\"elementor-widget-wrap elementor-element-populated\">\n\t\t\t\t\t\t<section class=\"elementor-section elementor-inner-section elementor-element elementor-element-cf83e3d elementor-section-boxed elementor-section-height-default elementor-section-height-default\" data-id=\"cf83e3d\" data-element_type=\"section\">\n\t\t\t\t\t\t<div class=\"elementor-container elementor-column-gap-default\">\n\t\t\t\t\t<div class=\"elementor-column elementor-col-50 elementor-inner-column elementor-element elementor-element-ed95795\" data-id=\"ed95795\" data-element_type=\"column\">\n\t\t\t<div class=\"elementor-widget-wrap elementor-element-populated\">\n\t\t\t\t\t\t<div class=\"elementor-element elementor-element-12cb002 elementor-widget elementor-widget-image\" data-id=\"12cb002\" data-element_type=\"widget\" data-widget_type=\"image.default\">\n\t\t\t\t<div class=\"elementor-widget-container\">\n\t\t\t\t\t\t\t\t\t\t\t\t\t\t\t\t<a href=\"https:\/\/imaxinaria.afundacion.org\/wp-content\/uploads\/2024\/02\/web-imaxinaria-festival-2024-michaela-pavlatova-by-dalibor-gluck.jpg\" data-elementor-open-lightbox=\"yes\" data-elementor-lightbox-title=\"Afundaci\u00f3n International Animation Festival  - Michaela Pavl\u00e1tov\u00e1 by Dalibor Gl\u00fcck\" data-e-action-hash=\"#elementor-action%3Aaction%3Dlightbox%26settings%3DeyJpZCI6NDI2MSwidXJsIjoiaHR0cHM6XC9cL2ltYXhpbmFyaWEuYWZ1bmRhY2lvbi5vcmdcL3dwLWNvbnRlbnRcL3VwbG9hZHNcLzIwMjRcLzAyXC93ZWItaW1heGluYXJpYS1mZXN0aXZhbC0yMDI0LW1pY2hhZWxhLXBhdmxhdG92YS1ieS1kYWxpYm9yLWdsdWNrLmpwZyJ9\">\n\t\t\t\t\t\t\t<img fetchpriority=\"high\" decoding=\"async\" width=\"800\" height=\"800\" src=\"https:\/\/imaxinaria.afundacion.org\/wp-content\/uploads\/2024\/02\/web-imaxinaria-festival-2024-michaela-pavlatova-by-dalibor-gluck.jpg\" class=\"attachment-full size-full wp-image-4261\" alt=\"\" srcset=\"https:\/\/imaxinaria.afundacion.org\/wp-content\/uploads\/2024\/02\/web-imaxinaria-festival-2024-michaela-pavlatova-by-dalibor-gluck.jpg 800w, https:\/\/imaxinaria.afundacion.org\/wp-content\/uploads\/2024\/02\/web-imaxinaria-festival-2024-michaela-pavlatova-by-dalibor-gluck-300x300.jpg 300w, https:\/\/imaxinaria.afundacion.org\/wp-content\/uploads\/2024\/02\/web-imaxinaria-festival-2024-michaela-pavlatova-by-dalibor-gluck-150x150.jpg 150w, https:\/\/imaxinaria.afundacion.org\/wp-content\/uploads\/2024\/02\/web-imaxinaria-festival-2024-michaela-pavlatova-by-dalibor-gluck-768x768.jpg 768w\" sizes=\"(max-width: 800px) 100vw, 800px\" \/>\t\t\t\t\t\t\t\t<\/a>\n\t\t\t\t\t\t\t\t\t\t\t\t\t\t\t<\/div>\n\t\t\t\t<\/div>\n\t\t\t\t<div class=\"elementor-element elementor-element-71bc120 elementor-widget elementor-widget-text-editor\" data-id=\"71bc120\" data-element_type=\"widget\" data-widget_type=\"text-editor.default\">\n\t\t\t\t<div class=\"elementor-widget-container\">\n\t\t\t\t\t\t\t\t\t<p>Michaela Pavl\u00e1tov\u00e1 by Dalibor Gl\u00fcck<\/p>\n\t\t\t\t\t\t\t\t<\/div>\n\t\t\t\t<\/div>\n\t\t\t\t\t<\/div>\n\t\t<\/div>\n\t\t\t\t<div class=\"elementor-column elementor-col-50 elementor-inner-column elementor-element elementor-element-d1b5565\" data-id=\"d1b5565\" data-element_type=\"column\">\n\t\t\t<div class=\"elementor-widget-wrap elementor-element-populated\">\n\t\t\t\t\t\t<div class=\"elementor-element elementor-element-ee145ad elementor-widget elementor-widget-heading\" data-id=\"ee145ad\" data-element_type=\"widget\" data-widget_type=\"heading.default\">\n\t\t\t\t<div class=\"elementor-widget-container\">\n\t\t\t\t\t<h2 class=\"elementor-heading-title elementor-size-default\">MICHAELA PAVL\u00c1TOV\u00c1\u00a0 (Praga, 1961)<\/h2>\t\t\t\t<\/div>\n\t\t\t\t<\/div>\n\t\t\t\t<div class=\"elementor-element elementor-element-476cfa1 elementor-widget elementor-widget-text-editor\" data-id=\"476cfa1\" data-element_type=\"widget\" data-widget_type=\"text-editor.default\">\n\t\t\t\t<div class=\"elementor-widget-container\">\n\t\t\t\t\t\t\t\t\tThe director, animator, illustrator, and Czech actress, Michaela Pavl\u00e1tov\u00e1, is a reference in international animation. Her animated short films have received numerous awards at international film festivals, including the Annecy Crystal, the Golden Bear at the Berlinale, and the Grand Prize at the Hiroshima International Animation Festival, as well as an Oscar nomination. In 2021, she completed her first animated feature film, My Sunny Maad, which was awarded at Annecy, Guadalajara, and won the C\u00e9sar Award for Best Animated Film, as well as being nominated for the 2022 Golden Globes. As an experimental feminist animator, Michaela&#8217;s work explores themes related to sex, gender, philosophy, and human relationships, always using her unmistakable graphic style and sense of humor.<br><br>Michaela Pavl\u00e1tov\u00e1 is Director of the Animation Department of FAMU (Academy of Performing Arts, Film and TV School of Prague), she also taught at VSUP (Academy of Arts, Architecture, and Design in Prague), and abroad, in San Francisco (Academy of Art College, Computer Arts Institute, CCAC), and at Harvard University. She is currently working on a new animated feature, Night Tram, featuring the main protagonist from her short film, Tram.\t\t\t\t\t\t\t\t<\/div>\n\t\t\t\t<\/div>\n\t\t\t\t\t<\/div>\n\t\t<\/div>\n\t\t\t\t\t<\/div>\n\t\t<\/section>\n\t\t\t\t\t<\/div>\n\t\t<\/div>\n\t\t\t\t\t<\/div>\n\t\t<\/section>\n\t\t\t\t<\/div>\n\t\t","protected":false},"excerpt":{"rendered":"<p>Michaela Pavl\u00e1tov\u00e1 by Dalibor Gl\u00fcck MICHAELA PAVL\u00c1TOV\u00c1\u00a0 (Praga, 1961) The director, animator, illustrator, and Czech actress, Michaela Pavl\u00e1tov\u00e1, is a reference in international animation. Her animated short films have received numerous awards at international film festivals, including the Annecy Crystal, the Golden Bear at the Berlinale, and the Grand Prize at the Hiroshima International Animation [&hellip;]<\/p>\n","protected":false},"author":2,"featured_media":0,"parent":0,"menu_order":0,"comment_status":"closed","ping_status":"closed","template":"","meta":{"footnotes":""},"class_list":["post-5694","page","type-page","status-publish","hentry"],"_links":{"self":[{"href":"https:\/\/imaxinaria.afundacion.org\/en\/wp-json\/wp\/v2\/pages\/5694","targetHints":{"allow":["GET"]}}],"collection":[{"href":"https:\/\/imaxinaria.afundacion.org\/en\/wp-json\/wp\/v2\/pages"}],"about":[{"href":"https:\/\/imaxinaria.afundacion.org\/en\/wp-json\/wp\/v2\/types\/page"}],"author":[{"embeddable":true,"href":"https:\/\/imaxinaria.afundacion.org\/en\/wp-json\/wp\/v2\/users\/2"}],"replies":[{"embeddable":true,"href":"https:\/\/imaxinaria.afundacion.org\/en\/wp-json\/wp\/v2\/comments?post=5694"}],"version-history":[{"count":4,"href":"https:\/\/imaxinaria.afundacion.org\/en\/wp-json\/wp\/v2\/pages\/5694\/revisions"}],"predecessor-version":[{"id":10766,"href":"https:\/\/imaxinaria.afundacion.org\/en\/wp-json\/wp\/v2\/pages\/5694\/revisions\/10766"}],"wp:attachment":[{"href":"https:\/\/imaxinaria.afundacion.org\/en\/wp-json\/wp\/v2\/media?parent=5694"}],"curies":[{"name":"wp","href":"https:\/\/api.w.org\/{rel}","templated":true}]}}