{"id":5696,"date":"2023-04-11T08:01:20","date_gmt":"2023-04-11T08:01:20","guid":{"rendered":"https:\/\/imaxinaria.afundacion.org\/nuno-beato\/"},"modified":"2026-02-25T17:02:32","modified_gmt":"2026-02-25T17:02:32","slug":"nuno-beato","status":"publish","type":"page","link":"https:\/\/imaxinaria.afundacion.org\/en\/nuno-beato\/","title":{"rendered":"Nuno Beato"},"content":{"rendered":"\t\t<div data-elementor-type=\"wp-page\" data-elementor-id=\"5696\" class=\"elementor elementor-5696 elementor-1672\" data-elementor-post-type=\"page\">\n\t\t\t\t\t\t<section class=\"elementor-section elementor-top-section elementor-element elementor-element-c4dff42 elementor-section-full_width elementor-section-height-min-height elementor-section-height-default elementor-section-items-middle\" data-id=\"c4dff42\" data-element_type=\"section\" data-settings=\"{&quot;background_background&quot;:&quot;video&quot;,&quot;background_video_link&quot;:&quot;https:\\\/\\\/www.youtube.com\\\/watch?v=SC9sFofoR1w&quot;,&quot;background_video_start&quot;:2,&quot;background_video_end&quot;:3.20000000000000017763568394002504646778106689453125}\">\n\t\t\t\t\t\t\t\t<div class=\"elementor-background-video-container elementor-hidden-mobile\" aria-hidden=\"true\">\n\t\t\t\t\t\t\t\t\t\t\t\t\t<div class=\"elementor-background-video-embed\"><\/div>\n\t\t\t\t\t\t\t\t\t\t\t\t<\/div>\n\t\t\t\t\t\t\t\t<div class=\"elementor-container elementor-column-gap-default\">\n\t\t\t\t\t<div class=\"elementor-column elementor-col-100 elementor-top-column elementor-element elementor-element-461634d\" data-id=\"461634d\" data-element_type=\"column\">\n\t\t\t<div class=\"elementor-widget-wrap\">\n\t\t\t\t\t\t\t<\/div>\n\t\t<\/div>\n\t\t\t\t\t<\/div>\n\t\t<\/section>\n\t\t\t\t<section class=\"elementor-section elementor-top-section elementor-element elementor-element-1f7c738 elementor-section-boxed elementor-section-height-default elementor-section-height-default\" data-id=\"1f7c738\" data-element_type=\"section\">\n\t\t\t\t\t\t<div class=\"elementor-container elementor-column-gap-default\">\n\t\t\t\t\t<div class=\"elementor-column elementor-col-100 elementor-top-column elementor-element elementor-element-1008802\" data-id=\"1008802\" data-element_type=\"column\">\n\t\t\t<div class=\"elementor-widget-wrap elementor-element-populated\">\n\t\t\t\t\t\t<section class=\"elementor-section elementor-inner-section elementor-element elementor-element-cf83e3d elementor-section-boxed elementor-section-height-default elementor-section-height-default\" data-id=\"cf83e3d\" data-element_type=\"section\">\n\t\t\t\t\t\t<div class=\"elementor-container elementor-column-gap-default\">\n\t\t\t\t\t<div class=\"elementor-column elementor-col-50 elementor-inner-column elementor-element elementor-element-ed95795\" data-id=\"ed95795\" data-element_type=\"column\">\n\t\t\t<div class=\"elementor-widget-wrap elementor-element-populated\">\n\t\t\t\t\t\t<div class=\"elementor-element elementor-element-e623527 elementor-widget elementor-widget-heading\" data-id=\"e623527\" data-element_type=\"widget\" data-widget_type=\"heading.default\">\n\t\t\t\t<div class=\"elementor-widget-container\">\n\t\t\t\t\t<h2 class=\"elementor-heading-title elementor-size-default\">Nuno Beato<\/h2>\t\t\t\t<\/div>\n\t\t\t\t<\/div>\n\t\t\t\t<div class=\"elementor-element elementor-element-12cb002 elementor-widget elementor-widget-image\" data-id=\"12cb002\" data-element_type=\"widget\" data-widget_type=\"image.default\">\n\t\t\t\t<div class=\"elementor-widget-container\">\n\t\t\t\t\t\t\t\t\t\t\t\t\t\t\t\t<a href=\"https:\/\/imaxinaria.afundacion.org\/wp-content\/uploads\/2023\/04\/web-imaxinaria-festival-2023-jurado-nuno-beato.jpg\" data-elementor-open-lightbox=\"yes\" data-elementor-lightbox-title=\"Afundaci\u00f3n International Animation Festival - Nuno Lisboa\" data-e-action-hash=\"#elementor-action%3Aaction%3Dlightbox%26settings%3DeyJpZCI6NTY1NSwidXJsIjoiaHR0cHM6XC9cL2ltYXhpbmFyaWEuYWZ1bmRhY2lvbi5vcmdcL3dwLWNvbnRlbnRcL3VwbG9hZHNcLzIwMjNcLzA0XC93ZWItaW1heGluYXJpYS1mZXN0aXZhbC0yMDIzLWp1cmFkby1udW5vLWJlYXRvLmpwZyJ9\">\n\t\t\t\t\t\t\t<img fetchpriority=\"high\" decoding=\"async\" width=\"800\" height=\"800\" src=\"https:\/\/imaxinaria.afundacion.org\/wp-content\/uploads\/2023\/04\/web-imaxinaria-festival-2023-jurado-nuno-beato.jpg\" class=\"attachment-full size-full wp-image-5655\" alt=\"\" srcset=\"https:\/\/imaxinaria.afundacion.org\/wp-content\/uploads\/2023\/04\/web-imaxinaria-festival-2023-jurado-nuno-beato.jpg 800w, https:\/\/imaxinaria.afundacion.org\/wp-content\/uploads\/2023\/04\/web-imaxinaria-festival-2023-jurado-nuno-beato-300x300.jpg 300w, https:\/\/imaxinaria.afundacion.org\/wp-content\/uploads\/2023\/04\/web-imaxinaria-festival-2023-jurado-nuno-beato-150x150.jpg 150w, https:\/\/imaxinaria.afundacion.org\/wp-content\/uploads\/2023\/04\/web-imaxinaria-festival-2023-jurado-nuno-beato-768x768.jpg 768w\" sizes=\"(max-width: 800px) 100vw, 800px\" \/>\t\t\t\t\t\t\t\t<\/a>\n\t\t\t\t\t\t\t\t\t\t\t\t\t\t\t<\/div>\n\t\t\t\t<\/div>\n\t\t\t\t<div class=\"elementor-element elementor-element-71bc120 elementor-widget elementor-widget-text-editor\" data-id=\"71bc120\" data-element_type=\"widget\" data-widget_type=\"text-editor.default\">\n\t\t\t\t<div class=\"elementor-widget-container\">\n\t\t\t\t\t\t\t\t\t<p>Courtesy of Nuno Beato<\/p>\n\t\t\t\t\t\t\t\t<\/div>\n\t\t\t\t<\/div>\n\t\t\t\t\t<\/div>\n\t\t<\/div>\n\t\t\t\t<div class=\"elementor-column elementor-col-50 elementor-inner-column elementor-element elementor-element-d1b5565\" data-id=\"d1b5565\" data-element_type=\"column\">\n\t\t\t<div class=\"elementor-widget-wrap elementor-element-populated\">\n\t\t\t\t\t\t<div class=\"elementor-element elementor-element-476cfa1 elementor-widget elementor-widget-text-editor\" data-id=\"476cfa1\" data-element_type=\"widget\" data-widget_type=\"text-editor.default\">\n\t\t\t\t<div class=\"elementor-widget-container\">\n\t\t\t\t\t\t\t\t\t<p>Nuno Beato (Lisbon, 1977) is a director, screenwriter and producer. In 1998 he created the animation company Lampadacesa, where he directed his first short films <strong><em>Manos<\/em> <\/strong>(2000) and <em><strong>H\u00edssis<\/strong><\/em> (2003), among other advertising works. After this experience, he founded the production company Sardinha em Lata in 2007, developing his new productions ever since. The first work made in this company was the short film <em><strong>My Life in Your Hands<\/strong><\/em> (2009), with which it achieved nearly 100 selections at festivals around the world.<\/p>\n<p>As producer of Sardinha em Lata, he made classic Portuguese animation titles such as <strong><em>Os olhos do farol<\/em><\/strong> (2010) by Pedro Serrazina, <strong><em>Viagem a Cabo Verde<\/em><\/strong> (2010) by Jos\u00e9 Miguel Ribeiro and <strong><em>O sapateiro<\/em><\/strong> (2012), the first short film by David Doutel and Vasco S\u00e1. During these years he also directed the animated television series <strong><em>Ema &amp; Gui<\/em><\/strong> (2010), shown in Portugal, Spain, Italy, Finland, South Korea and Argentina. In recent times, the company has contributed hits such as <em><strong>A menina parada<\/strong><\/em> (2021) by Joana Toste, <em><strong>The Monkey<\/strong> <\/em>(2021) by Xos\u00e9 Manuel Zapata and Lorenzo Degl&#8217;Innocenti or <em><strong>Degelo<\/strong><\/em> (2022) by newcomers Susana Miguel Ant\u00f3nio and Filipa Gomes da Costa .<\/p>\n<p>He has combined his creative side with teaching in various Portuguese institutions since 2002. He is currently a professor of animation at the Universidade Lus\u00f3fona (Lisbon), as well as head of the design subject at ISEC Lisboa, the Instituto Superior de Educa\u00e7\u00e3o e Ci\u00eancias .<\/p>\n<p>He has just completed his first animated feature film <em><strong>Os Dem\u00f3nios do Meu Av\u00f4<\/strong><\/em> (The Mud Demons, 2022), a Portuguese co-production with Galicia and France. This production had its world premiere at the Annecy Animation Festival, followed by new selections around the world. It was awarded the Grand Prize for best feature film at the Cinanima festival (Espinho), the Special Jury Prize at Monstra (Lisbon), in addition to achieving the nomination for best animation at the latest edition of the Goya Awards.<\/p>\n\t\t\t\t\t\t\t\t<\/div>\n\t\t\t\t<\/div>\n\t\t\t\t\t<\/div>\n\t\t<\/div>\n\t\t\t\t\t<\/div>\n\t\t<\/section>\n\t\t\t\t\t<\/div>\n\t\t<\/div>\n\t\t\t\t\t<\/div>\n\t\t<\/section>\n\t\t\t\t<\/div>\n\t\t","protected":false},"excerpt":{"rendered":"<p>Nuno Beato Courtesy of Nuno Beato Nuno Beato (Lisbon, 1977) is a director, screenwriter and producer. In 1998 he created the animation company Lampadacesa, where he directed his first short films Manos (2000) and H\u00edssis (2003), among other advertising works. After this experience, he founded the production company Sardinha em Lata in 2007, developing his [&hellip;]<\/p>\n","protected":false},"author":2,"featured_media":0,"parent":0,"menu_order":0,"comment_status":"closed","ping_status":"closed","template":"","meta":{"footnotes":""},"class_list":["post-5696","page","type-page","status-publish","hentry"],"_links":{"self":[{"href":"https:\/\/imaxinaria.afundacion.org\/en\/wp-json\/wp\/v2\/pages\/5696","targetHints":{"allow":["GET"]}}],"collection":[{"href":"https:\/\/imaxinaria.afundacion.org\/en\/wp-json\/wp\/v2\/pages"}],"about":[{"href":"https:\/\/imaxinaria.afundacion.org\/en\/wp-json\/wp\/v2\/types\/page"}],"author":[{"embeddable":true,"href":"https:\/\/imaxinaria.afundacion.org\/en\/wp-json\/wp\/v2\/users\/2"}],"replies":[{"embeddable":true,"href":"https:\/\/imaxinaria.afundacion.org\/en\/wp-json\/wp\/v2\/comments?post=5696"}],"version-history":[{"count":2,"href":"https:\/\/imaxinaria.afundacion.org\/en\/wp-json\/wp\/v2\/pages\/5696\/revisions"}],"predecessor-version":[{"id":10774,"href":"https:\/\/imaxinaria.afundacion.org\/en\/wp-json\/wp\/v2\/pages\/5696\/revisions\/10774"}],"wp:attachment":[{"href":"https:\/\/imaxinaria.afundacion.org\/en\/wp-json\/wp\/v2\/media?parent=5696"}],"curies":[{"name":"wp","href":"https:\/\/api.w.org\/{rel}","templated":true}]}}