{"id":6403,"date":"2025-02-06T10:35:43","date_gmt":"2025-02-06T10:35:43","guid":{"rendered":"https:\/\/imaxinaria.afundacion.org\/?page_id=6403"},"modified":"2026-02-23T22:03:03","modified_gmt":"2026-02-23T22:03:03","slug":"boris-labbe","status":"publish","type":"page","link":"https:\/\/imaxinaria.afundacion.org\/en\/boris-labbe\/","title":{"rendered":"Boris Labb\u00e9"},"content":{"rendered":"\t\t<div data-elementor-type=\"wp-page\" data-elementor-id=\"6403\" class=\"elementor elementor-6403 elementor-6402\" data-elementor-post-type=\"page\">\n\t\t\t\t\t\t<section class=\"elementor-section elementor-top-section elementor-element elementor-element-c62f706 elementor-section-full_width elementor-section-height-min-height elementor-section-height-default elementor-section-items-middle\" data-id=\"c62f706\" data-element_type=\"section\" data-settings=\"{&quot;background_background&quot;:&quot;video&quot;,&quot;background_video_link&quot;:&quot;https:\\\/\\\/youtu.be\\\/wK686HNh2W0&quot;,&quot;background_video_start&quot;:0,&quot;background_video_end&quot;:16,&quot;background_play_on_mobile&quot;:&quot;yes&quot;}\">\n\t\t\t\t\t\t\t\t<div class=\"elementor-background-video-container\" aria-hidden=\"true\">\n\t\t\t\t\t\t\t\t\t\t\t\t\t<div class=\"elementor-background-video-embed\"><\/div>\n\t\t\t\t\t\t\t\t\t\t\t\t<\/div>\n\t\t\t\t\t\t\t\t<div class=\"elementor-container elementor-column-gap-default\">\n\t\t\t\t\t<div class=\"elementor-column elementor-col-100 elementor-top-column elementor-element elementor-element-6deecf6\" data-id=\"6deecf6\" data-element_type=\"column\">\n\t\t\t<div class=\"elementor-widget-wrap\">\n\t\t\t\t\t\t\t<\/div>\n\t\t<\/div>\n\t\t\t\t\t<\/div>\n\t\t<\/section>\n\t\t\t\t<section class=\"elementor-section elementor-top-section elementor-element elementor-element-92d185b elementor-section-height-min-height elementor-section-boxed elementor-section-height-default elementor-section-items-middle\" data-id=\"92d185b\" data-element_type=\"section\">\n\t\t\t\t\t\t<div class=\"elementor-container elementor-column-gap-default\">\n\t\t\t\t\t<div class=\"elementor-column elementor-col-100 elementor-top-column elementor-element elementor-element-c710d02\" data-id=\"c710d02\" data-element_type=\"column\">\n\t\t\t<div class=\"elementor-widget-wrap elementor-element-populated\">\n\t\t\t\t\t\t<section class=\"elementor-section elementor-inner-section elementor-element elementor-element-4d9a4e0 elementor-section-boxed elementor-section-height-default elementor-section-height-default\" data-id=\"4d9a4e0\" data-element_type=\"section\">\n\t\t\t\t\t\t<div class=\"elementor-container elementor-column-gap-default\">\n\t\t\t\t\t<div class=\"elementor-column elementor-col-50 elementor-inner-column elementor-element elementor-element-4331d45\" data-id=\"4331d45\" data-element_type=\"column\">\n\t\t\t<div class=\"elementor-widget-wrap elementor-element-populated\">\n\t\t\t\t\t\t<div class=\"elementor-element elementor-element-fe1f954 elementor-widget elementor-widget-image\" data-id=\"fe1f954\" data-element_type=\"widget\" data-widget_type=\"image.default\">\n\t\t\t\t<div class=\"elementor-widget-container\">\n\t\t\t\t\t\t\t\t\t\t\t\t\t\t\t\t<a href=\"https:\/\/imaxinaria.afundacion.org\/wp-content\/uploads\/2025\/02\/web-imaxinaria-festival-2025-invitados-boris-labbe-2.jpg\" data-elementor-open-lightbox=\"yes\" data-elementor-lightbox-title=\"Boris Labbe\" data-e-action-hash=\"#elementor-action%3Aaction%3Dlightbox%26settings%3DeyJpZCI6NjYyNSwidXJsIjoiaHR0cHM6XC9cL2ltYXhpbmFyaWEuYWZ1bmRhY2lvbi5vcmdcL3dwLWNvbnRlbnRcL3VwbG9hZHNcLzIwMjVcLzAyXC93ZWItaW1heGluYXJpYS1mZXN0aXZhbC0yMDI1LWludml0YWRvcy1ib3Jpcy1sYWJiZS0yLmpwZyJ9\">\n\t\t\t\t\t\t\t<img fetchpriority=\"high\" decoding=\"async\" width=\"800\" height=\"800\" src=\"https:\/\/imaxinaria.afundacion.org\/wp-content\/uploads\/2025\/02\/web-imaxinaria-festival-2025-invitados-boris-labbe-2.jpg\" class=\"attachment-full size-full wp-image-6625\" alt=\"\" srcset=\"https:\/\/imaxinaria.afundacion.org\/wp-content\/uploads\/2025\/02\/web-imaxinaria-festival-2025-invitados-boris-labbe-2.jpg 800w, https:\/\/imaxinaria.afundacion.org\/wp-content\/uploads\/2025\/02\/web-imaxinaria-festival-2025-invitados-boris-labbe-2-300x300.jpg 300w, https:\/\/imaxinaria.afundacion.org\/wp-content\/uploads\/2025\/02\/web-imaxinaria-festival-2025-invitados-boris-labbe-2-150x150.jpg 150w, https:\/\/imaxinaria.afundacion.org\/wp-content\/uploads\/2025\/02\/web-imaxinaria-festival-2025-invitados-boris-labbe-2-768x768.jpg 768w\" sizes=\"(max-width: 800px) 100vw, 800px\" \/>\t\t\t\t\t\t\t\t<\/a>\n\t\t\t\t\t\t\t\t\t\t\t\t\t\t\t<\/div>\n\t\t\t\t<\/div>\n\t\t\t\t<div class=\"elementor-element elementor-element-467eaa9 elementor-widget elementor-widget-text-editor\" data-id=\"467eaa9\" data-element_type=\"widget\" data-widget_type=\"text-editor.default\">\n\t\t\t\t<div class=\"elementor-widget-container\">\n\t\t\t\t\t\t\t\t\t<p>Courtesy of Boris Labb\u00e9<\/p>\n\t\t\t\t\t\t\t\t<\/div>\n\t\t\t\t<\/div>\n\t\t\t\t\t<\/div>\n\t\t<\/div>\n\t\t\t\t<div class=\"elementor-column elementor-col-50 elementor-inner-column elementor-element elementor-element-336bbea\" data-id=\"336bbea\" data-element_type=\"column\">\n\t\t\t<div class=\"elementor-widget-wrap elementor-element-populated\">\n\t\t\t\t\t\t<div class=\"elementor-element elementor-element-5d11d53 elementor-widget elementor-widget-heading\" data-id=\"5d11d53\" data-element_type=\"widget\" data-widget_type=\"heading.default\">\n\t\t\t\t<div class=\"elementor-widget-container\">\n\t\t\t\t\t<h2 class=\"elementor-heading-title elementor-size-default\">BORIS LABB\u00c9<\/h2>\t\t\t\t<\/div>\n\t\t\t\t<\/div>\n\t\t\t\t<div class=\"elementor-element elementor-element-d41b45a elementor-widget elementor-widget-text-editor\" data-id=\"d41b45a\" data-element_type=\"widget\" data-widget_type=\"text-editor.default\">\n\t\t\t\t<div class=\"elementor-widget-container\">\n\t\t\t\t\t\t\t\t\tBorn in 1987 in France, Boris Labb\u00e9 is a filmmaker and artist renowned for blending digital and traditional animation techniques. His work questions representation, featuring narratives open to the viewer&#8217;s interpretation, using repetitions, collages, metamorphoses, and perpetual movements, with frequent references to art history, literature, and philosophy.<br><br>He studied Contemporary Art and Animation in France and participated in several artistic residencies in places like Casa Vel\u00e1zquez in Madrid and the Cin\u00e9math\u00e8que Qu\u00e9b\u00e9coise in Montreal. His works have been showcased at international festivals such as Cannes, Annecy, and Clermont-Ferrand, earning him more than 50 awards and distinctions, including the Grand Prize at the Taichung Animation Festival and the Animafest Zagreb. Since 2014, he has collaborated with Sacrebleu Productions and is represented by re.riddle (San Francisco) and Miyu (Paris). In 2020, he worked with choreographer Angelin Preljocaj on the scenography for Swan Lake. His short film The Fall, internationally acclaimed, was selected for the 57th Critics&#8217; Week at the Cannes Film Festival and won the FIPRESCI award at the Annecy Festival.<br><br>Currently, his work continues to push the boundaries of traditional cinema, incorporating audiovisual installations and concerts.\t\t\t\t\t\t\t\t<\/div>\n\t\t\t\t<\/div>\n\t\t\t\t\t<\/div>\n\t\t<\/div>\n\t\t\t\t\t<\/div>\n\t\t<\/section>\n\t\t\t\t\t<\/div>\n\t\t<\/div>\n\t\t\t\t\t<\/div>\n\t\t<\/section>\n\t\t\t\t<\/div>\n\t\t","protected":false},"excerpt":{"rendered":"<p>Courtesy of Boris Labb\u00e9 BORIS LABB\u00c9 Born in 1987 in France, Boris Labb\u00e9 is a filmmaker and artist renowned for blending digital and traditional animation techniques. His work questions representation, featuring narratives open to the viewer&#8217;s interpretation, using repetitions, collages, metamorphoses, and perpetual movements, with frequent references to art history, literature, and philosophy. He studied [&hellip;]<\/p>\n","protected":false},"author":2,"featured_media":0,"parent":0,"menu_order":0,"comment_status":"closed","ping_status":"closed","template":"","meta":{"footnotes":""},"class_list":["post-6403","page","type-page","status-publish","hentry"],"_links":{"self":[{"href":"https:\/\/imaxinaria.afundacion.org\/en\/wp-json\/wp\/v2\/pages\/6403","targetHints":{"allow":["GET"]}}],"collection":[{"href":"https:\/\/imaxinaria.afundacion.org\/en\/wp-json\/wp\/v2\/pages"}],"about":[{"href":"https:\/\/imaxinaria.afundacion.org\/en\/wp-json\/wp\/v2\/types\/page"}],"author":[{"embeddable":true,"href":"https:\/\/imaxinaria.afundacion.org\/en\/wp-json\/wp\/v2\/users\/2"}],"replies":[{"embeddable":true,"href":"https:\/\/imaxinaria.afundacion.org\/en\/wp-json\/wp\/v2\/comments?post=6403"}],"version-history":[{"count":6,"href":"https:\/\/imaxinaria.afundacion.org\/en\/wp-json\/wp\/v2\/pages\/6403\/revisions"}],"predecessor-version":[{"id":10125,"href":"https:\/\/imaxinaria.afundacion.org\/en\/wp-json\/wp\/v2\/pages\/6403\/revisions\/10125"}],"wp:attachment":[{"href":"https:\/\/imaxinaria.afundacion.org\/en\/wp-json\/wp\/v2\/media?parent=6403"}],"curies":[{"name":"wp","href":"https:\/\/api.w.org\/{rel}","templated":true}]}}