{"id":10325,"date":"2026-02-23T23:57:05","date_gmt":"2026-02-23T23:57:05","guid":{"rendered":"https:\/\/imaxinaria.afundacion.org\/alex-rey\/"},"modified":"2026-02-25T11:19:20","modified_gmt":"2026-02-25T11:19:20","slug":"alex-rey","status":"publish","type":"page","link":"https:\/\/imaxinaria.afundacion.org\/gl\/alex-rey\/","title":{"rendered":"Alex Rey"},"content":{"rendered":"\t\t<div data-elementor-type=\"wp-page\" data-elementor-id=\"10325\" class=\"elementor elementor-10325 elementor-10233\" data-elementor-post-type=\"page\">\n\t\t\t\t\t\t<section class=\"elementor-section elementor-top-section elementor-element elementor-element-6668692 elementor-section-full_width elementor-section-height-min-height elementor-section-height-default elementor-section-items-middle\" data-id=\"6668692\" data-element_type=\"section\" data-settings=\"{&quot;background_background&quot;:&quot;video&quot;,&quot;background_video_link&quot;:&quot;https:\\\/\\\/www.youtube.com\\\/watch?v=Lv0PnoWu8_4&quot;,&quot;background_video_start&quot;:0,&quot;background_video_end&quot;:6.0999999999999996447286321199499070644378662109375,&quot;background_play_on_mobile&quot;:&quot;yes&quot;}\">\n\t\t\t\t\t\t\t\t<div class=\"elementor-background-video-container\" aria-hidden=\"true\">\n\t\t\t\t\t\t\t\t\t\t\t\t\t<div class=\"elementor-background-video-embed\"><\/div>\n\t\t\t\t\t\t\t\t\t\t\t\t<\/div>\n\t\t\t\t\t\t\t\t<div class=\"elementor-container elementor-column-gap-default\">\n\t\t\t\t\t<div class=\"elementor-column elementor-col-100 elementor-top-column elementor-element elementor-element-2b4f076\" data-id=\"2b4f076\" data-element_type=\"column\">\n\t\t\t<div class=\"elementor-widget-wrap\">\n\t\t\t\t\t\t\t<\/div>\n\t\t<\/div>\n\t\t\t\t\t<\/div>\n\t\t<\/section>\n\t\t<div class=\"elementor-element elementor-element-a40d7b2 e-flex e-con-boxed e-con e-parent\" data-id=\"a40d7b2\" data-element_type=\"container\">\n\t\t\t\t\t<div class=\"e-con-inner\">\n\t\t<div class=\"elementor-element elementor-element-4ebfdf9 e-con-full e-flex e-con e-child\" data-id=\"4ebfdf9\" data-element_type=\"container\">\n\t\t\t\t<div class=\"elementor-element elementor-element-82040e1 elementor-widget elementor-widget-image\" data-id=\"82040e1\" data-element_type=\"widget\" data-widget_type=\"image.default\">\n\t\t\t\t<div class=\"elementor-widget-container\">\n\t\t\t\t\t\t\t\t\t\t\t\t\t\t\t\t<a href=\"https:\/\/imaxinaria.afundacion.org\/wp-content\/uploads\/2026\/02\/web-imaxinaria-festival-2026-invitados-alex-rey-2.jpg\" data-elementor-open-lightbox=\"yes\" data-elementor-lightbox-title=\"Web Imaxinaria Festival 2026 Invitados Alex Rey 2\" data-e-action-hash=\"#elementor-action%3Aaction%3Dlightbox%26settings%3DeyJpZCI6MTAwODYsInVybCI6Imh0dHBzOlwvXC9pbWF4aW5hcmlhLmFmdW5kYWNpb24ub3JnXC93cC1jb250ZW50XC91cGxvYWRzXC8yMDI2XC8wMlwvd2ViLWltYXhpbmFyaWEtZmVzdGl2YWwtMjAyNi1pbnZpdGFkb3MtYWxleC1yZXktMi5qcGcifQ%3D%3D\">\n\t\t\t\t\t\t\t<img fetchpriority=\"high\" decoding=\"async\" width=\"800\" height=\"800\" src=\"https:\/\/imaxinaria.afundacion.org\/wp-content\/uploads\/2026\/02\/web-imaxinaria-festival-2026-invitados-alex-rey-2.jpg\" class=\"attachment-full size-full wp-image-10086\" alt=\"\" srcset=\"https:\/\/imaxinaria.afundacion.org\/wp-content\/uploads\/2026\/02\/web-imaxinaria-festival-2026-invitados-alex-rey-2.jpg 800w, https:\/\/imaxinaria.afundacion.org\/wp-content\/uploads\/2026\/02\/web-imaxinaria-festival-2026-invitados-alex-rey-2-300x300.jpg 300w, https:\/\/imaxinaria.afundacion.org\/wp-content\/uploads\/2026\/02\/web-imaxinaria-festival-2026-invitados-alex-rey-2-150x150.jpg 150w, https:\/\/imaxinaria.afundacion.org\/wp-content\/uploads\/2026\/02\/web-imaxinaria-festival-2026-invitados-alex-rey-2-768x768.jpg 768w\" sizes=\"(max-width: 800px) 100vw, 800px\" \/>\t\t\t\t\t\t\t\t<\/a>\n\t\t\t\t\t\t\t\t\t\t\t\t\t\t\t<\/div>\n\t\t\t\t<\/div>\n\t\t\t\t<div class=\"elementor-element elementor-element-b54de10 elementor-widget elementor-widget-text-editor\" data-id=\"b54de10\" data-element_type=\"widget\" data-widget_type=\"text-editor.default\">\n\t\t\t\t<div class=\"elementor-widget-container\">\n\t\t\t\t\t\t\t\t\t<p>Cedida por Alex Rey<\/p>\n\t\t\t\t\t\t\t\t<\/div>\n\t\t\t\t<\/div>\n\t\t\t\t<\/div>\n\t\t<div class=\"elementor-element elementor-element-38f9841 e-con-full e-flex e-con e-child\" data-id=\"38f9841\" data-element_type=\"container\">\n\t\t<div class=\"elementor-element elementor-element-24599fb e-con-full e-flex e-con e-child\" data-id=\"24599fb\" data-element_type=\"container\">\n\t\t\t\t<div class=\"elementor-element elementor-element-9c1f5f9 elementor-widget elementor-widget-heading\" data-id=\"9c1f5f9\" data-element_type=\"widget\" data-widget_type=\"heading.default\">\n\t\t\t\t<div class=\"elementor-widget-container\">\n\t\t\t\t\t<h2 class=\"elementor-heading-title elementor-size-default\">ALEX REY<\/h2>\t\t\t\t<\/div>\n\t\t\t\t<\/div>\n\t\t\t\t<div class=\"elementor-element elementor-element-d6c7d4c elementor-widget elementor-widget-text-editor\" data-id=\"d6c7d4c\" data-element_type=\"widget\" data-widget_type=\"text-editor.default\">\n\t\t\t\t<div class=\"elementor-widget-container\">\n\t\t\t\t\t\t\t\t\t<p>Alex Rey \u00e9 director de cinema de animaci\u00f3n, guionista e dese\u00f1ador. Formouse na EASDA (Escola de Arte e Dese\u00f1o) e na EISV (Vigo) como realizador de cine e televisi\u00f3n. Desde ent\u00f3n, orientou a s\u00faa carreira cara \u00e1 animaci\u00f3n de autor, desenvolvendo un estilo propio baseado na experimentaci\u00f3n, a liberdade creativa e unha est\u00e9tica artesanal. Combina s\u00e1tira, humor absurdo e cr\u00edtica social, empregando t\u00e9cnicas mixtas \u2014debuxo manual, animaci\u00f3n 2D e animaci\u00f3n limitada\u2014 e constru\u00edndo un universo visual persoal.<\/p>\n<p>Na s\u00faa traxectoria destacan varios curtametraxes, entre eles La incre\u00edble vacuna del Doctor Dickinson (2020), Phonorama (2022) e Periquitos (2024), obras que reflicten o seu interese por relatos absurdos, situaci\u00f3ns l\u00edmite e unha ollada ir\u00f3nica sobre a realidade. Nos \u00faltimos anos acadou numerosas selecci\u00f3ns e varios premios en festivais de prestixio, como o NotodofilmFest e o Festival de Cine de M\u00e1laga, reforzando a s\u00faa presenza no panorama estatal da animaci\u00f3n independente. En 2025 obtivo un novo reco\u00f1ecemento destacado: o seu curtametraxe Pobre Marciano foi premiado en Ottawa, un logro recente que demostra o alcance internacional da s\u00faa proposta creativa.<\/p>\n<p>Na pasada edici\u00f3n de IMAXINARIA recibiu o Premio do P\u00fablico pola s\u00faa obra Periquitos.<\/p>\n\t\t\t\t\t\t\t\t<\/div>\n\t\t\t\t<\/div>\n\t\t\t\t<div class=\"elementor-element elementor-element-892a094 elementor-mobile-align-center elementor-icon-list--layout-traditional elementor-list-item-link-full_width elementor-widget elementor-widget-icon-list\" data-id=\"892a094\" data-element_type=\"widget\" data-widget_type=\"icon-list.default\">\n\t\t\t\t<div class=\"elementor-widget-container\">\n\t\t\t\t\t\t\t<ul class=\"elementor-icon-list-items\">\n\t\t\t\t\t\t\t<li class=\"elementor-icon-list-item\">\n\t\t\t\t\t\t\t\t\t\t\t<a href=\"https:\/\/imaxinaria.afundacion.org\/gl\/foco-indie\/\">\n\n\t\t\t\t\t\t\t\t\t\t\t\t<span class=\"elementor-icon-list-icon\">\n\t\t\t\t\t\t\t<i aria-hidden=\"true\" class=\"fas fa-check\"><\/i>\t\t\t\t\t\t<\/span>\n\t\t\t\t\t\t\t\t\t\t<span class=\"elementor-icon-list-text\">Foco Indie<\/span>\n\t\t\t\t\t\t\t\t\t\t\t<\/a>\n\t\t\t\t\t\t\t\t\t<\/li>\n\t\t\t\t\t\t<\/ul>\n\t\t\t\t\t\t<\/div>\n\t\t\t\t<\/div>\n\t\t\t\t<\/div>\n\t\t\t\t<\/div>\n\t\t\t\t\t<\/div>\n\t\t\t\t<\/div>\n\t\t\t\t<\/div>\n\t\t","protected":false},"excerpt":{"rendered":"<p>Cedida por Alex Rey ALEX REY Alex Rey \u00e9 director de cinema de animaci\u00f3n, guionista e dese\u00f1ador. Formouse na EASDA (Escola de Arte e Dese\u00f1o) e na EISV (Vigo) como realizador de cine e televisi\u00f3n. Desde ent\u00f3n, orientou a s\u00faa carreira cara \u00e1 animaci\u00f3n de autor, desenvolvendo un estilo propio baseado na experimentaci\u00f3n, a liberdade [&hellip;]<\/p>\n","protected":false},"author":2,"featured_media":0,"parent":0,"menu_order":0,"comment_status":"closed","ping_status":"closed","template":"","meta":{"footnotes":""},"class_list":["post-10325","page","type-page","status-publish","hentry"],"_links":{"self":[{"href":"https:\/\/imaxinaria.afundacion.org\/gl\/wp-json\/wp\/v2\/pages\/10325","targetHints":{"allow":["GET"]}}],"collection":[{"href":"https:\/\/imaxinaria.afundacion.org\/gl\/wp-json\/wp\/v2\/pages"}],"about":[{"href":"https:\/\/imaxinaria.afundacion.org\/gl\/wp-json\/wp\/v2\/types\/page"}],"author":[{"embeddable":true,"href":"https:\/\/imaxinaria.afundacion.org\/gl\/wp-json\/wp\/v2\/users\/2"}],"replies":[{"embeddable":true,"href":"https:\/\/imaxinaria.afundacion.org\/gl\/wp-json\/wp\/v2\/comments?post=10325"}],"version-history":[{"count":3,"href":"https:\/\/imaxinaria.afundacion.org\/gl\/wp-json\/wp\/v2\/pages\/10325\/revisions"}],"predecessor-version":[{"id":10733,"href":"https:\/\/imaxinaria.afundacion.org\/gl\/wp-json\/wp\/v2\/pages\/10325\/revisions\/10733"}],"wp:attachment":[{"href":"https:\/\/imaxinaria.afundacion.org\/gl\/wp-json\/wp\/v2\/media?parent=10325"}],"curies":[{"name":"wp","href":"https:\/\/api.w.org\/{rel}","templated":true}]}}