{"id":10331,"date":"2026-02-24T00:05:04","date_gmt":"2026-02-24T00:05:04","guid":{"rendered":"https:\/\/imaxinaria.afundacion.org\/rapapawn\/"},"modified":"2026-02-25T11:18:44","modified_gmt":"2026-02-25T11:18:44","slug":"rapapawn","status":"publish","type":"page","link":"https:\/\/imaxinaria.afundacion.org\/gl\/rapapawn\/","title":{"rendered":"Rapapawn"},"content":{"rendered":"\t\t<div data-elementor-type=\"wp-page\" data-elementor-id=\"10331\" class=\"elementor elementor-10331 elementor-10264\" data-elementor-post-type=\"page\">\n\t\t\t\t\t\t<section class=\"elementor-section elementor-top-section elementor-element elementor-element-fb9ea12 elementor-section-full_width elementor-section-height-min-height elementor-section-height-default elementor-section-items-middle\" data-id=\"fb9ea12\" data-element_type=\"section\" data-settings=\"{&quot;background_background&quot;:&quot;video&quot;,&quot;background_video_link&quot;:&quot;https:\\\/\\\/www.youtube.com\\\/watch?v=Lv0PnoWu8_4&quot;,&quot;background_video_start&quot;:0,&quot;background_video_end&quot;:6.0999999999999996447286321199499070644378662109375,&quot;background_play_on_mobile&quot;:&quot;yes&quot;}\">\n\t\t\t\t\t\t\t\t<div class=\"elementor-background-video-container\" aria-hidden=\"true\">\n\t\t\t\t\t\t\t\t\t\t\t\t\t<div class=\"elementor-background-video-embed\"><\/div>\n\t\t\t\t\t\t\t\t\t\t\t\t<\/div>\n\t\t\t\t\t\t\t\t<div class=\"elementor-container elementor-column-gap-default\">\n\t\t\t\t\t<div class=\"elementor-column elementor-col-100 elementor-top-column elementor-element elementor-element-cd83986\" data-id=\"cd83986\" data-element_type=\"column\">\n\t\t\t<div class=\"elementor-widget-wrap\">\n\t\t\t\t\t\t\t<\/div>\n\t\t<\/div>\n\t\t\t\t\t<\/div>\n\t\t<\/section>\n\t\t<div class=\"elementor-element elementor-element-c9f7ad8 e-flex e-con-boxed e-con e-parent\" data-id=\"c9f7ad8\" data-element_type=\"container\" data-settings=\"{&quot;background_background&quot;:&quot;classic&quot;}\">\n\t\t\t\t\t<div class=\"e-con-inner\">\n\t\t<div class=\"elementor-element elementor-element-eef80ae e-con-full e-flex e-con e-child\" data-id=\"eef80ae\" data-element_type=\"container\">\n\t\t\t\t<div class=\"elementor-element elementor-element-a5357ef elementor-widget elementor-widget-image\" data-id=\"a5357ef\" data-element_type=\"widget\" data-widget_type=\"image.default\">\n\t\t\t\t<div class=\"elementor-widget-container\">\n\t\t\t\t\t\t\t\t\t\t\t\t\t\t\t\t<a href=\"https:\/\/imaxinaria.afundacion.org\/wp-content\/uploads\/2026\/02\/web-imaxinaria-festival-2026-invitados-rapapawn-2.jpg\" data-elementor-open-lightbox=\"yes\" data-elementor-lightbox-title=\"Web Imaxinaria Festival 2026 Invitados Rapapawn 2\" data-e-action-hash=\"#elementor-action%3Aaction%3Dlightbox%26settings%3DeyJpZCI6MTAwODcsInVybCI6Imh0dHBzOlwvXC9pbWF4aW5hcmlhLmFmdW5kYWNpb24ub3JnXC93cC1jb250ZW50XC91cGxvYWRzXC8yMDI2XC8wMlwvd2ViLWltYXhpbmFyaWEtZmVzdGl2YWwtMjAyNi1pbnZpdGFkb3MtcmFwYXBhd24tMi5qcGcifQ%3D%3D\">\n\t\t\t\t\t\t\t<img fetchpriority=\"high\" decoding=\"async\" width=\"800\" height=\"800\" src=\"https:\/\/imaxinaria.afundacion.org\/wp-content\/uploads\/2026\/02\/web-imaxinaria-festival-2026-invitados-rapapawn-2.jpg\" class=\"attachment-full size-full wp-image-10087\" alt=\"\" srcset=\"https:\/\/imaxinaria.afundacion.org\/wp-content\/uploads\/2026\/02\/web-imaxinaria-festival-2026-invitados-rapapawn-2.jpg 800w, https:\/\/imaxinaria.afundacion.org\/wp-content\/uploads\/2026\/02\/web-imaxinaria-festival-2026-invitados-rapapawn-2-300x300.jpg 300w, https:\/\/imaxinaria.afundacion.org\/wp-content\/uploads\/2026\/02\/web-imaxinaria-festival-2026-invitados-rapapawn-2-150x150.jpg 150w, https:\/\/imaxinaria.afundacion.org\/wp-content\/uploads\/2026\/02\/web-imaxinaria-festival-2026-invitados-rapapawn-2-768x768.jpg 768w\" sizes=\"(max-width: 800px) 100vw, 800px\" \/>\t\t\t\t\t\t\t\t<\/a>\n\t\t\t\t\t\t\t\t\t\t\t\t\t\t\t<\/div>\n\t\t\t\t<\/div>\n\t\t\t\t<div class=\"elementor-element elementor-element-940e43c elementor-widget elementor-widget-text-editor\" data-id=\"940e43c\" data-element_type=\"widget\" data-widget_type=\"text-editor.default\">\n\t\t\t\t<div class=\"elementor-widget-container\">\n\t\t\t\t\t\t\t\t\t<p>Cedida por Rapapawn<\/p>\n\t\t\t\t\t\t\t\t<\/div>\n\t\t\t\t<\/div>\n\t\t\t\t<\/div>\n\t\t<div class=\"elementor-element elementor-element-a230586 e-con-full e-flex e-con e-child\" data-id=\"a230586\" data-element_type=\"container\">\n\t\t<div class=\"elementor-element elementor-element-1bd155f e-con-full e-flex e-con e-child\" data-id=\"1bd155f\" data-element_type=\"container\">\n\t\t\t\t<div class=\"elementor-element elementor-element-b953257 elementor-widget elementor-widget-heading\" data-id=\"b953257\" data-element_type=\"widget\" data-widget_type=\"heading.default\">\n\t\t\t\t<div class=\"elementor-widget-container\">\n\t\t\t\t\t<h2 class=\"elementor-heading-title elementor-size-default\">RAPAPAWN<\/h2>\t\t\t\t<\/div>\n\t\t\t\t<\/div>\n\t\t\t\t<div class=\"elementor-element elementor-element-94e9dfe elementor-widget elementor-widget-text-editor\" data-id=\"94e9dfe\" data-element_type=\"widget\" data-widget_type=\"text-editor.default\">\n\t\t\t\t<div class=\"elementor-widget-container\">\n\t\t\t\t\t\t\t\t\t<p>Rapapawn \u00e9 o estudio de animaci\u00f3n experimental formado polos artistas Cynthia Alfonso e \u00d3scar Ra\u00f1a, que comezaron a traballar xuntos en 2017 e desde ent\u00f3n non deixaron de desenvolver un universo creativo propio que se expande entre o c\u00f3mic, a animaci\u00f3n, a pintura e a instalaci\u00f3n.<\/p>\n<p>O n\u00facleo do seu traballo com\u00fan reside precisamente en Rapapawn, un espazo no que investigan as posibilidades da abstracci\u00f3n xeom\u00e9trica aplicada \u00e1 animaci\u00f3n fotograma a fotograma. As s\u00faas obras caracter\u00edzanse pola creaci\u00f3n de estruturas visuais din\u00e1micas nas que dialogan forma, ritmo, li\u00f1a e cor, combinadas con engrenaxes conceptuais que reforzan a s\u00faa singular imaxiner\u00eda. O resultado \u00e9 unha animaci\u00f3n con forte personalidade, profundamente autoral e reco\u00f1ecida pola s\u00faa capacidade para xerar movementos e pulsaci\u00f3ns visuais \u00fanicas.<\/p>\n<p>Ao longo da s\u00faa traxectoria colaboraron con artistas musicais de referencia internacional, como Holy Fuck, Dan Deaconou Altin G\u00fcn, e desenvolveron proxectos para compa\u00f1\u00edas e plataformas como WeTransfer, Bandcamp, The New York Times, MOOG ou Givenchy, ademais de participar en festivais e eventos como Best Kept Secret (Pa\u00edses Baixos), Animario (Madrid) ou Curtocircuito (Santiago de Compostela).<\/p>\n<p>O seu traballo expositivo puido verse en espazos como Mountain Analogue (Seattle) ou Sala Equis (Madrid), as\u00ed como en mostras colectivas de prestixio, entre elas DEMO \u2013 It&#8217;s Nice That (\u00c1msterdam) e Narcohumanisme (B\u00f2lit, Girona). Tam\u00e9n exhibiron en cidades como Santiago de Compostela, Vigo, Oporto ou Par\u00eds, consolidando unha presenza internacional en continuo crecemento.<\/p>\n<p>A s\u00faa obra videogr\u00e1fica recibiu reco\u00f1ecementos como o ASME Awards \u2014 Best Digital Illustration polo seu traballo para The Marshall Project, as\u00ed como o premio \u00e1 Mellor Animaci\u00f3n no festival Kinomural (Polonia), entre outros. Estes galard\u00f3ns avalan un percurso art\u00edstico s\u00f3lido, innovador e altamente influ\u00ednte dentro da animaci\u00f3n independente europea.<\/p>\n<p>Rapapawn representa unha das propostas m\u00e1is vibrantes e contempor\u00e1neas da animaci\u00f3n indie actual: un di\u00e1logo constante entre arte, dese\u00f1o, ritmo e abstracci\u00f3n que redefine o potencial expresivo da animaci\u00f3n experimental.<\/p>\n\t\t\t\t\t\t\t\t<\/div>\n\t\t\t\t<\/div>\n\t\t\t\t<div class=\"elementor-element elementor-element-8253734 elementor-mobile-align-center elementor-icon-list--layout-traditional elementor-list-item-link-full_width elementor-widget elementor-widget-icon-list\" data-id=\"8253734\" data-element_type=\"widget\" data-widget_type=\"icon-list.default\">\n\t\t\t\t<div class=\"elementor-widget-container\">\n\t\t\t\t\t\t\t<ul class=\"elementor-icon-list-items\">\n\t\t\t\t\t\t\t<li class=\"elementor-icon-list-item\">\n\t\t\t\t\t\t\t\t\t\t\t<span class=\"elementor-icon-list-icon\">\n\t\t\t\t\t\t\t<i aria-hidden=\"true\" class=\"fas fa-check\"><\/i>\t\t\t\t\t\t<\/span>\n\t\t\t\t\t\t\t\t\t\t<span class=\"elementor-icon-list-text\">Foco Indie<\/span>\n\t\t\t\t\t\t\t\t\t<\/li>\n\t\t\t\t\t\t<\/ul>\n\t\t\t\t\t\t<\/div>\n\t\t\t\t<\/div>\n\t\t\t\t<\/div>\n\t\t\t\t<\/div>\n\t\t\t\t\t<\/div>\n\t\t\t\t<\/div>\n\t\t<div class=\"elementor-element elementor-element-09ae4c8 e-flex e-con-boxed e-con e-parent\" data-id=\"09ae4c8\" data-element_type=\"container\" data-settings=\"{&quot;background_background&quot;:&quot;classic&quot;}\">\n\t\t\t\t\t<div class=\"e-con-inner\">\n\t\t<div class=\"elementor-element elementor-element-6b262a8 e-con-full e-flex e-con e-child\" data-id=\"6b262a8\" data-element_type=\"container\">\n\t\t\t\t<div class=\"elementor-element elementor-element-6c12dba elementor-widget elementor-widget-image\" data-id=\"6c12dba\" data-element_type=\"widget\" data-widget_type=\"image.default\">\n\t\t\t\t<div class=\"elementor-widget-container\">\n\t\t\t\t\t\t\t\t\t\t\t\t\t\t\t\t<a href=\"https:\/\/imaxinaria.afundacion.org\/wp-content\/uploads\/2026\/02\/web-imaxinaria-festival-2026-invitados-cynthia-alfonso-2.jpg\" data-elementor-open-lightbox=\"yes\" data-elementor-lightbox-title=\"Web Imaxinaria Festival 2026 Invitados Cynthia Alfonso 2\" data-e-action-hash=\"#elementor-action%3Aaction%3Dlightbox%26settings%3DeyJpZCI6MTAzMzAsInVybCI6Imh0dHBzOlwvXC9pbWF4aW5hcmlhLmFmdW5kYWNpb24ub3JnXC93cC1jb250ZW50XC91cGxvYWRzXC8yMDI2XC8wMlwvd2ViLWltYXhpbmFyaWEtZmVzdGl2YWwtMjAyNi1pbnZpdGFkb3MtY3ludGhpYS1hbGZvbnNvLTIuanBnIn0%3D\">\n\t\t\t\t\t\t\t<img decoding=\"async\" width=\"800\" height=\"800\" src=\"https:\/\/imaxinaria.afundacion.org\/wp-content\/uploads\/2026\/02\/web-imaxinaria-festival-2026-invitados-cynthia-alfonso-2.jpg\" class=\"attachment-full size-full wp-image-10330\" alt=\"\" srcset=\"https:\/\/imaxinaria.afundacion.org\/wp-content\/uploads\/2026\/02\/web-imaxinaria-festival-2026-invitados-cynthia-alfonso-2.jpg 800w, https:\/\/imaxinaria.afundacion.org\/wp-content\/uploads\/2026\/02\/web-imaxinaria-festival-2026-invitados-cynthia-alfonso-2-300x300.jpg 300w, https:\/\/imaxinaria.afundacion.org\/wp-content\/uploads\/2026\/02\/web-imaxinaria-festival-2026-invitados-cynthia-alfonso-2-150x150.jpg 150w, https:\/\/imaxinaria.afundacion.org\/wp-content\/uploads\/2026\/02\/web-imaxinaria-festival-2026-invitados-cynthia-alfonso-2-768x768.jpg 768w\" sizes=\"(max-width: 800px) 100vw, 800px\" \/>\t\t\t\t\t\t\t\t<\/a>\n\t\t\t\t\t\t\t\t\t\t\t\t\t\t\t<\/div>\n\t\t\t\t<\/div>\n\t\t\t\t<div class=\"elementor-element elementor-element-ee64b7f elementor-widget elementor-widget-text-editor\" data-id=\"ee64b7f\" data-element_type=\"widget\" data-widget_type=\"text-editor.default\">\n\t\t\t\t<div class=\"elementor-widget-container\">\n\t\t\t\t\t\t\t\t\t<p>Cedida por Cynthia Alfonso<\/p>\n\t\t\t\t\t\t\t\t<\/div>\n\t\t\t\t<\/div>\n\t\t\t\t<\/div>\n\t\t<div class=\"elementor-element elementor-element-c916233 e-con-full e-flex e-con e-child\" data-id=\"c916233\" data-element_type=\"container\">\n\t\t<div class=\"elementor-element elementor-element-501854f e-con-full e-flex e-con e-child\" data-id=\"501854f\" data-element_type=\"container\">\n\t\t\t\t<div class=\"elementor-element elementor-element-3be6975 elementor-widget elementor-widget-heading\" data-id=\"3be6975\" data-element_type=\"widget\" data-widget_type=\"heading.default\">\n\t\t\t\t<div class=\"elementor-widget-container\">\n\t\t\t\t\t<h2 class=\"elementor-heading-title elementor-size-default\">Cynthia Alfonso<\/h2>\t\t\t\t<\/div>\n\t\t\t\t<\/div>\n\t\t\t\t<div class=\"elementor-element elementor-element-2e83a27 elementor-widget elementor-widget-text-editor\" data-id=\"2e83a27\" data-element_type=\"widget\" data-widget_type=\"text-editor.default\">\n\t\t\t\t<div class=\"elementor-widget-container\">\n\t\t\t\t\t\t\t\t\t<p>Autora, dese\u00f1adora gr\u00e1fica e cofundadora xunto con \u00d3scar Ra\u00f1a do estudio de animaci\u00f3n experimental RAPAPAWN.<\/p>\n<p>A t\u00edtulo persoal, traballou en proxectos para Apple, Snapchat, WeTransfer, TNYT, Figma, Dept ou Spotify, este \u00faltimo para rememorar os 50 anos do disco Abbey Road de The Beatles. Destacan os seus traballos en dese\u00f1o e animaci\u00f3n para bandas coma Holy Fuck ou The Strokes, entre outros.<\/p>\n<p>A s\u00faa obra editorial, tanto os t\u00edtulos autoeditados (Taiga, Fen\u00f3meno, Fondo ou Fuxir do centro) coma os editados por Image Comics, Fantagraphics, ColdCube, Kiblind, Fosfatina, \u00daltimo Mono ou Actual Source, aparecen no arquivo de Printed Matter.<\/p>\n<p>O seu traballo estivo presente en m\u00faltiples feiras de autoedici\u00f3n, destacando Art Book Fair (MOCA e MoMA), Sprint Milano (Mil\u00e1n), Fanzines Festival (Par\u00eds) ou IF Festival (Lyon).<\/p>\n<p>O seu proxecto expositivo puido verse en cidades coma Madrid, Par\u00eds ou \u00c1msterdam, destacando Unha leira de millo, exposici\u00f3n xunto con \u00d3scar Ra\u00f1a no Espazo SVT de arte en Vigo, nominada aos Premios da Cr\u00edtica de Galicia no ano 2023.<\/p>\n\t\t\t\t\t\t\t\t<\/div>\n\t\t\t\t<\/div>\n\t\t\t\t<div class=\"elementor-element elementor-element-d6ce6bc elementor-mobile-align-center elementor-icon-list--layout-traditional elementor-list-item-link-full_width elementor-widget elementor-widget-icon-list\" data-id=\"d6ce6bc\" data-element_type=\"widget\" data-widget_type=\"icon-list.default\">\n\t\t\t\t<div class=\"elementor-widget-container\">\n\t\t\t\t\t\t\t<ul class=\"elementor-icon-list-items\">\n\t\t\t\t\t\t\t<li class=\"elementor-icon-list-item\">\n\t\t\t\t\t\t\t\t\t\t\t<span class=\"elementor-icon-list-icon\">\n\t\t\t\t\t\t\t<i aria-hidden=\"true\" class=\"fas fa-check\"><\/i>\t\t\t\t\t\t<\/span>\n\t\t\t\t\t\t\t\t\t\t<span class=\"elementor-icon-list-text\">Xurado do Festival<\/span>\n\t\t\t\t\t\t\t\t\t<\/li>\n\t\t\t\t\t\t<\/ul>\n\t\t\t\t\t\t<\/div>\n\t\t\t\t<\/div>\n\t\t\t\t<\/div>\n\t\t\t\t<\/div>\n\t\t\t\t\t<\/div>\n\t\t\t\t<\/div>\n\t\t\t\t<\/div>\n\t\t","protected":false},"excerpt":{"rendered":"<p>Cedida por Rapapawn RAPAPAWN Rapapawn \u00e9 o estudio de animaci\u00f3n experimental formado polos artistas Cynthia Alfonso e \u00d3scar Ra\u00f1a, que comezaron a traballar xuntos en 2017 e desde ent\u00f3n non deixaron de desenvolver un universo creativo propio que se expande entre o c\u00f3mic, a animaci\u00f3n, a pintura e a instalaci\u00f3n. O n\u00facleo do seu traballo [&hellip;]<\/p>\n","protected":false},"author":2,"featured_media":0,"parent":0,"menu_order":0,"comment_status":"closed","ping_status":"closed","template":"","meta":{"footnotes":""},"class_list":["post-10331","page","type-page","status-publish","hentry"],"_links":{"self":[{"href":"https:\/\/imaxinaria.afundacion.org\/gl\/wp-json\/wp\/v2\/pages\/10331","targetHints":{"allow":["GET"]}}],"collection":[{"href":"https:\/\/imaxinaria.afundacion.org\/gl\/wp-json\/wp\/v2\/pages"}],"about":[{"href":"https:\/\/imaxinaria.afundacion.org\/gl\/wp-json\/wp\/v2\/types\/page"}],"author":[{"embeddable":true,"href":"https:\/\/imaxinaria.afundacion.org\/gl\/wp-json\/wp\/v2\/users\/2"}],"replies":[{"embeddable":true,"href":"https:\/\/imaxinaria.afundacion.org\/gl\/wp-json\/wp\/v2\/comments?post=10331"}],"version-history":[{"count":3,"href":"https:\/\/imaxinaria.afundacion.org\/gl\/wp-json\/wp\/v2\/pages\/10331\/revisions"}],"predecessor-version":[{"id":10713,"href":"https:\/\/imaxinaria.afundacion.org\/gl\/wp-json\/wp\/v2\/pages\/10331\/revisions\/10713"}],"wp:attachment":[{"href":"https:\/\/imaxinaria.afundacion.org\/gl\/wp-json\/wp\/v2\/media?parent=10331"}],"curies":[{"name":"wp","href":"https:\/\/api.w.org\/{rel}","templated":true}]}}