{"id":10353,"date":"2026-02-24T00:01:08","date_gmt":"2026-02-24T00:01:08","guid":{"rendered":"https:\/\/imaxinaria.afundacion.org\/manu-viqueira\/"},"modified":"2026-02-24T11:35:03","modified_gmt":"2026-02-24T11:35:03","slug":"manu-viqueira","status":"publish","type":"page","link":"https:\/\/imaxinaria.afundacion.org\/gl\/manu-viqueira\/","title":{"rendered":"Manu Viqueira"},"content":{"rendered":"\t\t<div data-elementor-type=\"wp-page\" data-elementor-id=\"10353\" class=\"elementor elementor-10353 elementor-10244\" data-elementor-post-type=\"page\">\n\t\t\t\t\t\t<section class=\"elementor-section elementor-top-section elementor-element elementor-element-0f2faac elementor-section-full_width elementor-section-height-min-height elementor-hidden-desktop elementor-hidden-tablet elementor-hidden-mobile elementor-section-height-default elementor-section-items-middle\" data-id=\"0f2faac\" data-element_type=\"section\" data-settings=\"{&quot;background_background&quot;:&quot;video&quot;,&quot;background_video_link&quot;:&quot;https:\\\/\\\/youtu.be\\\/wK686HNh2W0&quot;,&quot;background_video_start&quot;:0,&quot;background_video_end&quot;:16,&quot;background_play_on_mobile&quot;:&quot;yes&quot;}\">\n\t\t\t\t\t\t\t\t<div class=\"elementor-background-video-container\" aria-hidden=\"true\">\n\t\t\t\t\t\t\t\t\t\t\t\t\t<div class=\"elementor-background-video-embed\"><\/div>\n\t\t\t\t\t\t\t\t\t\t\t\t<\/div>\n\t\t\t\t\t\t\t\t<div class=\"elementor-container elementor-column-gap-default\">\n\t\t\t\t\t<div class=\"elementor-column elementor-col-100 elementor-top-column elementor-element elementor-element-98f378a\" data-id=\"98f378a\" data-element_type=\"column\">\n\t\t\t<div class=\"elementor-widget-wrap\">\n\t\t\t\t\t\t\t<\/div>\n\t\t<\/div>\n\t\t\t\t\t<\/div>\n\t\t<\/section>\n\t\t<div class=\"elementor-element elementor-element-50e0f16 e-flex e-con-boxed e-con e-parent\" data-id=\"50e0f16\" data-element_type=\"container\">\n\t\t\t\t\t<div class=\"e-con-inner\">\n\t\t<div class=\"elementor-element elementor-element-c8d2718 e-con-full e-flex e-con e-child\" data-id=\"c8d2718\" data-element_type=\"container\">\n\t\t\t\t<div class=\"elementor-element elementor-element-21dba39 elementor-widget elementor-widget-image\" data-id=\"21dba39\" data-element_type=\"widget\" data-widget_type=\"image.default\">\n\t\t\t\t<div class=\"elementor-widget-container\">\n\t\t\t\t\t\t\t\t\t\t\t\t\t\t\t\t<a href=\"https:\/\/imaxinaria.afundacion.org\/wp-content\/uploads\/2026\/02\/web-imaxinaria-festival-2026-invitados-manu-viqueira-2.jpg\" data-elementor-open-lightbox=\"yes\" data-elementor-lightbox-title=\"Web Imaxinaria Festival 2026 Invitados Manu Viqueira 2\" data-e-action-hash=\"#elementor-action%3Aaction%3Dlightbox%26settings%3DeyJpZCI6MTAzNTIsInVybCI6Imh0dHBzOlwvXC9pbWF4aW5hcmlhLmFmdW5kYWNpb24ub3JnXC93cC1jb250ZW50XC91cGxvYWRzXC8yMDI2XC8wMlwvd2ViLWltYXhpbmFyaWEtZmVzdGl2YWwtMjAyNi1pbnZpdGFkb3MtbWFudS12aXF1ZWlyYS0yLmpwZyJ9\">\n\t\t\t\t\t\t\t<img fetchpriority=\"high\" decoding=\"async\" width=\"800\" height=\"800\" src=\"https:\/\/imaxinaria.afundacion.org\/wp-content\/uploads\/2026\/02\/web-imaxinaria-festival-2026-invitados-manu-viqueira-2.jpg\" class=\"attachment-full size-full wp-image-10352\" alt=\"\" srcset=\"https:\/\/imaxinaria.afundacion.org\/wp-content\/uploads\/2026\/02\/web-imaxinaria-festival-2026-invitados-manu-viqueira-2.jpg 800w, https:\/\/imaxinaria.afundacion.org\/wp-content\/uploads\/2026\/02\/web-imaxinaria-festival-2026-invitados-manu-viqueira-2-300x300.jpg 300w, https:\/\/imaxinaria.afundacion.org\/wp-content\/uploads\/2026\/02\/web-imaxinaria-festival-2026-invitados-manu-viqueira-2-150x150.jpg 150w, https:\/\/imaxinaria.afundacion.org\/wp-content\/uploads\/2026\/02\/web-imaxinaria-festival-2026-invitados-manu-viqueira-2-768x768.jpg 768w\" sizes=\"(max-width: 800px) 100vw, 800px\" \/>\t\t\t\t\t\t\t\t<\/a>\n\t\t\t\t\t\t\t\t\t\t\t\t\t\t\t<\/div>\n\t\t\t\t<\/div>\n\t\t\t\t<div class=\"elementor-element elementor-element-05a3d72 elementor-widget elementor-widget-text-editor\" data-id=\"05a3d72\" data-element_type=\"widget\" data-widget_type=\"text-editor.default\">\n\t\t\t\t<div class=\"elementor-widget-container\">\n\t\t\t\t\t\t\t\t\t<p>Cedida por Manu Viqueira<\/p>\n\t\t\t\t\t\t\t\t<\/div>\n\t\t\t\t<\/div>\n\t\t\t\t<\/div>\n\t\t<div class=\"elementor-element elementor-element-2398638 e-con-full e-flex e-con e-child\" data-id=\"2398638\" data-element_type=\"container\">\n\t\t<div class=\"elementor-element elementor-element-ebebce9 e-con-full e-flex e-con e-child\" data-id=\"ebebce9\" data-element_type=\"container\">\n\t\t\t\t<div class=\"elementor-element elementor-element-77eb4d5 elementor-widget elementor-widget-heading\" data-id=\"77eb4d5\" data-element_type=\"widget\" data-widget_type=\"heading.default\">\n\t\t\t\t<div class=\"elementor-widget-container\">\n\t\t\t\t\t<h2 class=\"elementor-heading-title elementor-size-default\">Manu Viqueira<\/h2>\t\t\t\t<\/div>\n\t\t\t\t<\/div>\n\t\t\t\t<div class=\"elementor-element elementor-element-31d1bb5 elementor-widget elementor-widget-text-editor\" data-id=\"31d1bb5\" data-element_type=\"widget\" data-widget_type=\"text-editor.default\">\n\t\t\t\t<div class=\"elementor-widget-container\">\n\t\t\t\t\t\t\t\t\t<p>Manu Viqueira \u00e9 un animador, creador e artista multimedia galego, afincado en A Coru\u00f1a. Traballa como profesional independente (freelance), ofrecendo os seus servizos de direcci\u00f3n, creatividade, guion, animaci\u00f3n, post-producci\u00f3n, efectos visuais e motion graphics para proxectos de contido musical, documental, televisivo e publicitario. Def\u00ednese como un artista disposto a mesturar estilos, t\u00e9cnicas e linguaxes visuais: colaxes fotogr\u00e1ficas, animaci\u00f3n 3D, material real, gr\u00e1ficos en movemento, efectos visuais\u2026 A s\u00faa filosof\u00eda creativa xoga coa superposici\u00f3n de capas e cunha est\u00e9tica h\u00edbrida, podendo modular entre a complexidade e o minimalismo segundo as necesidades de cada proxecto.<\/p>\n<p>Ademais do seu labor como creador, Manu exerce como docente asociado no Grao de Animaci\u00f3n e Videoxogos da Universidade da Coru\u00f1a, impartindo asignaturas como gui\u00f3n e direcci\u00f3n de filmes de animaci\u00f3n, contribu\u00edndo as\u00ed \u00e1 formaci\u00f3n de novas xeraci\u00f3ns de animadores e animadoras galegas. Destaca especialmente no \u00e1mbito do videoclip, tendo traballado para Warner Music L.A. en produci\u00f3ns de artistas internacionais como Robert Plant, Green Day ou Gary Clark Jr., as\u00ed como para reco\u00f1ecidos m\u00fasicos do panorama estatal como Love of Lesbian, La Pegatina, Macaco, Soziedad Alkoh\u00f3lika ou La Polla Records.<\/p>\n<p>Realizou animaci\u00f3ns para numerosos documentais, entre eles No somos nada, dirixido por Javier Corcuera e seleccionado no Festival de San Sebasti\u00e1n 2021; Colecci\u00f3n Mer (2025), de Pedro Gonz\u00e1lez; e La batalla desconocida (2017), de Paula Cons. No \u00e1mbito publicitario e corporativo, colaborou con marcas e entidades como Estrella Galicia, Leche Pascual, R, Cinfo, DepGames ou a Xunta de Galicia, as\u00ed como con festivais como O Marisqui\u00f1o, Hematofesti ou o Festival Imaxinaria. Tam\u00e9n realizou numerosas pezas animadas para televisi\u00f3n, especialmente en programas de divulgaci\u00f3n e documentais.<\/p>\n<p>Manu Viqueira cultiva un estilo que combina a rebeld\u00eda simb\u00f3lica da cultura punk e o compromiso social coas posibilidades expresivas da animaci\u00f3n e da creaci\u00f3n audiovisual. Esta mestura entre contido cr\u00edtico, est\u00e9tica arriscada e versatilidade t\u00e9cnica conv\u00e9rteo nunha das voces m\u00e1is din\u00e1micas e vers\u00e1tiles da animaci\u00f3n contempor\u00e1nea galega e espa\u00f1ola. Neste 2026 prepara a longametraxe e a serie de ficci\u00f3n transmedia \u201cSo\u00f1os punkid\u00e9licos\u201d, unha mestura de serie de animaci\u00f3n musical electr\u00f3nica e documental, centrada nun terapeuta que cura mesturando os so\u00f1os dos seus pacientes.<\/p>\n\t\t\t\t\t\t\t\t<\/div>\n\t\t\t\t<\/div>\n\t\t\t\t<div class=\"elementor-element elementor-element-7c717c6 elementor-mobile-align-center elementor-icon-list--layout-traditional elementor-list-item-link-full_width elementor-widget elementor-widget-icon-list\" data-id=\"7c717c6\" data-element_type=\"widget\" data-widget_type=\"icon-list.default\">\n\t\t\t\t<div class=\"elementor-widget-container\">\n\t\t\t\t\t\t\t<ul class=\"elementor-icon-list-items\">\n\t\t\t\t\t\t\t<li class=\"elementor-icon-list-item\">\n\t\t\t\t\t\t\t\t\t\t\t<span class=\"elementor-icon-list-icon\">\n\t\t\t\t\t\t\t<i aria-hidden=\"true\" class=\"fas fa-check\"><\/i>\t\t\t\t\t\t<\/span>\n\t\t\t\t\t\t\t\t\t\t<span class=\"elementor-icon-list-text\">Xurado do Festival<\/span>\n\t\t\t\t\t\t\t\t\t<\/li>\n\t\t\t\t\t\t<\/ul>\n\t\t\t\t\t\t<\/div>\n\t\t\t\t<\/div>\n\t\t\t\t<\/div>\n\t\t\t\t<\/div>\n\t\t\t\t\t<\/div>\n\t\t\t\t<\/div>\n\t\t\t\t<\/div>\n\t\t","protected":false},"excerpt":{"rendered":"<p>Cedida por Manu Viqueira Manu Viqueira Manu Viqueira \u00e9 un animador, creador e artista multimedia galego, afincado en A Coru\u00f1a. Traballa como profesional independente (freelance), ofrecendo os seus servizos de direcci\u00f3n, creatividade, guion, animaci\u00f3n, post-producci\u00f3n, efectos visuais e motion graphics para proxectos de contido musical, documental, televisivo e publicitario. Def\u00ednese como un artista disposto a [&hellip;]<\/p>\n","protected":false},"author":2,"featured_media":0,"parent":0,"menu_order":0,"comment_status":"closed","ping_status":"closed","template":"","meta":{"footnotes":""},"class_list":["post-10353","page","type-page","status-publish","hentry"],"_links":{"self":[{"href":"https:\/\/imaxinaria.afundacion.org\/gl\/wp-json\/wp\/v2\/pages\/10353","targetHints":{"allow":["GET"]}}],"collection":[{"href":"https:\/\/imaxinaria.afundacion.org\/gl\/wp-json\/wp\/v2\/pages"}],"about":[{"href":"https:\/\/imaxinaria.afundacion.org\/gl\/wp-json\/wp\/v2\/types\/page"}],"author":[{"embeddable":true,"href":"https:\/\/imaxinaria.afundacion.org\/gl\/wp-json\/wp\/v2\/users\/2"}],"replies":[{"embeddable":true,"href":"https:\/\/imaxinaria.afundacion.org\/gl\/wp-json\/wp\/v2\/comments?post=10353"}],"version-history":[{"count":2,"href":"https:\/\/imaxinaria.afundacion.org\/gl\/wp-json\/wp\/v2\/pages\/10353\/revisions"}],"predecessor-version":[{"id":10514,"href":"https:\/\/imaxinaria.afundacion.org\/gl\/wp-json\/wp\/v2\/pages\/10353\/revisions\/10514"}],"wp:attachment":[{"href":"https:\/\/imaxinaria.afundacion.org\/gl\/wp-json\/wp\/v2\/media?parent=10353"}],"curies":[{"name":"wp","href":"https:\/\/api.w.org\/{rel}","templated":true}]}}