{"id":10363,"date":"2026-02-24T00:02:29","date_gmt":"2026-02-24T00:02:29","guid":{"rendered":"https:\/\/imaxinaria.afundacion.org\/nicole-stafford\/"},"modified":"2026-02-25T11:19:08","modified_gmt":"2026-02-25T11:19:08","slug":"nicole-stafford","status":"publish","type":"page","link":"https:\/\/imaxinaria.afundacion.org\/gl\/nicole-stafford\/","title":{"rendered":"Nicole Stafford"},"content":{"rendered":"\t\t<div data-elementor-type=\"wp-page\" data-elementor-id=\"10363\" class=\"elementor elementor-10363 elementor-10251\" data-elementor-post-type=\"page\">\n\t\t\t\t\t\t<section class=\"elementor-section elementor-top-section elementor-element elementor-element-131a185 elementor-section-full_width elementor-section-height-min-height elementor-section-height-default elementor-section-items-middle\" data-id=\"131a185\" data-element_type=\"section\" data-settings=\"{&quot;background_background&quot;:&quot;video&quot;,&quot;background_video_link&quot;:&quot;https:\\\/\\\/www.youtube.com\\\/watch?v=Lv0PnoWu8_4&quot;,&quot;background_video_start&quot;:0,&quot;background_video_end&quot;:6.0999999999999996447286321199499070644378662109375,&quot;background_play_on_mobile&quot;:&quot;yes&quot;}\">\n\t\t\t\t\t\t\t\t<div class=\"elementor-background-video-container\" aria-hidden=\"true\">\n\t\t\t\t\t\t\t\t\t\t\t\t\t<div class=\"elementor-background-video-embed\"><\/div>\n\t\t\t\t\t\t\t\t\t\t\t\t<\/div>\n\t\t\t\t\t\t\t\t<div class=\"elementor-container elementor-column-gap-default\">\n\t\t\t\t\t<div class=\"elementor-column elementor-col-100 elementor-top-column elementor-element elementor-element-170514e\" data-id=\"170514e\" data-element_type=\"column\">\n\t\t\t<div class=\"elementor-widget-wrap\">\n\t\t\t\t\t\t\t<\/div>\n\t\t<\/div>\n\t\t\t\t\t<\/div>\n\t\t<\/section>\n\t\t<div class=\"elementor-element elementor-element-58b39ca e-flex e-con-boxed e-con e-parent\" data-id=\"58b39ca\" data-element_type=\"container\">\n\t\t\t\t\t<div class=\"e-con-inner\">\n\t\t<div class=\"elementor-element elementor-element-c88772f e-con-full e-flex e-con e-child\" data-id=\"c88772f\" data-element_type=\"container\">\n\t\t\t\t<div class=\"elementor-element elementor-element-0bd06e4 elementor-widget elementor-widget-image\" data-id=\"0bd06e4\" data-element_type=\"widget\" data-widget_type=\"image.default\">\n\t\t\t\t<div class=\"elementor-widget-container\">\n\t\t\t\t\t\t\t\t\t\t\t\t\t\t\t\t<a href=\"https:\/\/imaxinaria.afundacion.org\/wp-content\/uploads\/2026\/02\/web-imaxinaria-festival-2026-invitados-nicole-stafford-2.jpg\" data-elementor-open-lightbox=\"yes\" data-elementor-lightbox-title=\"Web Imaxinaria Festival 2026 Invitados Nicole Stafford 2\" data-e-action-hash=\"#elementor-action%3Aaction%3Dlightbox%26settings%3DeyJpZCI6MTAxNjcsInVybCI6Imh0dHBzOlwvXC9pbWF4aW5hcmlhLmFmdW5kYWNpb24ub3JnXC93cC1jb250ZW50XC91cGxvYWRzXC8yMDI2XC8wMlwvd2ViLWltYXhpbmFyaWEtZmVzdGl2YWwtMjAyNi1pbnZpdGFkb3Mtbmljb2xlLXN0YWZmb3JkLTIuanBnIn0%3D\">\n\t\t\t\t\t\t\t<img fetchpriority=\"high\" decoding=\"async\" width=\"800\" height=\"800\" src=\"https:\/\/imaxinaria.afundacion.org\/wp-content\/uploads\/2026\/02\/web-imaxinaria-festival-2026-invitados-nicole-stafford-2.jpg\" class=\"attachment-full size-full wp-image-10167\" alt=\"\" srcset=\"https:\/\/imaxinaria.afundacion.org\/wp-content\/uploads\/2026\/02\/web-imaxinaria-festival-2026-invitados-nicole-stafford-2.jpg 800w, https:\/\/imaxinaria.afundacion.org\/wp-content\/uploads\/2026\/02\/web-imaxinaria-festival-2026-invitados-nicole-stafford-2-300x300.jpg 300w, https:\/\/imaxinaria.afundacion.org\/wp-content\/uploads\/2026\/02\/web-imaxinaria-festival-2026-invitados-nicole-stafford-2-150x150.jpg 150w, https:\/\/imaxinaria.afundacion.org\/wp-content\/uploads\/2026\/02\/web-imaxinaria-festival-2026-invitados-nicole-stafford-2-768x768.jpg 768w\" sizes=\"(max-width: 800px) 100vw, 800px\" \/>\t\t\t\t\t\t\t\t<\/a>\n\t\t\t\t\t\t\t\t\t\t\t\t\t\t\t<\/div>\n\t\t\t\t<\/div>\n\t\t\t\t<div class=\"elementor-element elementor-element-a4504cb elementor-widget elementor-widget-text-editor\" data-id=\"a4504cb\" data-element_type=\"widget\" data-widget_type=\"text-editor.default\">\n\t\t\t\t<div class=\"elementor-widget-container\">\n\t\t\t\t\t\t\t\t\t<p>Cedida por Nicole Stafford<\/p>\n\t\t\t\t\t\t\t\t<\/div>\n\t\t\t\t<\/div>\n\t\t\t\t<\/div>\n\t\t<div class=\"elementor-element elementor-element-cf63a27 e-con-full e-flex e-con e-child\" data-id=\"cf63a27\" data-element_type=\"container\">\n\t\t<div class=\"elementor-element elementor-element-011cf41 e-con-full e-flex e-con e-child\" data-id=\"011cf41\" data-element_type=\"container\">\n\t\t\t\t<div class=\"elementor-element elementor-element-8ac2875 elementor-widget elementor-widget-heading\" data-id=\"8ac2875\" data-element_type=\"widget\" data-widget_type=\"heading.default\">\n\t\t\t\t<div class=\"elementor-widget-container\">\n\t\t\t\t\t<h2 class=\"elementor-heading-title elementor-size-default\">Nicole Stafford<\/h2>\t\t\t\t<\/div>\n\t\t\t\t<\/div>\n\t\t\t\t<div class=\"elementor-element elementor-element-751cec1 elementor-widget elementor-widget-text-editor\" data-id=\"751cec1\" data-element_type=\"widget\" data-widget_type=\"text-editor.default\">\n\t\t\t\t<div class=\"elementor-widget-container\">\n\t\t\t\t\t\t\t\t\t<p>Nicole Stafford \u00e9 unha animadora e dese\u00f1adora 2D actualmente afincada en Los \u00c1ngeles. Desenvolve o seu labor principalmente para estudos comerciais da cidade, combinando este traballo coa creaci\u00f3n de videoclips independentes e curtametraxes de animaci\u00f3n, onde explora unha vertente m\u00e1is autoral e experimental.<\/p>\n<p>Formouse no California Institute of the Arts (CalArts) e posteriormente en Gobelins, l\u2019\u00e9cole de l\u2019image (Par\u00eds), d\u00faas das escolas m\u00e1is prestixiosas do mundo da animaci\u00f3n. Durante esta etapa pasou a formar parte do colectivo creativo Souviens Ten-Zan, integrado por doce artistas internacionais e actualmente representado por Passion Pictures Paris, desde onde desenvolven tanto proxectos comerciais como pel\u00edculas propias.<\/p>\n<p>Ao longo da s\u00faa traxectoria, Stafford participou como directora, codirectora, animadora principal ou directora creativa en proxectos exhibidos en festivais de referencia como Sundance, Berlinale ou Annecy. Entre os seus traballos m\u00e1is destacados at\u00f3pase a curtametraxe The Hork (2022), seleccionada no Sundance Film Festival, onde optou ao Short Film Grand Jury Prize, e nomeada tam\u00e9n a Mellor Curtametraxe no Denver Film Festival e no CineFest \u2013 Miskolc International Film Festival, confirmando a s\u00faa proxecci\u00f3n internacional no circu\u00edto de festivais.<\/p>\n<p>Ademais, colaborou en produci\u00f3ns reco\u00f1ecidas como Solar Walk (dir. R\u00e9ka Bucsi), LOVE ou Hang On to the Night, e participou en series e proxectos de gran impacto cultural como Adventure Time (Hora de Aventuras\/Cartoon Network) ou Scavengers Reign (Max\/HBO Max). En 2021 realizou o filme de apertura de TEDx Sydney e desenvolveu segmentos animados para o desfile Savage x Fenty de Rihanna en Amazon Prime.<\/p>\n<p>O seu traballo caracter\u00edzase por unha animaci\u00f3n expresiva, unha identidade gr\u00e1fica moi definida e unha notable capacidade para transitar entre a industria e a creaci\u00f3n independente sen perder unha voz propia, consolid\u00e1ndose como unha das figuras m\u00e1is interesantes da animaci\u00f3n contempor\u00e1nea internacional.<\/p>\n\t\t\t\t\t\t\t\t<\/div>\n\t\t\t\t<\/div>\n\t\t\t\t<div class=\"elementor-element elementor-element-c82f53b elementor-mobile-align-center elementor-icon-list--layout-traditional elementor-list-item-link-full_width elementor-widget elementor-widget-icon-list\" data-id=\"c82f53b\" data-element_type=\"widget\" data-widget_type=\"icon-list.default\">\n\t\t\t\t<div class=\"elementor-widget-container\">\n\t\t\t\t\t\t\t<ul class=\"elementor-icon-list-items\">\n\t\t\t\t\t\t\t<li class=\"elementor-icon-list-item\">\n\t\t\t\t\t\t\t\t\t\t\t<span class=\"elementor-icon-list-icon\">\n\t\t\t\t\t\t\t<i aria-hidden=\"true\" class=\"fas fa-check\"><\/i>\t\t\t\t\t\t<\/span>\n\t\t\t\t\t\t\t\t\t\t<span class=\"elementor-icon-list-text\">Foco Singular<\/span>\n\t\t\t\t\t\t\t\t\t<\/li>\n\t\t\t\t\t\t<\/ul>\n\t\t\t\t\t\t<\/div>\n\t\t\t\t<\/div>\n\t\t\t\t<\/div>\n\t\t\t\t<\/div>\n\t\t\t\t\t<\/div>\n\t\t\t\t<\/div>\n\t\t\t\t<\/div>\n\t\t","protected":false},"excerpt":{"rendered":"<p>Cedida por Nicole Stafford Nicole Stafford Nicole Stafford \u00e9 unha animadora e dese\u00f1adora 2D actualmente afincada en Los \u00c1ngeles. Desenvolve o seu labor principalmente para estudos comerciais da cidade, combinando este traballo coa creaci\u00f3n de videoclips independentes e curtametraxes de animaci\u00f3n, onde explora unha vertente m\u00e1is autoral e experimental. Formouse no California Institute of the [&hellip;]<\/p>\n","protected":false},"author":2,"featured_media":0,"parent":0,"menu_order":0,"comment_status":"closed","ping_status":"closed","template":"","meta":{"footnotes":""},"class_list":["post-10363","page","type-page","status-publish","hentry"],"_links":{"self":[{"href":"https:\/\/imaxinaria.afundacion.org\/gl\/wp-json\/wp\/v2\/pages\/10363","targetHints":{"allow":["GET"]}}],"collection":[{"href":"https:\/\/imaxinaria.afundacion.org\/gl\/wp-json\/wp\/v2\/pages"}],"about":[{"href":"https:\/\/imaxinaria.afundacion.org\/gl\/wp-json\/wp\/v2\/types\/page"}],"author":[{"embeddable":true,"href":"https:\/\/imaxinaria.afundacion.org\/gl\/wp-json\/wp\/v2\/users\/2"}],"replies":[{"embeddable":true,"href":"https:\/\/imaxinaria.afundacion.org\/gl\/wp-json\/wp\/v2\/comments?post=10363"}],"version-history":[{"count":3,"href":"https:\/\/imaxinaria.afundacion.org\/gl\/wp-json\/wp\/v2\/pages\/10363\/revisions"}],"predecessor-version":[{"id":10723,"href":"https:\/\/imaxinaria.afundacion.org\/gl\/wp-json\/wp\/v2\/pages\/10363\/revisions\/10723"}],"wp:attachment":[{"href":"https:\/\/imaxinaria.afundacion.org\/gl\/wp-json\/wp\/v2\/media?parent=10363"}],"curies":[{"name":"wp","href":"https:\/\/api.w.org\/{rel}","templated":true}]}}