{"id":10373,"date":"2026-02-24T00:03:33","date_gmt":"2026-02-24T00:03:33","guid":{"rendered":"https:\/\/imaxinaria.afundacion.org\/rafillo\/"},"modified":"2026-02-25T11:19:02","modified_gmt":"2026-02-25T11:19:02","slug":"rafillo","status":"publish","type":"page","link":"https:\/\/imaxinaria.afundacion.org\/gl\/rafillo\/","title":{"rendered":"Rafillo"},"content":{"rendered":"\t\t<div data-elementor-type=\"wp-page\" data-elementor-id=\"10373\" class=\"elementor elementor-10373 elementor-10257\" data-elementor-post-type=\"page\">\n\t\t\t\t\t\t<section class=\"elementor-section elementor-top-section elementor-element elementor-element-fe48029 elementor-section-full_width elementor-section-height-min-height elementor-section-height-default elementor-section-items-middle\" data-id=\"fe48029\" data-element_type=\"section\" data-settings=\"{&quot;background_background&quot;:&quot;video&quot;,&quot;background_video_link&quot;:&quot;https:\\\/\\\/www.youtube.com\\\/watch?v=Lv0PnoWu8_4&quot;,&quot;background_video_start&quot;:0,&quot;background_video_end&quot;:6.0999999999999996447286321199499070644378662109375,&quot;background_play_on_mobile&quot;:&quot;yes&quot;}\">\n\t\t\t\t\t\t\t\t<div class=\"elementor-background-video-container\" aria-hidden=\"true\">\n\t\t\t\t\t\t\t\t\t\t\t\t\t<div class=\"elementor-background-video-embed\"><\/div>\n\t\t\t\t\t\t\t\t\t\t\t\t<\/div>\n\t\t\t\t\t\t\t\t<div class=\"elementor-container elementor-column-gap-default\">\n\t\t\t\t\t<div class=\"elementor-column elementor-col-100 elementor-top-column elementor-element elementor-element-b3f7e7c\" data-id=\"b3f7e7c\" data-element_type=\"column\">\n\t\t\t<div class=\"elementor-widget-wrap\">\n\t\t\t\t\t\t\t<\/div>\n\t\t<\/div>\n\t\t\t\t\t<\/div>\n\t\t<\/section>\n\t\t<div class=\"elementor-element elementor-element-535629d e-flex e-con-boxed e-con e-parent\" data-id=\"535629d\" data-element_type=\"container\">\n\t\t\t\t\t<div class=\"e-con-inner\">\n\t\t<div class=\"elementor-element elementor-element-9df4504 e-con-full e-flex e-con e-child\" data-id=\"9df4504\" data-element_type=\"container\">\n\t\t\t\t<div class=\"elementor-element elementor-element-ed20e54 elementor-widget elementor-widget-image\" data-id=\"ed20e54\" data-element_type=\"widget\" data-widget_type=\"image.default\">\n\t\t\t\t<div class=\"elementor-widget-container\">\n\t\t\t\t\t\t\t\t\t\t\t\t\t\t\t\t<a href=\"https:\/\/imaxinaria.afundacion.org\/wp-content\/uploads\/2026\/02\/web-imaxinaria-festival-2026-invitados-rafillo-2.jpg\" data-elementor-open-lightbox=\"yes\" data-elementor-lightbox-title=\"Web Imaxinaria Festival 2026 Invitados Rafillo 2\" data-e-action-hash=\"#elementor-action%3Aaction%3Dlightbox%26settings%3DeyJpZCI6MTAwODUsInVybCI6Imh0dHBzOlwvXC9pbWF4aW5hcmlhLmFmdW5kYWNpb24ub3JnXC93cC1jb250ZW50XC91cGxvYWRzXC8yMDI2XC8wMlwvd2ViLWltYXhpbmFyaWEtZmVzdGl2YWwtMjAyNi1pbnZpdGFkb3MtcmFmaWxsby0yLmpwZyJ9\">\n\t\t\t\t\t\t\t<img fetchpriority=\"high\" decoding=\"async\" width=\"800\" height=\"800\" src=\"https:\/\/imaxinaria.afundacion.org\/wp-content\/uploads\/2026\/02\/web-imaxinaria-festival-2026-invitados-rafillo-2.jpg\" class=\"attachment-full size-full wp-image-10085\" alt=\"\" srcset=\"https:\/\/imaxinaria.afundacion.org\/wp-content\/uploads\/2026\/02\/web-imaxinaria-festival-2026-invitados-rafillo-2.jpg 800w, https:\/\/imaxinaria.afundacion.org\/wp-content\/uploads\/2026\/02\/web-imaxinaria-festival-2026-invitados-rafillo-2-300x300.jpg 300w, https:\/\/imaxinaria.afundacion.org\/wp-content\/uploads\/2026\/02\/web-imaxinaria-festival-2026-invitados-rafillo-2-150x150.jpg 150w, https:\/\/imaxinaria.afundacion.org\/wp-content\/uploads\/2026\/02\/web-imaxinaria-festival-2026-invitados-rafillo-2-768x768.jpg 768w\" sizes=\"(max-width: 800px) 100vw, 800px\" \/>\t\t\t\t\t\t\t\t<\/a>\n\t\t\t\t\t\t\t\t\t\t\t\t\t\t\t<\/div>\n\t\t\t\t<\/div>\n\t\t\t\t<div class=\"elementor-element elementor-element-7d9be35 elementor-widget elementor-widget-text-editor\" data-id=\"7d9be35\" data-element_type=\"widget\" data-widget_type=\"text-editor.default\">\n\t\t\t\t<div class=\"elementor-widget-container\">\n\t\t\t\t\t\t\t\t\t<p>Cedida por Rafillo<\/p>\n\t\t\t\t\t\t\t\t<\/div>\n\t\t\t\t<\/div>\n\t\t\t\t<\/div>\n\t\t<div class=\"elementor-element elementor-element-7a50de1 e-con-full e-flex e-con e-child\" data-id=\"7a50de1\" data-element_type=\"container\">\n\t\t<div class=\"elementor-element elementor-element-5f76c33 e-con-full e-flex e-con e-child\" data-id=\"5f76c33\" data-element_type=\"container\">\n\t\t\t\t<div class=\"elementor-element elementor-element-9382b8a elementor-widget elementor-widget-heading\" data-id=\"9382b8a\" data-element_type=\"widget\" data-widget_type=\"heading.default\">\n\t\t\t\t<div class=\"elementor-widget-container\">\n\t\t\t\t\t<h2 class=\"elementor-heading-title elementor-size-default\">Rafillo<\/h2>\t\t\t\t<\/div>\n\t\t\t\t<\/div>\n\t\t\t\t<div class=\"elementor-element elementor-element-58a6803 elementor-widget elementor-widget-text-editor\" data-id=\"58a6803\" data-element_type=\"widget\" data-widget_type=\"text-editor.default\">\n\t\t\t\t<div class=\"elementor-widget-container\">\n\t\t\t\t\t\t\t\t\t<p>Rafillo, nome art\u00edstico de Rafael Esteban Trujillo, \u00e9 un animador e creador espa\u00f1ol que logrou destacar por un estilo propio, irreverente e impactante. A s\u00faa capacidade para combinar humor, subversi\u00f3n e a est\u00e9tica da animaci\u00f3n converteuno nun referente das redes e dos novos p\u00fablicos do medio.<\/p>\n<p>Ori\u00fando de Almer\u00eda, Rafillo acadou popularidade grazas \u00e1 publicaci\u00f3n das s\u00faas pezas animadas nas plataformas dixitais, entre as que destaca a s\u00faa webserie Querida Conchi \u2014 unha comedia bizarra sobre a vida dun matrimonio de persoas maiores \u2014 que chamou a atenci\u00f3n ata de canles internacionais como Cartoon Network (Adult Swim) e Fox.<\/p>\n<p>O valor de Rafillo transcende o humor: as s\u00faas creaci\u00f3ns caracter\u00edzanse por unha voz aut\u00e9ntica, unha est\u00e9tica atrevida e unha capacidade para xerar impacto emocional a trav\u00e9s da animaci\u00f3n, empregando linguaxes visuais pouco convencionais e unha sensibilidade marxinal.<\/p>\n<p>Co seu traballo, Rafillo representa unha nova xeraci\u00f3n de animadores\/as que mesturan cultura internet, contracultura e c\u00f3mic\/animaci\u00f3n tradicional, abrindo cami\u00f1o a unha animaci\u00f3n alternativa, cr\u00edtica e moi persoal.<\/p>\n\t\t\t\t\t\t\t\t<\/div>\n\t\t\t\t<\/div>\n\t\t\t\t<div class=\"elementor-element elementor-element-b093f9d elementor-mobile-align-center elementor-icon-list--layout-traditional elementor-list-item-link-full_width elementor-widget elementor-widget-icon-list\" data-id=\"b093f9d\" data-element_type=\"widget\" data-widget_type=\"icon-list.default\">\n\t\t\t\t<div class=\"elementor-widget-container\">\n\t\t\t\t\t\t\t<ul class=\"elementor-icon-list-items\">\n\t\t\t\t\t\t\t<li class=\"elementor-icon-list-item\">\n\t\t\t\t\t\t\t\t\t\t\t<a href=\"https:\/\/imaxinaria.afundacion.org\/gl\/foco-indie\/\">\n\n\t\t\t\t\t\t\t\t\t\t\t\t<span class=\"elementor-icon-list-icon\">\n\t\t\t\t\t\t\t<i aria-hidden=\"true\" class=\"fas fa-check\"><\/i>\t\t\t\t\t\t<\/span>\n\t\t\t\t\t\t\t\t\t\t<span class=\"elementor-icon-list-text\">Foco Indie<\/span>\n\t\t\t\t\t\t\t\t\t\t\t<\/a>\n\t\t\t\t\t\t\t\t\t<\/li>\n\t\t\t\t\t\t<\/ul>\n\t\t\t\t\t\t<\/div>\n\t\t\t\t<\/div>\n\t\t\t\t<\/div>\n\t\t\t\t<\/div>\n\t\t\t\t\t<\/div>\n\t\t\t\t<\/div>\n\t\t\t\t<\/div>\n\t\t","protected":false},"excerpt":{"rendered":"<p>Cedida por Rafillo Rafillo Rafillo, nome art\u00edstico de Rafael Esteban Trujillo, \u00e9 un animador e creador espa\u00f1ol que logrou destacar por un estilo propio, irreverente e impactante. A s\u00faa capacidade para combinar humor, subversi\u00f3n e a est\u00e9tica da animaci\u00f3n converteuno nun referente das redes e dos novos p\u00fablicos do medio. Ori\u00fando de Almer\u00eda, Rafillo acadou [&hellip;]<\/p>\n","protected":false},"author":2,"featured_media":0,"parent":0,"menu_order":0,"comment_status":"closed","ping_status":"closed","template":"","meta":{"footnotes":""},"class_list":["post-10373","page","type-page","status-publish","hentry"],"_links":{"self":[{"href":"https:\/\/imaxinaria.afundacion.org\/gl\/wp-json\/wp\/v2\/pages\/10373","targetHints":{"allow":["GET"]}}],"collection":[{"href":"https:\/\/imaxinaria.afundacion.org\/gl\/wp-json\/wp\/v2\/pages"}],"about":[{"href":"https:\/\/imaxinaria.afundacion.org\/gl\/wp-json\/wp\/v2\/types\/page"}],"author":[{"embeddable":true,"href":"https:\/\/imaxinaria.afundacion.org\/gl\/wp-json\/wp\/v2\/users\/2"}],"replies":[{"embeddable":true,"href":"https:\/\/imaxinaria.afundacion.org\/gl\/wp-json\/wp\/v2\/comments?post=10373"}],"version-history":[{"count":3,"href":"https:\/\/imaxinaria.afundacion.org\/gl\/wp-json\/wp\/v2\/pages\/10373\/revisions"}],"predecessor-version":[{"id":10718,"href":"https:\/\/imaxinaria.afundacion.org\/gl\/wp-json\/wp\/v2\/pages\/10373\/revisions\/10718"}],"wp:attachment":[{"href":"https:\/\/imaxinaria.afundacion.org\/gl\/wp-json\/wp\/v2\/media?parent=10373"}],"curies":[{"name":"wp","href":"https:\/\/api.w.org\/{rel}","templated":true}]}}