{"id":10389,"date":"2026-02-24T00:06:36","date_gmt":"2026-02-24T00:06:36","guid":{"rendered":"https:\/\/imaxinaria.afundacion.org\/reka-bucsi\/"},"modified":"2026-02-25T11:18:38","modified_gmt":"2026-02-25T11:18:38","slug":"reka-bucsi","status":"publish","type":"page","link":"https:\/\/imaxinaria.afundacion.org\/gl\/reka-bucsi\/","title":{"rendered":"R\u00e9ka Bucsi"},"content":{"rendered":"\t\t<div data-elementor-type=\"wp-page\" data-elementor-id=\"10389\" class=\"elementor elementor-10389 elementor-10270\" data-elementor-post-type=\"page\">\n\t\t\t\t\t\t<section class=\"elementor-section elementor-top-section elementor-element elementor-element-918f2dc elementor-section-full_width elementor-section-height-min-height elementor-section-height-default elementor-section-items-middle\" data-id=\"918f2dc\" data-element_type=\"section\" data-settings=\"{&quot;background_background&quot;:&quot;video&quot;,&quot;background_video_link&quot;:&quot;https:\\\/\\\/www.youtube.com\\\/watch?v=Lv0PnoWu8_4&quot;,&quot;background_video_start&quot;:0,&quot;background_video_end&quot;:6.0999999999999996447286321199499070644378662109375,&quot;background_play_on_mobile&quot;:&quot;yes&quot;}\">\n\t\t\t\t\t\t\t\t<div class=\"elementor-background-video-container\" aria-hidden=\"true\">\n\t\t\t\t\t\t\t\t\t\t\t\t\t<div class=\"elementor-background-video-embed\"><\/div>\n\t\t\t\t\t\t\t\t\t\t\t\t<\/div>\n\t\t\t\t\t\t\t\t<div class=\"elementor-container elementor-column-gap-default\">\n\t\t\t\t\t<div class=\"elementor-column elementor-col-100 elementor-top-column elementor-element elementor-element-7cdf37c\" data-id=\"7cdf37c\" data-element_type=\"column\">\n\t\t\t<div class=\"elementor-widget-wrap\">\n\t\t\t\t\t\t\t<\/div>\n\t\t<\/div>\n\t\t\t\t\t<\/div>\n\t\t<\/section>\n\t\t<div class=\"elementor-element elementor-element-84033f3 e-flex e-con-boxed e-con e-parent\" data-id=\"84033f3\" data-element_type=\"container\">\n\t\t\t\t\t<div class=\"e-con-inner\">\n\t\t<div class=\"elementor-element elementor-element-f554c9e e-con-full e-flex e-con e-child\" data-id=\"f554c9e\" data-element_type=\"container\">\n\t\t\t\t<div class=\"elementor-element elementor-element-61d36e6 elementor-widget elementor-widget-image\" data-id=\"61d36e6\" data-element_type=\"widget\" data-widget_type=\"image.default\">\n\t\t\t\t<div class=\"elementor-widget-container\">\n\t\t\t\t\t\t\t\t\t\t\t\t\t\t\t\t<a href=\"https:\/\/imaxinaria.afundacion.org\/wp-content\/uploads\/2026\/02\/web-imaxinaria-festival-2026-invitados-reka-bucsi-2.jpg\" data-elementor-open-lightbox=\"yes\" data-elementor-lightbox-title=\"Web Imaxinaria Festival 2026 Invitados Reka Bucsi 2\" data-e-action-hash=\"#elementor-action%3Aaction%3Dlightbox%26settings%3DeyJpZCI6MTAxNjUsInVybCI6Imh0dHBzOlwvXC9pbWF4aW5hcmlhLmFmdW5kYWNpb24ub3JnXC93cC1jb250ZW50XC91cGxvYWRzXC8yMDI2XC8wMlwvd2ViLWltYXhpbmFyaWEtZmVzdGl2YWwtMjAyNi1pbnZpdGFkb3MtcmVrYS1idWNzaS0yLmpwZyJ9\">\n\t\t\t\t\t\t\t<img fetchpriority=\"high\" decoding=\"async\" width=\"800\" height=\"800\" src=\"https:\/\/imaxinaria.afundacion.org\/wp-content\/uploads\/2026\/02\/web-imaxinaria-festival-2026-invitados-reka-bucsi-2.jpg\" class=\"attachment-full size-full wp-image-10165\" alt=\"\" srcset=\"https:\/\/imaxinaria.afundacion.org\/wp-content\/uploads\/2026\/02\/web-imaxinaria-festival-2026-invitados-reka-bucsi-2.jpg 800w, https:\/\/imaxinaria.afundacion.org\/wp-content\/uploads\/2026\/02\/web-imaxinaria-festival-2026-invitados-reka-bucsi-2-300x300.jpg 300w, https:\/\/imaxinaria.afundacion.org\/wp-content\/uploads\/2026\/02\/web-imaxinaria-festival-2026-invitados-reka-bucsi-2-150x150.jpg 150w, https:\/\/imaxinaria.afundacion.org\/wp-content\/uploads\/2026\/02\/web-imaxinaria-festival-2026-invitados-reka-bucsi-2-768x768.jpg 768w\" sizes=\"(max-width: 800px) 100vw, 800px\" \/>\t\t\t\t\t\t\t\t<\/a>\n\t\t\t\t\t\t\t\t\t\t\t\t\t\t\t<\/div>\n\t\t\t\t<\/div>\n\t\t\t\t<div class=\"elementor-element elementor-element-80beea5 elementor-widget elementor-widget-text-editor\" data-id=\"80beea5\" data-element_type=\"widget\" data-widget_type=\"text-editor.default\">\n\t\t\t\t<div class=\"elementor-widget-container\">\n\t\t\t\t\t\t\t\t\t<p>Cedida por R\u00e9ca Bucsi<\/p>\n\t\t\t\t\t\t\t\t<\/div>\n\t\t\t\t<\/div>\n\t\t\t\t<\/div>\n\t\t<div class=\"elementor-element elementor-element-adcb66e e-con-full e-flex e-con e-child\" data-id=\"adcb66e\" data-element_type=\"container\">\n\t\t<div class=\"elementor-element elementor-element-476fd23 e-con-full e-flex e-con e-child\" data-id=\"476fd23\" data-element_type=\"container\">\n\t\t\t\t<div class=\"elementor-element elementor-element-1758511 elementor-widget elementor-widget-heading\" data-id=\"1758511\" data-element_type=\"widget\" data-widget_type=\"heading.default\">\n\t\t\t\t<div class=\"elementor-widget-container\">\n\t\t\t\t\t<h2 class=\"elementor-heading-title elementor-size-default\">R\u00e9ka Bucsi<\/h2>\t\t\t\t<\/div>\n\t\t\t\t<\/div>\n\t\t\t\t<div class=\"elementor-element elementor-element-4a3fa31 elementor-widget elementor-widget-text-editor\" data-id=\"4a3fa31\" data-element_type=\"widget\" data-widget_type=\"text-editor.default\">\n\t\t\t\t<div class=\"elementor-widget-container\">\n\t\t\t\t\t\t\t\t\t<p>R\u00e9ka Bucsi \u00e9 unha cineasta de animaci\u00f3n h\u00fangara. Graduouse cun mestrado en realizaci\u00f3n de cinema de animaci\u00f3n na Universidade de Arte e Dese\u00f1o Moholy-Nagy de Budapest. A s\u00faa pel\u00edcula de graduaci\u00f3n, SYMPHONY NO. 42, foi preseleccionada para os Premios \u00d3scar en 2014 na categor\u00eda de Mellor Curtametraxe de Animaci\u00f3n. As s\u00faas pel\u00edculas persoais foron proxectadas en numerosos festivais de cinema de todo o mundo, inclu\u00edndo tres estreas na Berlinale \u2013 Secci\u00f3n Shorts (2014, 2016 e 2018), ademais de competir en d\u00faas ocasi\u00f3ns en Sundance (2015 e 2016), as\u00ed como en Annecy, o BFI London Film Festival e en SXSW en d\u00faas edici\u00f3ns (2016 e 2018). O seu curtametraxe LOVE foi nomeado a Mellor Curtametraxe nos Premios do Cinema Europeo en 2017.<\/p>\n<p>A s\u00faa pel\u00edcula SOLAR WALK ga\u00f1ou o Audi Short Film Award na Berlinale 2018 e o Gran Premio no Ottawa International Animation Festival 2018. Ademais, foi nomeada aos Annie Awards en 2019 na categor\u00eda de Mellor Curtametraxe e actualmente forma parte do cat\u00e1logo de The Criterion Channel. R\u00e9ka \u00e9 membro da Academia de Cinema Europeo desde 2017 e membro da Academia de Artes e Ciencias Cinematogr\u00e1ficas (AMPAS) desde 2021.<\/p>\n<p>Formou parte do xurado en 18 festivais internacionais de cinema, entre eles o Xurado Internacional de Berlinale Shorts 2020, o Festival de Cinema de Sarajevo 2022, o Festival Internacional de Cinema de Shangh\u00e1i 2024 e o Festival Internacional de Cinema de Animaci\u00f3n de Annecy 2025, onde ademais se proxectou un programa retrospectivo da s\u00faa obra. Festivais como o GLAS Animation Festival, o Animateka Festival e o London International Animation Festival tam\u00e9n presentaron retrospectivas do seu traballo. Foi relatora en Pictoplasma tanto en Berl\u00edn como en Nova York, no Pratt Institute de Nova York, en The New School NYC, na FMX Conference on Animation en Alema\u00f1a, e exerceu como profesora convidada no California Institute of the Arts.<\/p>\n<p>Entre os seus clientes figuran Cartoon Network, Adult Swim, Netflix, Hulu, Vimeo, YouTube, Apple Music e FX Networks.<\/p>\n\t\t\t\t\t\t\t\t<\/div>\n\t\t\t\t<\/div>\n\t\t\t\t<div class=\"elementor-element elementor-element-cf21eb2 elementor-mobile-align-center elementor-icon-list--layout-traditional elementor-list-item-link-full_width elementor-widget elementor-widget-icon-list\" data-id=\"cf21eb2\" data-element_type=\"widget\" data-widget_type=\"icon-list.default\">\n\t\t\t\t<div class=\"elementor-widget-container\">\n\t\t\t\t\t\t\t<ul class=\"elementor-icon-list-items\">\n\t\t\t\t\t\t\t<li class=\"elementor-icon-list-item\">\n\t\t\t\t\t\t\t\t\t\t\t<span class=\"elementor-icon-list-icon\">\n\t\t\t\t\t\t\t<i aria-hidden=\"true\" class=\"fas fa-check\"><\/i>\t\t\t\t\t\t<\/span>\n\t\t\t\t\t\t\t\t\t\t<span class=\"elementor-icon-list-text\">Singular Focus<\/span>\n\t\t\t\t\t\t\t\t\t<\/li>\n\t\t\t\t\t\t<\/ul>\n\t\t\t\t\t\t<\/div>\n\t\t\t\t<\/div>\n\t\t\t\t<\/div>\n\t\t\t\t<\/div>\n\t\t\t\t\t<\/div>\n\t\t\t\t<\/div>\n\t\t\t\t<\/div>\n\t\t","protected":false},"excerpt":{"rendered":"<p>Cedida por R\u00e9ca Bucsi R\u00e9ka Bucsi R\u00e9ka Bucsi \u00e9 unha cineasta de animaci\u00f3n h\u00fangara. Graduouse cun mestrado en realizaci\u00f3n de cinema de animaci\u00f3n na Universidade de Arte e Dese\u00f1o Moholy-Nagy de Budapest. A s\u00faa pel\u00edcula de graduaci\u00f3n, SYMPHONY NO. 42, foi preseleccionada para os Premios \u00d3scar en 2014 na categor\u00eda de Mellor Curtametraxe de Animaci\u00f3n. [&hellip;]<\/p>\n","protected":false},"author":2,"featured_media":0,"parent":0,"menu_order":0,"comment_status":"closed","ping_status":"closed","template":"","meta":{"footnotes":""},"class_list":["post-10389","page","type-page","status-publish","hentry"],"_links":{"self":[{"href":"https:\/\/imaxinaria.afundacion.org\/gl\/wp-json\/wp\/v2\/pages\/10389","targetHints":{"allow":["GET"]}}],"collection":[{"href":"https:\/\/imaxinaria.afundacion.org\/gl\/wp-json\/wp\/v2\/pages"}],"about":[{"href":"https:\/\/imaxinaria.afundacion.org\/gl\/wp-json\/wp\/v2\/types\/page"}],"author":[{"embeddable":true,"href":"https:\/\/imaxinaria.afundacion.org\/gl\/wp-json\/wp\/v2\/users\/2"}],"replies":[{"embeddable":true,"href":"https:\/\/imaxinaria.afundacion.org\/gl\/wp-json\/wp\/v2\/comments?post=10389"}],"version-history":[{"count":3,"href":"https:\/\/imaxinaria.afundacion.org\/gl\/wp-json\/wp\/v2\/pages\/10389\/revisions"}],"predecessor-version":[{"id":10708,"href":"https:\/\/imaxinaria.afundacion.org\/gl\/wp-json\/wp\/v2\/pages\/10389\/revisions\/10708"}],"wp:attachment":[{"href":"https:\/\/imaxinaria.afundacion.org\/gl\/wp-json\/wp\/v2\/media?parent=10389"}],"curies":[{"name":"wp","href":"https:\/\/api.w.org\/{rel}","templated":true}]}}