{"id":2919,"date":"2023-03-29T11:38:49","date_gmt":"2023-03-29T11:38:49","guid":{"rendered":"https:\/\/imaxinaria.afundacion.org\/equipo\/"},"modified":"2026-02-25T11:15:54","modified_gmt":"2026-02-25T11:15:54","slug":"equipo","status":"publish","type":"page","link":"https:\/\/imaxinaria.afundacion.org\/gl\/equipo\/","title":{"rendered":"equipo"},"content":{"rendered":"\t\t<div data-elementor-type=\"wp-page\" data-elementor-id=\"2919\" class=\"elementor elementor-2919 elementor-1272\" data-elementor-post-type=\"page\">\n\t\t\t\t\t\t<section class=\"elementor-section elementor-top-section elementor-element elementor-element-fd8a669 elementor-section-full_width elementor-section-height-min-height elementor-section-height-default elementor-section-items-middle\" data-id=\"fd8a669\" data-element_type=\"section\" data-settings=\"{&quot;background_background&quot;:&quot;video&quot;,&quot;background_video_link&quot;:&quot;https:\\\/\\\/www.youtube.com\\\/watch?v=Lv0PnoWu8_4&quot;,&quot;background_video_start&quot;:0,&quot;background_video_end&quot;:6.0999999999999996447286321199499070644378662109375,&quot;background_play_on_mobile&quot;:&quot;yes&quot;}\">\n\t\t\t\t\t\t\t\t<div class=\"elementor-background-video-container\" aria-hidden=\"true\">\n\t\t\t\t\t\t\t\t\t\t\t\t\t<div class=\"elementor-background-video-embed\"><\/div>\n\t\t\t\t\t\t\t\t\t\t\t\t<\/div>\n\t\t\t\t\t\t\t\t<div class=\"elementor-container elementor-column-gap-default\">\n\t\t\t\t\t<div class=\"elementor-column elementor-col-100 elementor-top-column elementor-element elementor-element-298a100\" data-id=\"298a100\" data-element_type=\"column\">\n\t\t\t<div class=\"elementor-widget-wrap\">\n\t\t\t\t\t\t\t<\/div>\n\t\t<\/div>\n\t\t\t\t\t<\/div>\n\t\t<\/section>\n\t\t\t\t<section class=\"elementor-section elementor-top-section elementor-element elementor-element-52f4951 elementor-section-full_width elementor-section-height-default elementor-section-height-default\" data-id=\"52f4951\" data-element_type=\"section\" data-settings=\"{&quot;background_background&quot;:&quot;video&quot;}\">\n\t\t\t\t\t\t<div class=\"elementor-container elementor-column-gap-default\">\n\t\t\t\t\t<div class=\"elementor-column elementor-col-100 elementor-top-column elementor-element elementor-element-2531c16\" data-id=\"2531c16\" data-element_type=\"column\">\n\t\t\t<div class=\"elementor-widget-wrap elementor-element-populated\">\n\t\t\t\t\t\t<section class=\"elementor-section elementor-inner-section elementor-element elementor-element-6076c32 elementor-section-boxed elementor-section-height-default elementor-section-height-default\" data-id=\"6076c32\" data-element_type=\"section\">\n\t\t\t\t\t\t<div class=\"elementor-container elementor-column-gap-default\">\n\t\t\t\t\t<div class=\"elementor-column elementor-col-100 elementor-inner-column elementor-element elementor-element-afabd9b\" data-id=\"afabd9b\" data-element_type=\"column\">\n\t\t\t<div class=\"elementor-widget-wrap elementor-element-populated\">\n\t\t\t\t\t\t<div class=\"elementor-element elementor-element-c398a16 elementor-widget elementor-widget-heading\" data-id=\"c398a16\" data-element_type=\"widget\" data-widget_type=\"heading.default\">\n\t\t\t\t<div class=\"elementor-widget-container\">\n\t\t\t\t\t<h2 class=\"elementor-heading-title elementor-size-default\">equipo imaxinaria<\/h2>\t\t\t\t<\/div>\n\t\t\t\t<\/div>\n\t\t\t\t\t<\/div>\n\t\t<\/div>\n\t\t\t\t\t<\/div>\n\t\t<\/section>\n\t\t\t\t<section class=\"elementor-section elementor-inner-section elementor-element elementor-element-76b29de elementor-section-boxed elementor-section-height-default elementor-section-height-default\" data-id=\"76b29de\" data-element_type=\"section\">\n\t\t\t\t\t\t<div class=\"elementor-container elementor-column-gap-default\">\n\t\t\t\t\t<div class=\"elementor-column elementor-col-100 elementor-inner-column elementor-element elementor-element-2dfd741\" data-id=\"2dfd741\" data-element_type=\"column\">\n\t\t\t<div class=\"elementor-widget-wrap elementor-element-populated\">\n\t\t\t\t\t\t<div class=\"elementor-element elementor-element-14c3912 elementor-widget elementor-widget-text-editor\" data-id=\"14c3912\" data-element_type=\"widget\" data-widget_type=\"text-editor.default\">\n\t\t\t\t<div class=\"elementor-widget-container\">\n\t\t\t\t\t\t\t\t\t<p><span style=\"font-weight: 500;\"><strong>Organizaci\u00f3n.<\/strong>\u00a0<a href=\"https:\/\/www.afundacion.org\" target=\"_blank\" rel=\"noopener\">Afundaci\u00f3n Obra Social. Abanca<\/a><\/span><\/p>\n<p><span style=\"font-weight: 500;\"><strong>\u00c1rea Cultura Afundaci\u00f3n<\/strong>.<\/span><\/p>\n<p><span style=\"font-weight: 500;\"><strong>Direcci\u00f3n art\u00edstica.\u00a0<\/strong><a href=\"https:\/\/albertovazquez.net\" target=\"_blank\" rel=\"noopener\">Alberto V\u00e1zquez<\/a><\/span><\/p>\n<p><span style=\"font-weight: 500;\"><strong>Coordinaci\u00f3n xeral e direcci\u00f3n de produci\u00f3n.<\/strong> <a href=\"https:\/\/ogatocosmicom.wordpress.com\/proxectos\/\" target=\"_blank\" rel=\"noopener\">Matilde Rodr\u00edguez<\/a><\/span><\/p>\n<p><span style=\"font-weight: 500;\"><strong>Programador Secci\u00f3n Oficial. <\/strong><a href=\"https:\/\/es.linkedin.com\/in\/severianoc\" target=\"_blank\" rel=\"noopener\">Severiano Casalderrey<\/a><\/span><\/p>\n<p><span style=\"font-weight: 500;\"><strong>Hospitalidade e voluntariado.<\/strong><a href=\"https:\/\/saralunacastillo5a.wixsite.com\/neithesia\" target=\"_blank\" rel=\"noopener\">Sara Luna<\/a><\/span><\/p>\n<p><span style=\"font-weight: 500;\"><strong>Asistente Producci\u00f3n. <\/strong><a href=\"https:\/\/www.kappowsky.com\/\" target=\"_blank\" rel=\"noopener\">Santi Berdullas Silva<\/a><\/span><\/p>\n<p><span style=\"font-weight: 500;\"><strong>Dese\u00f1o. <\/strong><a href=\"http:\/\/andrearodriguez.es\" target=\"_blank\" rel=\"noopener\">Andrea Rodr\u00edguez<\/a><\/span><\/p>\n<p><span style=\"font-weight: 500;\"><strong>Fotograf\u00eda.<\/strong> <a href=\"http:\/\/andrearodriguez.es\" target=\"_blank\" rel=\"noopener\">Andrea Rodr\u00edguez<\/a> &amp; <a href=\"https:\/\/www.amoraphoto.com\/\" target=\"_blank\" rel=\"noopener\">Amora<\/a><\/span><\/p>\n<p><span style=\"font-weight: 500;\"><strong>V\u00eddeo. <\/strong><a href=\"https:\/\/manuelsilva.net\" target=\"_blank\" rel=\"noopener\">Manuel Silva<\/a><\/span><\/p>\n<p><span style=\"font-weight: 500;\"><strong>Marketing.<\/strong> <span style=\"font-weight: 400;\">\u00c1rea Marketing Afundaci\u00f3n<\/span><\/span><\/p>\n<p><span style=\"font-weight: 500;\"><strong>Comunicaci\u00f3n.<\/strong> <span style=\"font-weight: 400;\">Comunicaci\u00f3n Afundaci\u00f3n<\/span><\/span><\/p>\n<p><span style=\"font-weight: 500;\"><strong>Redes sociais.<\/strong> <a href=\"https:\/\/www.instagram.com\/andreavife_\/\" target=\"_blank\" rel=\"noopener\">Andrea Villa<\/a><\/span><\/p>\n<p><span style=\"font-weight: 500;\"><strong>Ilustraci\u00f3n imaxe. <\/strong><a href=\"https:\/\/www.instagram.com\/cdaura\/\" target=\"_blank\" rel=\"noopener\">Cristina Daura<\/a><\/span><\/p>\n<p><span style=\"font-weight: 500;\"><strong>Tr\u00e1iler.<\/strong> <a href=\"https:\/\/isabelvila.com\/\" target=\"_blank\" rel=\"noopener\">Isabel Vila <\/a><\/span><span style=\"font-weight: 500;\">y <a href=\"https:\/\/linktr.ee\/death.whistle?fbclid=PAAaaIitBZbg7MZCcW5UzpTlLoO7AifW0CbU7_8MwvimoXjS2DJr3xoaQ7B_0\" target=\"_blank\" rel=\"noopener\">V\u00edctor Garc\u00eda<\/a><\/span><\/p>\n<p><span style=\"font-weight: 500;\"><strong>Dese\u00f1o premios.<\/strong> <a href=\"https:\/\/www.giovannalopalco.com\/\" target=\"_blank\" rel=\"noopener\">Giovanna Lopalco<\/a><\/span><\/p>\n\t\t\t\t\t\t\t\t<\/div>\n\t\t\t\t<\/div>\n\t\t\t\t\t<\/div>\n\t\t<\/div>\n\t\t\t\t\t<\/div>\n\t\t<\/section>\n\t\t\t\t\t<\/div>\n\t\t<\/div>\n\t\t\t\t\t<\/div>\n\t\t<\/section>\n\t\t\t\t<\/div>\n\t\t","protected":false},"excerpt":{"rendered":"<p>equipo imaxinaria Organizaci\u00f3n.\u00a0Afundaci\u00f3n Obra Social. Abanca \u00c1rea Cultura Afundaci\u00f3n. Direcci\u00f3n art\u00edstica.\u00a0Alberto V\u00e1zquez Coordinaci\u00f3n xeral e direcci\u00f3n de produci\u00f3n. Matilde Rodr\u00edguez Programador Secci\u00f3n Oficial. Severiano Casalderrey Hospitalidade e voluntariado.Sara Luna Asistente Producci\u00f3n. Santi Berdullas Silva Dese\u00f1o. Andrea Rodr\u00edguez Fotograf\u00eda. Andrea Rodr\u00edguez &amp; Amora V\u00eddeo. Manuel Silva Marketing. \u00c1rea Marketing Afundaci\u00f3n Comunicaci\u00f3n. Comunicaci\u00f3n Afundaci\u00f3n Redes sociais. Andrea [&hellip;]<\/p>\n","protected":false},"author":2,"featured_media":4270,"parent":0,"menu_order":0,"comment_status":"closed","ping_status":"closed","template":"","meta":{"footnotes":""},"class_list":["post-2919","page","type-page","status-publish","has-post-thumbnail","hentry"],"_links":{"self":[{"href":"https:\/\/imaxinaria.afundacion.org\/gl\/wp-json\/wp\/v2\/pages\/2919","targetHints":{"allow":["GET"]}}],"collection":[{"href":"https:\/\/imaxinaria.afundacion.org\/gl\/wp-json\/wp\/v2\/pages"}],"about":[{"href":"https:\/\/imaxinaria.afundacion.org\/gl\/wp-json\/wp\/v2\/types\/page"}],"author":[{"embeddable":true,"href":"https:\/\/imaxinaria.afundacion.org\/gl\/wp-json\/wp\/v2\/users\/2"}],"replies":[{"embeddable":true,"href":"https:\/\/imaxinaria.afundacion.org\/gl\/wp-json\/wp\/v2\/comments?post=2919"}],"version-history":[{"count":8,"href":"https:\/\/imaxinaria.afundacion.org\/gl\/wp-json\/wp\/v2\/pages\/2919\/revisions"}],"predecessor-version":[{"id":10665,"href":"https:\/\/imaxinaria.afundacion.org\/gl\/wp-json\/wp\/v2\/pages\/2919\/revisions\/10665"}],"wp:featuredmedia":[{"embeddable":true,"href":"https:\/\/imaxinaria.afundacion.org\/gl\/wp-json\/wp\/v2\/media\/4270"}],"wp:attachment":[{"href":"https:\/\/imaxinaria.afundacion.org\/gl\/wp-json\/wp\/v2\/media?parent=2919"}],"curies":[{"name":"wp","href":"https:\/\/api.w.org\/{rel}","templated":true}]}}