{"id":2930,"date":"2023-04-11T07:43:25","date_gmt":"2023-04-11T07:43:25","guid":{"rendered":"https:\/\/imaxinaria.afundacion.org\/khris-cembe\/"},"modified":"2026-02-25T17:01:47","modified_gmt":"2026-02-25T17:01:47","slug":"khris-cembe","status":"publish","type":"page","link":"https:\/\/imaxinaria.afundacion.org\/gl\/khris-cembe\/","title":{"rendered":"Khris Cembe"},"content":{"rendered":"\t\t<div data-elementor-type=\"wp-page\" data-elementor-id=\"2930\" class=\"elementor elementor-2930 elementor-1648\" data-elementor-post-type=\"page\">\n\t\t\t\t\t\t<section class=\"elementor-section elementor-top-section elementor-element elementor-element-9aea6ac elementor-section-full_width elementor-section-height-min-height elementor-section-height-default elementor-section-items-middle\" data-id=\"9aea6ac\" data-element_type=\"section\" data-settings=\"{&quot;background_background&quot;:&quot;video&quot;,&quot;background_video_link&quot;:&quot;https:\\\/\\\/www.youtube.com\\\/watch?v=SC9sFofoR1w&quot;,&quot;background_video_start&quot;:9,&quot;background_video_end&quot;:10.4000000000000003552713678800500929355621337890625,&quot;background_play_on_mobile&quot;:&quot;yes&quot;}\">\n\t\t\t\t\t\t\t\t<div class=\"elementor-background-video-container\" aria-hidden=\"true\">\n\t\t\t\t\t\t\t\t\t\t\t\t\t<div class=\"elementor-background-video-embed\"><\/div>\n\t\t\t\t\t\t\t\t\t\t\t\t<\/div>\n\t\t\t\t\t\t\t\t<div class=\"elementor-container elementor-column-gap-default\">\n\t\t\t\t\t<div class=\"elementor-column elementor-col-100 elementor-top-column elementor-element elementor-element-12cd58e\" data-id=\"12cd58e\" data-element_type=\"column\">\n\t\t\t<div class=\"elementor-widget-wrap\">\n\t\t\t\t\t\t\t<\/div>\n\t\t<\/div>\n\t\t\t\t\t<\/div>\n\t\t<\/section>\n\t\t\t\t<section class=\"elementor-section elementor-top-section elementor-element elementor-element-1f7c738 elementor-section-boxed elementor-section-height-default elementor-section-height-default\" data-id=\"1f7c738\" data-element_type=\"section\">\n\t\t\t\t\t\t<div class=\"elementor-container elementor-column-gap-default\">\n\t\t\t\t\t<div class=\"elementor-column elementor-col-100 elementor-top-column elementor-element elementor-element-1008802\" data-id=\"1008802\" data-element_type=\"column\">\n\t\t\t<div class=\"elementor-widget-wrap elementor-element-populated\">\n\t\t\t\t\t\t<section class=\"elementor-section elementor-inner-section elementor-element elementor-element-cf83e3d elementor-section-boxed elementor-section-height-default elementor-section-height-default\" data-id=\"cf83e3d\" data-element_type=\"section\">\n\t\t\t\t\t\t<div class=\"elementor-container elementor-column-gap-default\">\n\t\t\t\t\t<div class=\"elementor-column elementor-col-50 elementor-inner-column elementor-element elementor-element-ed95795\" data-id=\"ed95795\" data-element_type=\"column\">\n\t\t\t<div class=\"elementor-widget-wrap elementor-element-populated\">\n\t\t\t\t\t\t<div class=\"elementor-element elementor-element-e623527 elementor-widget elementor-widget-heading\" data-id=\"e623527\" data-element_type=\"widget\" data-widget_type=\"heading.default\">\n\t\t\t\t<div class=\"elementor-widget-container\">\n\t\t\t\t\t<h2 class=\"elementor-heading-title elementor-size-default\">Khris Cembe<\/h2>\t\t\t\t<\/div>\n\t\t\t\t<\/div>\n\t\t\t\t<div class=\"elementor-element elementor-element-12cb002 elementor-widget elementor-widget-image\" data-id=\"12cb002\" data-element_type=\"widget\" data-widget_type=\"image.default\">\n\t\t\t\t<div class=\"elementor-widget-container\">\n\t\t\t\t\t\t\t\t\t\t\t\t\t\t\t\t<a href=\"https:\/\/imaxinaria.afundacion.org\/wp-content\/uploads\/2023\/04\/web-imaxinaria-festival-2023-jurado-khris-cembe-2.jpg\" data-elementor-open-lightbox=\"yes\" data-elementor-lightbox-title=\"Imaxinaria Festival Internacional de animaci\u00f3n Afundaci\u00f3n\" data-e-action-hash=\"#elementor-action%3Aaction%3Dlightbox%26settings%3DeyJpZCI6MTY5NiwidXJsIjoiaHR0cHM6XC9cL2ltYXhpbmFyaWEuYWZ1bmRhY2lvbi5vcmdcL3dwLWNvbnRlbnRcL3VwbG9hZHNcLzIwMjNcLzA0XC93ZWItaW1heGluYXJpYS1mZXN0aXZhbC0yMDIzLWp1cmFkby1raHJpcy1jZW1iZS0yLmpwZyJ9\">\n\t\t\t\t\t\t\t<img fetchpriority=\"high\" decoding=\"async\" width=\"800\" height=\"800\" src=\"https:\/\/imaxinaria.afundacion.org\/wp-content\/uploads\/2023\/04\/web-imaxinaria-festival-2023-jurado-khris-cembe-2.jpg\" class=\"attachment-full size-full wp-image-1696\" alt=\"\" srcset=\"https:\/\/imaxinaria.afundacion.org\/wp-content\/uploads\/2023\/04\/web-imaxinaria-festival-2023-jurado-khris-cembe-2.jpg 800w, https:\/\/imaxinaria.afundacion.org\/wp-content\/uploads\/2023\/04\/web-imaxinaria-festival-2023-jurado-khris-cembe-2-300x300.jpg 300w, https:\/\/imaxinaria.afundacion.org\/wp-content\/uploads\/2023\/04\/web-imaxinaria-festival-2023-jurado-khris-cembe-2-150x150.jpg 150w, https:\/\/imaxinaria.afundacion.org\/wp-content\/uploads\/2023\/04\/web-imaxinaria-festival-2023-jurado-khris-cembe-2-768x768.jpg 768w\" sizes=\"(max-width: 800px) 100vw, 800px\" \/>\t\t\t\t\t\t\t\t<\/a>\n\t\t\t\t\t\t\t\t\t\t\t\t\t\t\t<\/div>\n\t\t\t\t<\/div>\n\t\t\t\t<div class=\"elementor-element elementor-element-71bc120 elementor-widget elementor-widget-text-editor\" data-id=\"71bc120\" data-element_type=\"widget\" data-widget_type=\"text-editor.default\">\n\t\t\t\t<div class=\"elementor-widget-container\">\n\t\t\t\t\t\t\t\t\t<p>Cedida por Khris Cembe<\/p>\n\t\t\t\t\t\t\t\t<\/div>\n\t\t\t\t<\/div>\n\t\t\t\t\t<\/div>\n\t\t<\/div>\n\t\t\t\t<div class=\"elementor-column elementor-col-50 elementor-inner-column elementor-element elementor-element-d1b5565\" data-id=\"d1b5565\" data-element_type=\"column\">\n\t\t\t<div class=\"elementor-widget-wrap elementor-element-populated\">\n\t\t\t\t\t\t<div class=\"elementor-element elementor-element-476cfa1 elementor-widget elementor-widget-text-editor\" data-id=\"476cfa1\" data-element_type=\"widget\" data-widget_type=\"text-editor.default\">\n\t\t\t\t<div class=\"elementor-widget-container\">\n\t\t\t\t\t\t\t\t\t<span style=\"font-weight: 400;\"><a href=\"https:\/\/cargocollective.com\/khriscembe\/\" target=\"_blank\" rel=\"noopener\">Khris Cembe<\/a> <\/span> (Madrid, 1983) \u00e9\u00a0<span style=\"font-weight: 400;\">animador, director e guionista. Forma parte da Academia das Artes e as Ciencias Cinematogr\u00e1ficas de Espa\u00f1a. Comezou a s\u00faa carreira na famosa web serie <\/span><b><i>C\u00e1lico Electr\u00f3nico<\/i><\/b><span style=\"font-weight: 400;\"> (2004-2015). Foi responsable da cor, o desenvolvemento visual e a animaci\u00f3n da premiada curtametraxe <\/span><b><i>Birdboy <\/i><\/b><span style=\"font-weight: 400;\">(2010), ga\u00f1ador do Premio Goya a mellor curta de animaci\u00f3n. Foi director de animaci\u00f3n da longametraxe <\/span><b><i>Psiconautas, los ni\u00f1os olvidados<\/i><\/b><span style=\"font-weight: 400;\"> (2015) e a curtametraxe <\/span><b><i>Decorado <\/i><\/b><span style=\"font-weight: 400;\">(2016), ambos traballos galardoados en festivais de todo o mundo.<\/span><br><br><span style=\"font-weight: 400;\">Coa curtametraxe <\/span><b><i>Viaje a pies<\/i><\/b><span style=\"font-weight: 400;\"> (2015), estreada na competici\u00f3n do prestixioso Festival de animaci\u00f3n de Annecy, debutou como director e guionista. A s\u00faa segunda e multipremiada curtametraxe, <\/span><b><i>Soy una tumba<\/i><\/b><span style=\"font-weight: 400;\"> (2018), estreouse na selecci\u00f3n oficial do Festival Internacional de Clermont-Ferrand, acadando tam\u00e9n a nomeaci\u00f3n aos premios Goya.<\/span><br><br><span style=\"font-weight: 400;\">Asumiu a direcci\u00f3n de animaci\u00f3n e o dese\u00f1o de personaxes en <\/span><b><i>Homeless Home<\/i><\/b><span style=\"font-weight: 400;\"> (2020), primeira curtametraxe espa\u00f1ola en recibir o premio de Xurado no festival de Annecy. Foi asistente de direcci\u00f3n da aclamada pel\u00edcula de Alberto V\u00e1zquez, <\/span><b><i>Unicorn Wars<\/i><\/b><span style=\"font-weight: 400;\"> (2022), na que ademais se encargou da direcci\u00f3n e dese\u00f1o de animaci\u00f3n, o <\/span><i><span style=\"font-weight: 400;\">storyboard <\/span><\/i><span style=\"font-weight: 400;\">e o dese\u00f1o de personaxes. <\/span><i><span style=\"font-weight: 400;\">Unicorn Wars<\/span><\/i><span style=\"font-weight: 400;\"> ga\u00f1ou multitude de premios, inclu\u00edndo o \u00faltimo Premio Goya \u00e1 Mellor Pel\u00edcula de Animaci\u00f3n.<\/span><br><br><span style=\"font-weight: 400;\">Na actualidade est\u00e1 a escribir <\/span><b><i>Matanza<\/i><\/b><span style=\"font-weight: 400;\">, a s\u00faa primeira longametraxe.<\/span>\t\t\t\t\t\t\t\t<\/div>\n\t\t\t\t<\/div>\n\t\t\t\t\t<\/div>\n\t\t<\/div>\n\t\t\t\t\t<\/div>\n\t\t<\/section>\n\t\t\t\t\t<\/div>\n\t\t<\/div>\n\t\t\t\t\t<\/div>\n\t\t<\/section>\n\t\t\t\t<\/div>\n\t\t","protected":false},"excerpt":{"rendered":"<p>Khris Cembe Cedida por Khris Cembe Khris Cembe (Madrid, 1983) \u00e9\u00a0animador, director e guionista. Forma parte da Academia das Artes e as Ciencias Cinematogr\u00e1ficas de Espa\u00f1a. Comezou a s\u00faa carreira na famosa web serie C\u00e1lico Electr\u00f3nico (2004-2015). Foi responsable da cor, o desenvolvemento visual e a animaci\u00f3n da premiada curtametraxe Birdboy (2010), ga\u00f1ador do Premio [&hellip;]<\/p>\n","protected":false},"author":2,"featured_media":0,"parent":0,"menu_order":0,"comment_status":"closed","ping_status":"closed","template":"","meta":{"footnotes":""},"class_list":["post-2930","page","type-page","status-publish","hentry"],"_links":{"self":[{"href":"https:\/\/imaxinaria.afundacion.org\/gl\/wp-json\/wp\/v2\/pages\/2930","targetHints":{"allow":["GET"]}}],"collection":[{"href":"https:\/\/imaxinaria.afundacion.org\/gl\/wp-json\/wp\/v2\/pages"}],"about":[{"href":"https:\/\/imaxinaria.afundacion.org\/gl\/wp-json\/wp\/v2\/types\/page"}],"author":[{"embeddable":true,"href":"https:\/\/imaxinaria.afundacion.org\/gl\/wp-json\/wp\/v2\/users\/2"}],"replies":[{"embeddable":true,"href":"https:\/\/imaxinaria.afundacion.org\/gl\/wp-json\/wp\/v2\/comments?post=2930"}],"version-history":[{"count":4,"href":"https:\/\/imaxinaria.afundacion.org\/gl\/wp-json\/wp\/v2\/pages\/2930\/revisions"}],"predecessor-version":[{"id":10771,"href":"https:\/\/imaxinaria.afundacion.org\/gl\/wp-json\/wp\/v2\/pages\/2930\/revisions\/10771"}],"wp:attachment":[{"href":"https:\/\/imaxinaria.afundacion.org\/gl\/wp-json\/wp\/v2\/media?parent=2930"}],"curies":[{"name":"wp","href":"https:\/\/api.w.org\/{rel}","templated":true}]}}