{"id":2937,"date":"2023-04-11T08:01:20","date_gmt":"2023-04-11T08:01:20","guid":{"rendered":"https:\/\/imaxinaria.afundacion.org\/nuno-beato\/"},"modified":"2026-02-25T17:02:47","modified_gmt":"2026-02-25T17:02:47","slug":"nuno-beato","status":"publish","type":"page","link":"https:\/\/imaxinaria.afundacion.org\/gl\/nuno-beato\/","title":{"rendered":"Nuno Beato"},"content":{"rendered":"\t\t<div data-elementor-type=\"wp-page\" data-elementor-id=\"2937\" class=\"elementor elementor-2937 elementor-1672\" data-elementor-post-type=\"page\">\n\t\t\t\t\t\t<section class=\"elementor-section elementor-top-section elementor-element elementor-element-c4dff42 elementor-section-full_width elementor-section-height-min-height elementor-section-height-default elementor-section-items-middle\" data-id=\"c4dff42\" data-element_type=\"section\" data-settings=\"{&quot;background_background&quot;:&quot;video&quot;,&quot;background_video_link&quot;:&quot;https:\\\/\\\/www.youtube.com\\\/watch?v=SC9sFofoR1w&quot;,&quot;background_video_start&quot;:2,&quot;background_video_end&quot;:3.20000000000000017763568394002504646778106689453125}\">\n\t\t\t\t\t\t\t\t<div class=\"elementor-background-video-container elementor-hidden-mobile\" aria-hidden=\"true\">\n\t\t\t\t\t\t\t\t\t\t\t\t\t<div class=\"elementor-background-video-embed\"><\/div>\n\t\t\t\t\t\t\t\t\t\t\t\t<\/div>\n\t\t\t\t\t\t\t\t<div class=\"elementor-container elementor-column-gap-default\">\n\t\t\t\t\t<div class=\"elementor-column elementor-col-100 elementor-top-column elementor-element elementor-element-461634d\" data-id=\"461634d\" data-element_type=\"column\">\n\t\t\t<div class=\"elementor-widget-wrap\">\n\t\t\t\t\t\t\t<\/div>\n\t\t<\/div>\n\t\t\t\t\t<\/div>\n\t\t<\/section>\n\t\t\t\t<section class=\"elementor-section elementor-top-section elementor-element elementor-element-1f7c738 elementor-section-boxed elementor-section-height-default elementor-section-height-default\" data-id=\"1f7c738\" data-element_type=\"section\">\n\t\t\t\t\t\t<div class=\"elementor-container elementor-column-gap-default\">\n\t\t\t\t\t<div class=\"elementor-column elementor-col-100 elementor-top-column elementor-element elementor-element-1008802\" data-id=\"1008802\" data-element_type=\"column\">\n\t\t\t<div class=\"elementor-widget-wrap elementor-element-populated\">\n\t\t\t\t\t\t<section class=\"elementor-section elementor-inner-section elementor-element elementor-element-cf83e3d elementor-section-boxed elementor-section-height-default elementor-section-height-default\" data-id=\"cf83e3d\" data-element_type=\"section\">\n\t\t\t\t\t\t<div class=\"elementor-container elementor-column-gap-default\">\n\t\t\t\t\t<div class=\"elementor-column elementor-col-50 elementor-inner-column elementor-element elementor-element-ed95795\" data-id=\"ed95795\" data-element_type=\"column\">\n\t\t\t<div class=\"elementor-widget-wrap elementor-element-populated\">\n\t\t\t\t\t\t<div class=\"elementor-element elementor-element-e623527 elementor-widget elementor-widget-heading\" data-id=\"e623527\" data-element_type=\"widget\" data-widget_type=\"heading.default\">\n\t\t\t\t<div class=\"elementor-widget-container\">\n\t\t\t\t\t<h2 class=\"elementor-heading-title elementor-size-default\">Nuno Beato<\/h2>\t\t\t\t<\/div>\n\t\t\t\t<\/div>\n\t\t\t\t<div class=\"elementor-element elementor-element-12cb002 elementor-widget elementor-widget-image\" data-id=\"12cb002\" data-element_type=\"widget\" data-widget_type=\"image.default\">\n\t\t\t\t<div class=\"elementor-widget-container\">\n\t\t\t\t\t\t\t\t\t\t\t\t\t\t\t\t<a href=\"https:\/\/imaxinaria.afundacion.org\/wp-content\/uploads\/2023\/04\/web-imaxinaria-festival-2023-jurado-nuno-beato.jpg\" data-elementor-open-lightbox=\"yes\" data-elementor-lightbox-title=\"Afundaci\u00f3n International Animation Festival  - Nuno Lisboa\" data-e-action-hash=\"#elementor-action%3Aaction%3Dlightbox%26settings%3DeyJpZCI6MTUxNywidXJsIjoiaHR0cHM6XC9cL2ltYXhpbmFyaWEuYWZ1bmRhY2lvbi5vcmdcL3dwLWNvbnRlbnRcL3VwbG9hZHNcLzIwMjNcLzA0XC93ZWItaW1heGluYXJpYS1mZXN0aXZhbC0yMDIzLWp1cmFkby1udW5vLWJlYXRvLmpwZyJ9\">\n\t\t\t\t\t\t\t<img fetchpriority=\"high\" decoding=\"async\" width=\"800\" height=\"800\" src=\"https:\/\/imaxinaria.afundacion.org\/wp-content\/uploads\/2023\/04\/web-imaxinaria-festival-2023-jurado-nuno-beato.jpg\" class=\"attachment-full size-full wp-image-1517\" alt=\"\" srcset=\"https:\/\/imaxinaria.afundacion.org\/wp-content\/uploads\/2023\/04\/web-imaxinaria-festival-2023-jurado-nuno-beato.jpg 800w, https:\/\/imaxinaria.afundacion.org\/wp-content\/uploads\/2023\/04\/web-imaxinaria-festival-2023-jurado-nuno-beato-300x300.jpg 300w, https:\/\/imaxinaria.afundacion.org\/wp-content\/uploads\/2023\/04\/web-imaxinaria-festival-2023-jurado-nuno-beato-150x150.jpg 150w, https:\/\/imaxinaria.afundacion.org\/wp-content\/uploads\/2023\/04\/web-imaxinaria-festival-2023-jurado-nuno-beato-768x768.jpg 768w\" sizes=\"(max-width: 800px) 100vw, 800px\" \/>\t\t\t\t\t\t\t\t<\/a>\n\t\t\t\t\t\t\t\t\t\t\t\t\t\t\t<\/div>\n\t\t\t\t<\/div>\n\t\t\t\t<div class=\"elementor-element elementor-element-71bc120 elementor-widget elementor-widget-text-editor\" data-id=\"71bc120\" data-element_type=\"widget\" data-widget_type=\"text-editor.default\">\n\t\t\t\t<div class=\"elementor-widget-container\">\n\t\t\t\t\t\t\t\t\t<p>Cedida por Nuno Beato<\/p>\n\t\t\t\t\t\t\t\t<\/div>\n\t\t\t\t<\/div>\n\t\t\t\t\t<\/div>\n\t\t<\/div>\n\t\t\t\t<div class=\"elementor-column elementor-col-50 elementor-inner-column elementor-element elementor-element-d1b5565\" data-id=\"d1b5565\" data-element_type=\"column\">\n\t\t\t<div class=\"elementor-widget-wrap elementor-element-populated\">\n\t\t\t\t\t\t<div class=\"elementor-element elementor-element-476cfa1 elementor-widget elementor-widget-text-editor\" data-id=\"476cfa1\" data-element_type=\"widget\" data-widget_type=\"text-editor.default\">\n\t\t\t\t<div class=\"elementor-widget-container\">\n\t\t\t\t\t\t\t\t\t<p>Nuno Beato (Lisboa, 1977)\u00e9\u00a0<span style=\"font-weight: 400;\">un director, guionista e produtor. En 1998 creou a compa\u00f1\u00eda de animaci\u00f3n Lampadacesa, na que dirixiu as s\u00faas primeiras curtametraxes <\/span><b><i>Manos <\/i><\/b><span style=\"font-weight: 400;\">(2000) e <\/span><b><i>H\u00edssis <\/i><\/b><span style=\"font-weight: 400;\">(2003), entre outros traballos publicitarios. Tras esta experiencia, fundou a produtora Sardinha em Lata en 2007, desenvolvendo dende ent\u00f3n as s\u00faas novas produci\u00f3ns. O primeiro traballo realizado nesta compa\u00f1\u00eda foi a curtametraxe <\/span><b><i>Mi vida en tus manos<\/i><\/b><span style=\"font-weight: 400;\"> (2009), coa que logrou preto de 100 selecci\u00f3ns en festivais de todo o mundo.<\/span><\/p>\n<p><span style=\"font-weight: 400;\">Como produtor de Sardinha em Lata, realizou t\u00edtulos cl\u00e1sicos da animaci\u00f3n portuguesa como <\/span><b><i>Os olhos do farol<\/i><\/b><span style=\"font-weight: 400;\"> (2010) de Pedro Serrazina, <\/span><b><i>Viagem a Cabo Verde<\/i><\/b><span style=\"font-weight: 400;\"> (2010) de Jos\u00e9 Miguel Ribeiro e <\/span><b><i>O sapateiro<\/i><\/b><span style=\"font-weight: 400;\"> (2012), a primeira curtametraxe da David Doutel e Vasco S\u00e1. Durante este anos tam\u00e9n dirixiu a serie animada de televisi\u00f3n <\/span><b><i>Ema &amp; Gui<\/i><\/b><span style=\"font-weight: 400;\"> (2010), exhibida en Portugal, Espa\u00f1a, Italia, Finlandia, Corea do Sur e Arxentina. Nos \u00faltimos tempos, a compa\u00f1\u00eda aportou \u00e9xitos como <\/span><b><i>A menina parada<\/i><\/b><span style=\"font-weight: 400;\"> (2021) de Joana Toste, <\/span><b><i>The Monkey<\/i><\/b><span style=\"font-weight: 400;\"> (2021) de Xos\u00e9 Manuel Zapata e Lorenzo Degl&#8217;Innocenti ou <\/span><b><i>Degelo <\/i><\/b><span style=\"font-weight: 400;\">(2022) das debutantes Susana Miguel Ant\u00f3nio e Filipa Gomes da Costa.<\/span><\/p>\n<p><span style=\"font-weight: 400;\">Combinou a s\u00faa faceta creativa coa docencia en diversas instituci\u00f3ns portuguesas dende o ano 2002. Actualmente \u00e9 profesor de animaci\u00f3n na Universidade Lus\u00f3fona (Lisboa), as\u00ed como o responsable da materia de dese\u00f1o no ISEC Lisboa, o Instituto Superior de Educa\u00e7\u00e3o e Ci\u00eancias.<\/span><\/p>\n<p><span style=\"font-weight: 400;\">Acaba de rematar a s\u00faa primeira longametraxe de animaci\u00f3n <\/span><b><i>Os Dem\u00f3nios do Meu Av\u00f4<\/i><\/b><span style=\"font-weight: 400;\"> (<\/span><i><span style=\"font-weight: 400;\">Os demos de barro<\/span><\/i><span style=\"font-weight: 400;\">, 2022), unha coproduci\u00f3n portuguesa con Galicia e Francia. Esta produci\u00f3n estreouse mundialmente no Festival de animaci\u00f3n de Annecy, seguida de novas selecci\u00f3ns por todo o mundo. Foi galardoada co Gran Premio \u00e1 mellor longametraxe no festival Cinanima (Espinho), o Premio Especial do Xurado na Monstra (Lisboa), ademais de lograr a nomeaci\u00f3n como mellor animaci\u00f3n na \u00faltima edici\u00f3n dos Premios Goya.<\/span><\/p>\n\t\t\t\t\t\t\t\t<\/div>\n\t\t\t\t<\/div>\n\t\t\t\t\t<\/div>\n\t\t<\/div>\n\t\t\t\t\t<\/div>\n\t\t<\/section>\n\t\t\t\t\t<\/div>\n\t\t<\/div>\n\t\t\t\t\t<\/div>\n\t\t<\/section>\n\t\t\t\t<\/div>\n\t\t","protected":false},"excerpt":{"rendered":"<p>Nuno Beato Cedida por Nuno Beato Nuno Beato (Lisboa, 1977)\u00e9\u00a0un director, guionista e produtor. En 1998 creou a compa\u00f1\u00eda de animaci\u00f3n Lampadacesa, na que dirixiu as s\u00faas primeiras curtametraxes Manos (2000) e H\u00edssis (2003), entre outros traballos publicitarios. Tras esta experiencia, fundou a produtora Sardinha em Lata en 2007, desenvolvendo dende ent\u00f3n as s\u00faas novas [&hellip;]<\/p>\n","protected":false},"author":2,"featured_media":0,"parent":0,"menu_order":0,"comment_status":"closed","ping_status":"closed","template":"","meta":{"footnotes":""},"class_list":["post-2937","page","type-page","status-publish","hentry"],"_links":{"self":[{"href":"https:\/\/imaxinaria.afundacion.org\/gl\/wp-json\/wp\/v2\/pages\/2937","targetHints":{"allow":["GET"]}}],"collection":[{"href":"https:\/\/imaxinaria.afundacion.org\/gl\/wp-json\/wp\/v2\/pages"}],"about":[{"href":"https:\/\/imaxinaria.afundacion.org\/gl\/wp-json\/wp\/v2\/types\/page"}],"author":[{"embeddable":true,"href":"https:\/\/imaxinaria.afundacion.org\/gl\/wp-json\/wp\/v2\/users\/2"}],"replies":[{"embeddable":true,"href":"https:\/\/imaxinaria.afundacion.org\/gl\/wp-json\/wp\/v2\/comments?post=2937"}],"version-history":[{"count":3,"href":"https:\/\/imaxinaria.afundacion.org\/gl\/wp-json\/wp\/v2\/pages\/2937\/revisions"}],"predecessor-version":[{"id":10775,"href":"https:\/\/imaxinaria.afundacion.org\/gl\/wp-json\/wp\/v2\/pages\/2937\/revisions\/10775"}],"wp:attachment":[{"href":"https:\/\/imaxinaria.afundacion.org\/gl\/wp-json\/wp\/v2\/media?parent=2937"}],"curies":[{"name":"wp","href":"https:\/\/api.w.org\/{rel}","templated":true}]}}