{"id":2955,"date":"2023-04-10T16:10:44","date_gmt":"2023-04-10T16:10:44","guid":{"rendered":"https:\/\/imaxinaria.afundacion.org\/michael-dudok-de-wit\/"},"modified":"2026-02-25T17:02:15","modified_gmt":"2026-02-25T17:02:15","slug":"michael-dudok-de-wit","status":"publish","type":"page","link":"https:\/\/imaxinaria.afundacion.org\/gl\/michael-dudok-de-wit\/","title":{"rendered":"Micha\u00ebl Dudok de Wit"},"content":{"rendered":"\t\t<div data-elementor-type=\"wp-page\" data-elementor-id=\"2955\" class=\"elementor elementor-2955 elementor-1559\" data-elementor-post-type=\"page\">\n\t\t\t\t\t\t<section class=\"elementor-section elementor-top-section elementor-element elementor-element-9114e29 elementor-section-full_width elementor-section-height-min-height elementor-section-height-default elementor-section-items-middle\" data-id=\"9114e29\" data-element_type=\"section\" data-settings=\"{&quot;background_background&quot;:&quot;video&quot;,&quot;background_video_link&quot;:&quot;https:\\\/\\\/www.youtube.com\\\/watch?v=SC9sFofoR1w&quot;,&quot;background_video_start&quot;:9,&quot;background_video_end&quot;:10.4000000000000003552713678800500929355621337890625,&quot;background_play_on_mobile&quot;:&quot;yes&quot;}\">\n\t\t\t\t\t\t\t\t<div class=\"elementor-background-video-container\" aria-hidden=\"true\">\n\t\t\t\t\t\t\t\t\t\t\t\t\t<div class=\"elementor-background-video-embed\"><\/div>\n\t\t\t\t\t\t\t\t\t\t\t\t<\/div>\n\t\t\t\t\t\t\t\t<div class=\"elementor-container elementor-column-gap-default\">\n\t\t\t\t\t<div class=\"elementor-column elementor-col-100 elementor-top-column elementor-element elementor-element-f29885a\" data-id=\"f29885a\" data-element_type=\"column\">\n\t\t\t<div class=\"elementor-widget-wrap\">\n\t\t\t\t\t\t\t<\/div>\n\t\t<\/div>\n\t\t\t\t\t<\/div>\n\t\t<\/section>\n\t\t\t\t<section class=\"elementor-section elementor-top-section elementor-element elementor-element-1f7c738 elementor-section-boxed elementor-section-height-default elementor-section-height-default\" data-id=\"1f7c738\" data-element_type=\"section\">\n\t\t\t\t\t\t<div class=\"elementor-container elementor-column-gap-default\">\n\t\t\t\t\t<div class=\"elementor-column elementor-col-100 elementor-top-column elementor-element elementor-element-1008802\" data-id=\"1008802\" data-element_type=\"column\">\n\t\t\t<div class=\"elementor-widget-wrap elementor-element-populated\">\n\t\t\t\t\t\t<section class=\"elementor-section elementor-inner-section elementor-element elementor-element-cf83e3d elementor-section-boxed elementor-section-height-default elementor-section-height-default\" data-id=\"cf83e3d\" data-element_type=\"section\">\n\t\t\t\t\t\t<div class=\"elementor-container elementor-column-gap-default\">\n\t\t\t\t\t<div class=\"elementor-column elementor-col-50 elementor-inner-column elementor-element elementor-element-ed95795\" data-id=\"ed95795\" data-element_type=\"column\">\n\t\t\t<div class=\"elementor-widget-wrap elementor-element-populated\">\n\t\t\t\t\t\t<div class=\"elementor-element elementor-element-e623527 elementor-widget elementor-widget-heading\" data-id=\"e623527\" data-element_type=\"widget\" data-widget_type=\"heading.default\">\n\t\t\t\t<div class=\"elementor-widget-container\">\n\t\t\t\t\t<h2 class=\"elementor-heading-title elementor-size-default\">Micha\u00ebl Dudok de Wit<\/h2>\t\t\t\t<\/div>\n\t\t\t\t<\/div>\n\t\t\t\t<div class=\"elementor-element elementor-element-12cb002 elementor-widget elementor-widget-image\" data-id=\"12cb002\" data-element_type=\"widget\" data-widget_type=\"image.default\">\n\t\t\t\t<div class=\"elementor-widget-container\">\n\t\t\t\t\t\t\t\t\t\t\t\t\t\t\t\t<a href=\"https:\/\/imaxinaria.afundacion.org\/wp-content\/uploads\/2023\/03\/web-imaxinaria-festival-padrino-michael-dudok-de-wit-by-gerard-cassado.jpg\" data-elementor-open-lightbox=\"yes\" data-elementor-lightbox-title=\"Micha\u00ebl Dudok de Wit by Gerard Cassad\u00f3\" data-e-action-hash=\"#elementor-action%3Aaction%3Dlightbox%26settings%3DeyJpZCI6MTIzNSwidXJsIjoiaHR0cHM6XC9cL2ltYXhpbmFyaWEuYWZ1bmRhY2lvbi5vcmdcL3dwLWNvbnRlbnRcL3VwbG9hZHNcLzIwMjNcLzAzXC93ZWItaW1heGluYXJpYS1mZXN0aXZhbC1wYWRyaW5vLW1pY2hhZWwtZHVkb2stZGUtd2l0LWJ5LWdlcmFyZC1jYXNzYWRvLmpwZyJ9\">\n\t\t\t\t\t\t\t<img fetchpriority=\"high\" decoding=\"async\" width=\"800\" height=\"800\" src=\"https:\/\/imaxinaria.afundacion.org\/wp-content\/uploads\/2023\/03\/web-imaxinaria-festival-padrino-michael-dudok-de-wit-by-gerard-cassado.jpg\" class=\"attachment-full size-full wp-image-1235\" alt=\"\" srcset=\"https:\/\/imaxinaria.afundacion.org\/wp-content\/uploads\/2023\/03\/web-imaxinaria-festival-padrino-michael-dudok-de-wit-by-gerard-cassado.jpg 800w, https:\/\/imaxinaria.afundacion.org\/wp-content\/uploads\/2023\/03\/web-imaxinaria-festival-padrino-michael-dudok-de-wit-by-gerard-cassado-300x300.jpg 300w, https:\/\/imaxinaria.afundacion.org\/wp-content\/uploads\/2023\/03\/web-imaxinaria-festival-padrino-michael-dudok-de-wit-by-gerard-cassado-150x150.jpg 150w, https:\/\/imaxinaria.afundacion.org\/wp-content\/uploads\/2023\/03\/web-imaxinaria-festival-padrino-michael-dudok-de-wit-by-gerard-cassado-768x768.jpg 768w\" sizes=\"(max-width: 800px) 100vw, 800px\" \/>\t\t\t\t\t\t\t\t<\/a>\n\t\t\t\t\t\t\t\t\t\t\t\t\t\t\t<\/div>\n\t\t\t\t<\/div>\n\t\t\t\t<div class=\"elementor-element elementor-element-71bc120 elementor-widget elementor-widget-text-editor\" data-id=\"71bc120\" data-element_type=\"widget\" data-widget_type=\"text-editor.default\">\n\t\t\t\t<div class=\"elementor-widget-container\">\n\t\t\t\t\t\t\t\t\t<p>Micha\u00ebl Dudok de Wit by Gerard Cassad\u00f3<\/p>\n\t\t\t\t\t\t\t\t<\/div>\n\t\t\t\t<\/div>\n\t\t\t\t\t<\/div>\n\t\t<\/div>\n\t\t\t\t<div class=\"elementor-column elementor-col-50 elementor-inner-column elementor-element elementor-element-d1b5565\" data-id=\"d1b5565\" data-element_type=\"column\">\n\t\t\t<div class=\"elementor-widget-wrap elementor-element-populated\">\n\t\t\t\t\t\t<div class=\"elementor-element elementor-element-476cfa1 elementor-widget elementor-widget-text-editor\" data-id=\"476cfa1\" data-element_type=\"widget\" data-widget_type=\"text-editor.default\">\n\t\t\t\t<div class=\"elementor-widget-container\">\n\t\t\t\t\t\t\t\t\t<p>MICHAEL DUDOK DE WIT (Holanda, 1953).\u00a0<span style=\"font-weight: 400;\">Director, guionista e ilustrador, ga\u00f1ador dos premios m\u00e1is importantes do audiovisual polos seus traballos de animaci\u00f3n. Non en balde, a s\u00faa figura sit\u00faase como un dos maiores referentes no mundo da animaci\u00f3n a nivel mundial. En canto \u00e1s s\u00faas produci\u00f3ns, estas destacan pola s\u00faa delicada e coidada factura, principal fundamento do seu estilo marcado pola nostalxia e a morri\u00f1a.<\/span><\/p>\n<p><span style=\"font-weight: 400;\">Estudou gravado en Xenebra e animaci\u00f3n en Farnham (Inglaterra), onde realizou a s\u00faa primeira pel\u00edcula: <\/span><i><span style=\"font-weight: 400;\">The Interview<\/span><\/i><span style=\"font-weight: 400;\"> (1978). Tras animar durante un ano en Barcelona, instalouse en Londres en 1980. Traballou como <\/span><i><span style=\"font-weight: 400;\">freelance<\/span><\/i><span style=\"font-weight: 400;\"> en diferentes estudios, en particular coa produtora Richard Purdum Productions, na que dirixiu e animou numerosos anuncios premiados para televisi\u00f3n e cinema.<\/span><\/p>\n<p><span style=\"font-weight: 400;\">En 1992 creou a s\u00faa curtametraxe <\/span><b><i>Tom Sweep<\/i><\/b><span style=\"font-weight: 400;\"> (1992), \u00e1 que lle seguiu <\/span><b><i>The Monk and the Fish<\/i><\/b><span style=\"font-weight: 400;\"> (<\/span><i><span style=\"font-weight: 400;\">O monxe e o peixe<\/span><\/i><span style=\"font-weight: 400;\">, 1994), producido polo estudio franc\u00e9s Folimage. Con este filme ga\u00f1ou o C\u00e9sar \u00e1 mellor curta de animaci\u00f3n, ademais de lograr senlleiras nomeaci\u00f3ns aos Premios Oscar e BAFTA. A s\u00faa curtametraxe m\u00e1is co\u00f1ecida,\u00a0 <\/span><b><i>Father and Daughter<\/i><\/b><span style=\"font-weight: 400;\"> (<\/span><i><span style=\"font-weight: 400;\">Pai e filla<\/span><\/i><span style=\"font-weight: 400;\">, 2000), ga\u00f1ou o Gran Premio de Annecy, un Oscar e un BAFTA. En 2004 termina a s\u00faa curtametraxe <\/span><b><i>The Aroma of Tea<\/i><\/b><span style=\"font-weight: 400;\"> (<\/span><i><span style=\"font-weight: 400;\">O aroma do t\u00e9<\/span><\/i><span style=\"font-weight: 400;\">, 2004).<\/span><\/p>\n<p><span style=\"font-weight: 400;\">O seu debut como director de longametraxes contou co apoio de Isao Takahata, un dos fundadores do lendario Studio Ghibli (<\/span><i><span style=\"font-weight: 400;\">A viaxe de Chihiro<\/span><\/i><span style=\"font-weight: 400;\">, <\/span><i><span style=\"font-weight: 400;\">O meu veci\u00f1o Totoro<\/span><\/i><span style=\"font-weight: 400;\">\u2026), convert\u00e9ndose na primeira produci\u00f3n estranxeira do estudio. O resultado foi <\/span><b><i>La tortue rouge<\/i><\/b><span style=\"font-weight: 400;\"> (<\/span><i><span style=\"font-weight: 400;\">A tartaruga vermella<\/span><\/i><span style=\"font-weight: 400;\">, 2016), unha das cintas m\u00e1is fermosas deste s\u00e9culo, considerada unha obra mestra e xoia de animaci\u00f3n de todos os tempos. O filme foi nomeado ao Oscar e ga\u00f1ou o Premio Especial &#8220;Un Certain Regard&#8221; no Festival de Cannes de 2016, as\u00ed como numerosos premios internacionais.<\/span><\/p>\n\t\t\t\t\t\t\t\t<\/div>\n\t\t\t\t<\/div>\n\t\t\t\t\t<\/div>\n\t\t<\/div>\n\t\t\t\t\t<\/div>\n\t\t<\/section>\n\t\t\t\t\t<\/div>\n\t\t<\/div>\n\t\t\t\t\t<\/div>\n\t\t<\/section>\n\t\t\t\t<\/div>\n\t\t","protected":false},"excerpt":{"rendered":"<p>Micha\u00ebl Dudok de Wit Micha\u00ebl Dudok de Wit by Gerard Cassad\u00f3 MICHAEL DUDOK DE WIT (Holanda, 1953).\u00a0Director, guionista e ilustrador, ga\u00f1ador dos premios m\u00e1is importantes do audiovisual polos seus traballos de animaci\u00f3n. Non en balde, a s\u00faa figura sit\u00faase como un dos maiores referentes no mundo da animaci\u00f3n a nivel mundial. En canto \u00e1s s\u00faas [&hellip;]<\/p>\n","protected":false},"author":2,"featured_media":0,"parent":0,"menu_order":0,"comment_status":"closed","ping_status":"closed","template":"","meta":{"footnotes":""},"class_list":["post-2955","page","type-page","status-publish","hentry"],"_links":{"self":[{"href":"https:\/\/imaxinaria.afundacion.org\/gl\/wp-json\/wp\/v2\/pages\/2955","targetHints":{"allow":["GET"]}}],"collection":[{"href":"https:\/\/imaxinaria.afundacion.org\/gl\/wp-json\/wp\/v2\/pages"}],"about":[{"href":"https:\/\/imaxinaria.afundacion.org\/gl\/wp-json\/wp\/v2\/types\/page"}],"author":[{"embeddable":true,"href":"https:\/\/imaxinaria.afundacion.org\/gl\/wp-json\/wp\/v2\/users\/2"}],"replies":[{"embeddable":true,"href":"https:\/\/imaxinaria.afundacion.org\/gl\/wp-json\/wp\/v2\/comments?post=2955"}],"version-history":[{"count":5,"href":"https:\/\/imaxinaria.afundacion.org\/gl\/wp-json\/wp\/v2\/pages\/2955\/revisions"}],"predecessor-version":[{"id":10773,"href":"https:\/\/imaxinaria.afundacion.org\/gl\/wp-json\/wp\/v2\/pages\/2955\/revisions\/10773"}],"wp:attachment":[{"href":"https:\/\/imaxinaria.afundacion.org\/gl\/wp-json\/wp\/v2\/media?parent=2955"}],"curies":[{"name":"wp","href":"https:\/\/api.w.org\/{rel}","templated":true}]}}