{"id":5595,"date":"2024-02-20T19:08:06","date_gmt":"2024-02-20T19:08:06","guid":{"rendered":"https:\/\/imaxinaria.afundacion.org\/david-fidalgo\/"},"modified":"2026-02-23T22:03:41","modified_gmt":"2026-02-23T22:03:41","slug":"david-fidalgo","status":"publish","type":"page","link":"https:\/\/imaxinaria.afundacion.org\/gl\/david-fidalgo\/","title":{"rendered":"David Fidalgo"},"content":{"rendered":"\t\t<div data-elementor-type=\"wp-page\" data-elementor-id=\"5595\" class=\"elementor elementor-5595 elementor-4390\" data-elementor-post-type=\"page\">\n\t\t\t\t\t\t<section class=\"elementor-section elementor-top-section elementor-element elementor-element-fcd34ff elementor-section-full_width elementor-section-height-min-height elementor-section-height-default elementor-section-items-middle\" data-id=\"fcd34ff\" data-element_type=\"section\" data-settings=\"{&quot;background_background&quot;:&quot;video&quot;,&quot;background_video_link&quot;:&quot;https:\\\/\\\/www.youtube.com\\\/watch?v=j7Ca4pWbopM&quot;,&quot;background_video_start&quot;:1,&quot;background_video_end&quot;:3,&quot;background_play_on_mobile&quot;:&quot;yes&quot;}\">\n\t\t\t\t\t\t\t\t<div class=\"elementor-background-video-container\" aria-hidden=\"true\">\n\t\t\t\t\t\t\t\t\t\t\t\t\t<div class=\"elementor-background-video-embed\"><\/div>\n\t\t\t\t\t\t\t\t\t\t\t\t<\/div>\n\t\t\t\t\t\t\t\t<div class=\"elementor-container elementor-column-gap-default\">\n\t\t\t\t\t<div class=\"elementor-column elementor-col-100 elementor-top-column elementor-element elementor-element-5fbde22\" data-id=\"5fbde22\" data-element_type=\"column\">\n\t\t\t<div class=\"elementor-widget-wrap\">\n\t\t\t\t\t\t\t<\/div>\n\t\t<\/div>\n\t\t\t\t\t<\/div>\n\t\t<\/section>\n\t\t\t\t<section class=\"elementor-section elementor-top-section elementor-element elementor-element-c8dc762 elementor-section-height-min-height elementor-section-boxed elementor-section-height-default elementor-section-items-middle\" data-id=\"c8dc762\" data-element_type=\"section\">\n\t\t\t\t\t\t<div class=\"elementor-container elementor-column-gap-default\">\n\t\t\t\t\t<div class=\"elementor-column elementor-col-100 elementor-top-column elementor-element elementor-element-e7016c7\" data-id=\"e7016c7\" data-element_type=\"column\">\n\t\t\t<div class=\"elementor-widget-wrap elementor-element-populated\">\n\t\t\t\t\t\t<section class=\"elementor-section elementor-inner-section elementor-element elementor-element-cb4ba32 elementor-section-full_width elementor-section-height-default elementor-section-height-default\" data-id=\"cb4ba32\" data-element_type=\"section\">\n\t\t\t\t\t\t<div class=\"elementor-container elementor-column-gap-default\">\n\t\t\t\t\t<div class=\"elementor-column elementor-col-50 elementor-inner-column elementor-element elementor-element-3012ee7\" data-id=\"3012ee7\" data-element_type=\"column\">\n\t\t\t<div class=\"elementor-widget-wrap elementor-element-populated\">\n\t\t\t\t\t\t<div class=\"elementor-element elementor-element-025e1fa elementor-widget elementor-widget-image\" data-id=\"025e1fa\" data-element_type=\"widget\" data-widget_type=\"image.default\">\n\t\t\t\t<div class=\"elementor-widget-container\">\n\t\t\t\t\t\t\t\t\t\t\t\t\t\t\t\t<a href=\"https:\/\/imaxinaria.afundacion.org\/wp-content\/uploads\/2024\/02\/web-imaxinaria-festival-2024-david-fidalgo.jpg\" data-elementor-open-lightbox=\"yes\" data-elementor-lightbox-title=\"Imaxinaria Festival Internacional de Animaci\u00f3n Afundaci\u00f3n - David Fidalgo\" data-e-action-hash=\"#elementor-action%3Aaction%3Dlightbox%26settings%3DeyJpZCI6NDM5NSwidXJsIjoiaHR0cHM6XC9cL2ltYXhpbmFyaWEuYWZ1bmRhY2lvbi5vcmdcL3dwLWNvbnRlbnRcL3VwbG9hZHNcLzIwMjRcLzAyXC93ZWItaW1heGluYXJpYS1mZXN0aXZhbC0yMDI0LWRhdmlkLWZpZGFsZ28uanBnIn0%3D\">\n\t\t\t\t\t\t\t<img fetchpriority=\"high\" decoding=\"async\" width=\"800\" height=\"800\" src=\"https:\/\/imaxinaria.afundacion.org\/wp-content\/uploads\/2024\/02\/web-imaxinaria-festival-2024-david-fidalgo.jpg\" class=\"attachment-full size-full wp-image-4395\" alt=\"\" srcset=\"https:\/\/imaxinaria.afundacion.org\/wp-content\/uploads\/2024\/02\/web-imaxinaria-festival-2024-david-fidalgo.jpg 800w, https:\/\/imaxinaria.afundacion.org\/wp-content\/uploads\/2024\/02\/web-imaxinaria-festival-2024-david-fidalgo-300x300.jpg 300w, https:\/\/imaxinaria.afundacion.org\/wp-content\/uploads\/2024\/02\/web-imaxinaria-festival-2024-david-fidalgo-150x150.jpg 150w, https:\/\/imaxinaria.afundacion.org\/wp-content\/uploads\/2024\/02\/web-imaxinaria-festival-2024-david-fidalgo-768x768.jpg 768w\" sizes=\"(max-width: 800px) 100vw, 800px\" \/>\t\t\t\t\t\t\t\t<\/a>\n\t\t\t\t\t\t\t\t\t\t\t\t\t\t\t<\/div>\n\t\t\t\t<\/div>\n\t\t\t\t<div class=\"elementor-element elementor-element-8e17052 elementor-widget elementor-widget-text-editor\" data-id=\"8e17052\" data-element_type=\"widget\" data-widget_type=\"text-editor.default\">\n\t\t\t\t<div class=\"elementor-widget-container\">\n\t\t\t\t\t\t\t\t\t<p>Cedida por David Fidalgo<\/p>\n\t\t\t\t\t\t\t\t<\/div>\n\t\t\t\t<\/div>\n\t\t\t\t\t<\/div>\n\t\t<\/div>\n\t\t\t\t<div class=\"elementor-column elementor-col-50 elementor-inner-column elementor-element elementor-element-45418c7\" data-id=\"45418c7\" data-element_type=\"column\">\n\t\t\t<div class=\"elementor-widget-wrap elementor-element-populated\">\n\t\t\t\t\t\t<div class=\"elementor-element elementor-element-e419163 elementor-widget elementor-widget-heading\" data-id=\"e419163\" data-element_type=\"widget\" data-widget_type=\"heading.default\">\n\t\t\t\t<div class=\"elementor-widget-container\">\n\t\t\t\t\t<h2 class=\"elementor-heading-title elementor-size-default\">David Fidalgo Omil<\/h2>\t\t\t\t<\/div>\n\t\t\t\t<\/div>\n\t\t\t\t<div class=\"elementor-element elementor-element-6b0246b elementor-widget elementor-widget-text-editor\" data-id=\"6b0246b\" data-element_type=\"widget\" data-widget_type=\"text-editor.default\">\n\t\t\t\t<div class=\"elementor-widget-container\">\n\t\t\t\t\t\t\t\t\tDavid Fidalgo Omil (Lugo 1989) \u00e9 graduado en Belas Artes, o que lle leva a compaxinar as s\u00faas d\u00faas paix\u00f3ns, o cinema e a arte, convert\u00e9ndose nun destacado realizador de animaci\u00f3n a nivel nacional, cun car\u00e1cter e estilo moi persoal.<br><br>Coas s\u00faas curtametraxes de animaci\u00f3n, Cartas a Superman (2016),  Homomaquia (2019) e SANDWICH CAT (2022), leva anos participando en diferentes festivais de cinema por todo o mundo como SXSW, BAFICI, STUTTGART, ANIMA, GIFF, AFI FEST, etc. acumulando varios reco\u00f1ecementos como o Nomeamento aos Premios Goya 2020,  o Premio do P\u00fablico do SXSW, o Melies D&#8217; Argent no Grossman, o Premio do P\u00fablico do Festival de M\u00e1laga, dous Mestre Mateo da Academia Galega do Audiovisual, o Premio do P\u00fablico do Imaxinaria, etc. \t\t\t\t\t\t\t\t<\/div>\n\t\t\t\t<\/div>\n\t\t\t\t\t<\/div>\n\t\t<\/div>\n\t\t\t\t\t<\/div>\n\t\t<\/section>\n\t\t\t\t\t<\/div>\n\t\t<\/div>\n\t\t\t\t\t<\/div>\n\t\t<\/section>\n\t\t\t\t<\/div>\n\t\t","protected":false},"excerpt":{"rendered":"<p>Cedida por David Fidalgo David Fidalgo Omil David Fidalgo Omil (Lugo 1989) \u00e9 graduado en Belas Artes, o que lle leva a compaxinar as s\u00faas d\u00faas paix\u00f3ns, o cinema e a arte, convert\u00e9ndose nun destacado realizador de animaci\u00f3n a nivel nacional, cun car\u00e1cter e estilo moi persoal. Coas s\u00faas curtametraxes de animaci\u00f3n, Cartas a Superman [&hellip;]<\/p>\n","protected":false},"author":2,"featured_media":4395,"parent":0,"menu_order":0,"comment_status":"closed","ping_status":"closed","template":"","meta":{"footnotes":""},"class_list":["post-5595","page","type-page","status-publish","has-post-thumbnail","hentry"],"_links":{"self":[{"href":"https:\/\/imaxinaria.afundacion.org\/gl\/wp-json\/wp\/v2\/pages\/5595","targetHints":{"allow":["GET"]}}],"collection":[{"href":"https:\/\/imaxinaria.afundacion.org\/gl\/wp-json\/wp\/v2\/pages"}],"about":[{"href":"https:\/\/imaxinaria.afundacion.org\/gl\/wp-json\/wp\/v2\/types\/page"}],"author":[{"embeddable":true,"href":"https:\/\/imaxinaria.afundacion.org\/gl\/wp-json\/wp\/v2\/users\/2"}],"replies":[{"embeddable":true,"href":"https:\/\/imaxinaria.afundacion.org\/gl\/wp-json\/wp\/v2\/comments?post=5595"}],"version-history":[{"count":3,"href":"https:\/\/imaxinaria.afundacion.org\/gl\/wp-json\/wp\/v2\/pages\/5595\/revisions"}],"predecessor-version":[{"id":10127,"href":"https:\/\/imaxinaria.afundacion.org\/gl\/wp-json\/wp\/v2\/pages\/5595\/revisions\/10127"}],"wp:featuredmedia":[{"embeddable":true,"href":"https:\/\/imaxinaria.afundacion.org\/gl\/wp-json\/wp\/v2\/media\/4395"}],"wp:attachment":[{"href":"https:\/\/imaxinaria.afundacion.org\/gl\/wp-json\/wp\/v2\/media?parent=5595"}],"curies":[{"name":"wp","href":"https:\/\/api.w.org\/{rel}","templated":true}]}}