{"id":5687,"date":"2024-02-20T19:15:46","date_gmt":"2024-02-20T19:15:46","guid":{"rendered":"https:\/\/imaxinaria.afundacion.org\/lorenzo-mattotti\/"},"modified":"2026-02-25T16:57:32","modified_gmt":"2026-02-25T16:57:32","slug":"lorenzo-mattotti","status":"publish","type":"page","link":"https:\/\/imaxinaria.afundacion.org\/gl\/lorenzo-mattotti\/","title":{"rendered":"Lorenzo Mattotti"},"content":{"rendered":"\t\t<div data-elementor-type=\"wp-page\" data-elementor-id=\"5687\" class=\"elementor elementor-5687 elementor-4405\" data-elementor-post-type=\"page\">\n\t\t\t\t\t\t<section class=\"elementor-section elementor-top-section elementor-element elementor-element-69f4475 elementor-section-full_width elementor-section-height-min-height elementor-section-height-default elementor-section-items-middle\" data-id=\"69f4475\" data-element_type=\"section\" data-settings=\"{&quot;background_background&quot;:&quot;video&quot;,&quot;background_video_link&quot;:&quot;https:\\\/\\\/www.youtube.com\\\/watch?v=j7Ca4pWbopM&quot;,&quot;background_video_start&quot;:1,&quot;background_video_end&quot;:3,&quot;background_play_on_mobile&quot;:&quot;yes&quot;}\">\n\t\t\t\t\t\t\t\t<div class=\"elementor-background-video-container\" aria-hidden=\"true\">\n\t\t\t\t\t\t\t\t\t\t\t\t\t<div class=\"elementor-background-video-embed\"><\/div>\n\t\t\t\t\t\t\t\t\t\t\t\t<\/div>\n\t\t\t\t\t\t\t\t<div class=\"elementor-container elementor-column-gap-default\">\n\t\t\t\t\t<div class=\"elementor-column elementor-col-100 elementor-top-column elementor-element elementor-element-c1e3dc0\" data-id=\"c1e3dc0\" data-element_type=\"column\">\n\t\t\t<div class=\"elementor-widget-wrap\">\n\t\t\t\t\t\t\t<\/div>\n\t\t<\/div>\n\t\t\t\t\t<\/div>\n\t\t<\/section>\n\t\t\t\t<section class=\"elementor-section elementor-top-section elementor-element elementor-element-095d1fa elementor-section-height-min-height elementor-section-boxed elementor-section-height-default elementor-section-items-middle\" data-id=\"095d1fa\" data-element_type=\"section\">\n\t\t\t\t\t\t<div class=\"elementor-container elementor-column-gap-default\">\n\t\t\t\t\t<div class=\"elementor-column elementor-col-100 elementor-top-column elementor-element elementor-element-6f02ba9\" data-id=\"6f02ba9\" data-element_type=\"column\">\n\t\t\t<div class=\"elementor-widget-wrap elementor-element-populated\">\n\t\t\t\t\t\t<section class=\"elementor-section elementor-inner-section elementor-element elementor-element-989c912 elementor-section-full_width elementor-section-height-default elementor-section-height-default\" data-id=\"989c912\" data-element_type=\"section\">\n\t\t\t\t\t\t<div class=\"elementor-container elementor-column-gap-default\">\n\t\t\t\t\t<div class=\"elementor-column elementor-col-50 elementor-inner-column elementor-element elementor-element-7887e73\" data-id=\"7887e73\" data-element_type=\"column\">\n\t\t\t<div class=\"elementor-widget-wrap elementor-element-populated\">\n\t\t\t\t\t\t<div class=\"elementor-element elementor-element-429112d elementor-widget elementor-widget-image\" data-id=\"429112d\" data-element_type=\"widget\" data-widget_type=\"image.default\">\n\t\t\t\t<div class=\"elementor-widget-container\">\n\t\t\t\t\t\t\t\t\t\t\t\t\t\t\t\t<a href=\"https:\/\/imaxinaria.afundacion.org\/wp-content\/uploads\/2024\/02\/web-imaxinaria-festival-2024-lorenzo-mattotti.jpg\" data-elementor-open-lightbox=\"yes\" data-elementor-lightbox-title=\"Afundaci\u00f3n International Animation Festival  - Lorenzo Mattotti\" data-e-action-hash=\"#elementor-action%3Aaction%3Dlightbox%26settings%3DeyJpZCI6NDQxMywidXJsIjoiaHR0cHM6XC9cL2ltYXhpbmFyaWEuYWZ1bmRhY2lvbi5vcmdcL3dwLWNvbnRlbnRcL3VwbG9hZHNcLzIwMjRcLzAyXC93ZWItaW1heGluYXJpYS1mZXN0aXZhbC0yMDI0LWxvcmVuem8tbWF0dG90dGkuanBnIn0%3D\">\n\t\t\t\t\t\t\t<img fetchpriority=\"high\" decoding=\"async\" width=\"800\" height=\"800\" src=\"https:\/\/imaxinaria.afundacion.org\/wp-content\/uploads\/2024\/02\/web-imaxinaria-festival-2024-lorenzo-mattotti.jpg\" class=\"attachment-full size-full wp-image-4413\" alt=\"\" srcset=\"https:\/\/imaxinaria.afundacion.org\/wp-content\/uploads\/2024\/02\/web-imaxinaria-festival-2024-lorenzo-mattotti.jpg 800w, https:\/\/imaxinaria.afundacion.org\/wp-content\/uploads\/2024\/02\/web-imaxinaria-festival-2024-lorenzo-mattotti-300x300.jpg 300w, https:\/\/imaxinaria.afundacion.org\/wp-content\/uploads\/2024\/02\/web-imaxinaria-festival-2024-lorenzo-mattotti-150x150.jpg 150w, https:\/\/imaxinaria.afundacion.org\/wp-content\/uploads\/2024\/02\/web-imaxinaria-festival-2024-lorenzo-mattotti-768x768.jpg 768w\" sizes=\"(max-width: 800px) 100vw, 800px\" \/>\t\t\t\t\t\t\t\t<\/a>\n\t\t\t\t\t\t\t\t\t\t\t\t\t\t\t<\/div>\n\t\t\t\t<\/div>\n\t\t\t\t<div class=\"elementor-element elementor-element-af146fb elementor-widget elementor-widget-text-editor\" data-id=\"af146fb\" data-element_type=\"widget\" data-widget_type=\"text-editor.default\">\n\t\t\t\t<div class=\"elementor-widget-container\">\n\t\t\t\t\t\t\t\t\t<p>Cedida por Lorenzo Mattotti<\/p>\n\t\t\t\t\t\t\t\t<\/div>\n\t\t\t\t<\/div>\n\t\t\t\t\t<\/div>\n\t\t<\/div>\n\t\t\t\t<div class=\"elementor-column elementor-col-50 elementor-inner-column elementor-element elementor-element-c71a2f7\" data-id=\"c71a2f7\" data-element_type=\"column\">\n\t\t\t<div class=\"elementor-widget-wrap elementor-element-populated\">\n\t\t\t\t\t\t<div class=\"elementor-element elementor-element-1bab7e4 elementor-widget elementor-widget-heading\" data-id=\"1bab7e4\" data-element_type=\"widget\" data-widget_type=\"heading.default\">\n\t\t\t\t<div class=\"elementor-widget-container\">\n\t\t\t\t\t<h2 class=\"elementor-heading-title elementor-size-default\">LORENZO MATTOTTI  (Brescia, Italia, 1954)<\/h2>\t\t\t\t<\/div>\n\t\t\t\t<\/div>\n\t\t\t\t<div class=\"elementor-element elementor-element-94ebd93 elementor-widget elementor-widget-text-editor\" data-id=\"94ebd93\" data-element_type=\"widget\" data-widget_type=\"text-editor.default\">\n\t\t\t\t<div class=\"elementor-widget-container\">\n\t\t\t\t\t\t\t\t\tLorenzo Mattoti es un artista gr\u00e1fico e historietista italiano conocido mundialmente por sus c\u00f3mics, ilustraciones y carteles. En el campo del c\u00f3mic, gan\u00f3 un Premio Eisner en 2003 por su Doctor Jekyll y Mr. Hyde, mientras que sus ilustraciones han sido publicadas en revistas como Cosmopolitan, Vogue, New Yorker, Le Monde y Vanity Fair. Comenz\u00f3 su carrera a finales de la d\u00e9cada de 1970, trabajando en revistas y publicaciones italianas. Su estilo \u00fanico y distintivo se caracteriza por el uso audaz y vibrante del color, las l\u00edneas fluidas y una belleza et\u00e9rea que se refleja en cada una de sus obras.  A lo largo de su carrera, Mattotti ha colaborado con reconocidos autores, ilustrando obras literarias y novelas gr\u00e1ficas que han sido aclamadas tanto por la cr\u00edtica como por el p\u00fablico. Sus colaboraciones con el escritor Neil Gaiman en la novela gr\u00e1fica &#8220;El almirante y el ni\u00f1o&#8221; y con Jerry Kramsky en &#8220;Stigmata&#8221; son ejemplos destacados de su versatilidad y talento. Adem\u00e1s de haber alcanzado el prestigioso Premio Eisner, Mattotti tambi\u00e9n ha sido galardonado con el Grand Prix del Festival Internacional de Angoul\u00eame y el Premio Prix Saint-Michel, entre otros, en reconocimiento a su impacto en el mundo de la ilustraci\u00f3n y el c\u00f3mic. Sus obras han sido exhibidas en galer\u00edas y museos de todo el mundo, y su influencia en el mundo del arte contempor\u00e1neo es innegable. Su capacidad para capturar la emoci\u00f3n y la imaginaci\u00f3n a trav\u00e9s de sus ilustraciones lo convierte en uno de los artistas m\u00e1s apreciados y respetados de nuestra \u00e9poca.<br><br>A sus 65 a\u00f1os, ha debutado como director de cine con el largometraje animado La famosa invasi\u00f3n de los osos en Sicilia, una adaptaci\u00f3n del famoso libro de Dino Buzzati (1906-1972), que recibi\u00f3 cr\u00edticas muy positivas en Cannes y Annecy y fue premiada en el Festival de cine europeo de Sevilla. La pel\u00edcula destaca por su estilo visual \u00fanico y distintivo, que refleja el estilo art\u00edstico de Mattotti. A trav\u00e9s de la animaci\u00f3n, se logra transmitir la poes\u00eda y la belleza de las ilustraciones del libro original, creando una experiencia visual cautivadora.\t\t\t\t\t\t\t\t<\/div>\n\t\t\t\t<\/div>\n\t\t\t\t\t<\/div>\n\t\t<\/div>\n\t\t\t\t\t<\/div>\n\t\t<\/section>\n\t\t\t\t\t<\/div>\n\t\t<\/div>\n\t\t\t\t\t<\/div>\n\t\t<\/section>\n\t\t\t\t<\/div>\n\t\t","protected":false},"excerpt":{"rendered":"<p>Cedida por Lorenzo Mattotti LORENZO MATTOTTI (Brescia, Italia, 1954) Lorenzo Mattoti es un artista gr\u00e1fico e historietista italiano conocido mundialmente por sus c\u00f3mics, ilustraciones y carteles. En el campo del c\u00f3mic, gan\u00f3 un Premio Eisner en 2003 por su Doctor Jekyll y Mr. Hyde, mientras que sus ilustraciones han sido publicadas en revistas como Cosmopolitan, [&hellip;]<\/p>\n","protected":false},"author":2,"featured_media":0,"parent":0,"menu_order":0,"comment_status":"closed","ping_status":"closed","template":"","meta":{"footnotes":""},"class_list":["post-5687","page","type-page","status-publish","hentry"],"_links":{"self":[{"href":"https:\/\/imaxinaria.afundacion.org\/gl\/wp-json\/wp\/v2\/pages\/5687","targetHints":{"allow":["GET"]}}],"collection":[{"href":"https:\/\/imaxinaria.afundacion.org\/gl\/wp-json\/wp\/v2\/pages"}],"about":[{"href":"https:\/\/imaxinaria.afundacion.org\/gl\/wp-json\/wp\/v2\/types\/page"}],"author":[{"embeddable":true,"href":"https:\/\/imaxinaria.afundacion.org\/gl\/wp-json\/wp\/v2\/users\/2"}],"replies":[{"embeddable":true,"href":"https:\/\/imaxinaria.afundacion.org\/gl\/wp-json\/wp\/v2\/comments?post=5687"}],"version-history":[{"count":2,"href":"https:\/\/imaxinaria.afundacion.org\/gl\/wp-json\/wp\/v2\/pages\/5687\/revisions"}],"predecessor-version":[{"id":10765,"href":"https:\/\/imaxinaria.afundacion.org\/gl\/wp-json\/wp\/v2\/pages\/5687\/revisions\/10765"}],"wp:attachment":[{"href":"https:\/\/imaxinaria.afundacion.org\/gl\/wp-json\/wp\/v2\/media?parent=5687"}],"curies":[{"name":"wp","href":"https:\/\/api.w.org\/{rel}","templated":true}]}}