{"id":6399,"date":"2025-02-06T11:48:53","date_gmt":"2025-02-06T11:48:53","guid":{"rendered":"https:\/\/imaxinaria.afundacion.org\/?page_id=6399"},"modified":"2026-02-23T22:02:00","modified_gmt":"2026-02-23T22:02:00","slug":"coke-rioboo","status":"publish","type":"page","link":"https:\/\/imaxinaria.afundacion.org\/gl\/coke-rioboo\/","title":{"rendered":"Coke Riobo\u00f3"},"content":{"rendered":"\t\t<div data-elementor-type=\"wp-page\" data-elementor-id=\"6399\" class=\"elementor elementor-6399 elementor-6397\" data-elementor-post-type=\"page\">\n\t\t\t\t\t\t<section class=\"elementor-section elementor-top-section elementor-element elementor-element-a81378f elementor-section-full_width elementor-section-height-min-height elementor-section-height-default elementor-section-items-middle\" data-id=\"a81378f\" data-element_type=\"section\" data-settings=\"{&quot;background_background&quot;:&quot;video&quot;,&quot;background_video_link&quot;:&quot;https:\\\/\\\/youtu.be\\\/wK686HNh2W0&quot;,&quot;background_video_start&quot;:0,&quot;background_video_end&quot;:16,&quot;background_play_on_mobile&quot;:&quot;yes&quot;}\">\n\t\t\t\t\t\t\t\t<div class=\"elementor-background-video-container\" aria-hidden=\"true\">\n\t\t\t\t\t\t\t\t\t\t\t\t\t<div class=\"elementor-background-video-embed\"><\/div>\n\t\t\t\t\t\t\t\t\t\t\t\t<\/div>\n\t\t\t\t\t\t\t\t<div class=\"elementor-container elementor-column-gap-default\">\n\t\t\t\t\t<div class=\"elementor-column elementor-col-100 elementor-top-column elementor-element elementor-element-22783df\" data-id=\"22783df\" data-element_type=\"column\">\n\t\t\t<div class=\"elementor-widget-wrap\">\n\t\t\t\t\t\t\t<\/div>\n\t\t<\/div>\n\t\t\t\t\t<\/div>\n\t\t<\/section>\n\t\t\t\t<section class=\"elementor-section elementor-top-section elementor-element elementor-element-095d1fa elementor-section-height-min-height elementor-section-boxed elementor-section-height-default elementor-section-items-middle\" data-id=\"095d1fa\" data-element_type=\"section\">\n\t\t\t\t\t\t<div class=\"elementor-container elementor-column-gap-default\">\n\t\t\t\t\t<div class=\"elementor-column elementor-col-100 elementor-top-column elementor-element elementor-element-6f02ba9\" data-id=\"6f02ba9\" data-element_type=\"column\">\n\t\t\t<div class=\"elementor-widget-wrap elementor-element-populated\">\n\t\t\t\t\t\t<section class=\"elementor-section elementor-inner-section elementor-element elementor-element-989c912 elementor-section-full_width elementor-section-height-default elementor-section-height-default\" data-id=\"989c912\" data-element_type=\"section\">\n\t\t\t\t\t\t<div class=\"elementor-container elementor-column-gap-default\">\n\t\t\t\t\t<div class=\"elementor-column elementor-col-50 elementor-inner-column elementor-element elementor-element-7887e73\" data-id=\"7887e73\" data-element_type=\"column\">\n\t\t\t<div class=\"elementor-widget-wrap elementor-element-populated\">\n\t\t\t\t\t\t<div class=\"elementor-element elementor-element-429112d elementor-widget elementor-widget-image\" data-id=\"429112d\" data-element_type=\"widget\" data-widget_type=\"image.default\">\n\t\t\t\t<div class=\"elementor-widget-container\">\n\t\t\t\t\t\t\t\t\t\t\t\t\t\t\t\t<a href=\"https:\/\/imaxinaria.afundacion.org\/wp-content\/uploads\/2025\/02\/web-imaxinaria-festival-2025-invitados-coke-rioboo-2.jpg\" data-elementor-open-lightbox=\"yes\" data-elementor-lightbox-title=\"web-imaxinaria-festival-2025-invitados-coke-rioboo-2\" data-e-action-hash=\"#elementor-action%3Aaction%3Dlightbox%26settings%3DeyJpZCI6NjY0OSwidXJsIjoiaHR0cHM6XC9cL2ltYXhpbmFyaWEuYWZ1bmRhY2lvbi5vcmdcL3dwLWNvbnRlbnRcL3VwbG9hZHNcLzIwMjVcLzAyXC93ZWItaW1heGluYXJpYS1mZXN0aXZhbC0yMDI1LWludml0YWRvcy1jb2tlLXJpb2Jvby0yLmpwZyJ9\">\n\t\t\t\t\t\t\t<img fetchpriority=\"high\" decoding=\"async\" width=\"800\" height=\"800\" src=\"https:\/\/imaxinaria.afundacion.org\/wp-content\/uploads\/2025\/02\/web-imaxinaria-festival-2025-invitados-coke-rioboo-2.jpg\" class=\"attachment-full size-full wp-image-6649\" alt=\"\" srcset=\"https:\/\/imaxinaria.afundacion.org\/wp-content\/uploads\/2025\/02\/web-imaxinaria-festival-2025-invitados-coke-rioboo-2.jpg 800w, https:\/\/imaxinaria.afundacion.org\/wp-content\/uploads\/2025\/02\/web-imaxinaria-festival-2025-invitados-coke-rioboo-2-300x300.jpg 300w, https:\/\/imaxinaria.afundacion.org\/wp-content\/uploads\/2025\/02\/web-imaxinaria-festival-2025-invitados-coke-rioboo-2-150x150.jpg 150w, https:\/\/imaxinaria.afundacion.org\/wp-content\/uploads\/2025\/02\/web-imaxinaria-festival-2025-invitados-coke-rioboo-2-768x768.jpg 768w\" sizes=\"(max-width: 800px) 100vw, 800px\" \/>\t\t\t\t\t\t\t\t<\/a>\n\t\t\t\t\t\t\t\t\t\t\t\t\t\t\t<\/div>\n\t\t\t\t<\/div>\n\t\t\t\t<div class=\"elementor-element elementor-element-af146fb elementor-widget elementor-widget-text-editor\" data-id=\"af146fb\" data-element_type=\"widget\" data-widget_type=\"text-editor.default\">\n\t\t\t\t<div class=\"elementor-widget-container\">\n\t\t\t\t\t\t\t\t\t<p>Cedida por Coke Riob\u00f3o<\/p>\n\t\t\t\t\t\t\t\t<\/div>\n\t\t\t\t<\/div>\n\t\t\t\t\t<\/div>\n\t\t<\/div>\n\t\t\t\t<div class=\"elementor-column elementor-col-50 elementor-inner-column elementor-element elementor-element-c71a2f7\" data-id=\"c71a2f7\" data-element_type=\"column\">\n\t\t\t<div class=\"elementor-widget-wrap elementor-element-populated\">\n\t\t\t\t\t\t<div class=\"elementor-element elementor-element-1bab7e4 elementor-widget elementor-widget-heading\" data-id=\"1bab7e4\" data-element_type=\"widget\" data-widget_type=\"heading.default\">\n\t\t\t\t<div class=\"elementor-widget-container\">\n\t\t\t\t\t<h2 class=\"elementor-heading-title elementor-size-default\">COKE RIOB\u00d3O<\/h2>\t\t\t\t<\/div>\n\t\t\t\t<\/div>\n\t\t\t\t<div class=\"elementor-element elementor-element-94ebd93 elementor-widget elementor-widget-text-editor\" data-id=\"94ebd93\" data-element_type=\"widget\" data-widget_type=\"text-editor.default\">\n\t\t\t\t<div class=\"elementor-widget-container\">\n\t\t\t\t\t\t\t\t\tM\u00fasico, compositor e animador, Coke Riobo\u00f3 \u00e9 unha das voces m\u00e1is reivindicativas da animaci\u00f3n espa\u00f1ola das \u00faltimas d\u00e9cadas. Dirixiu e animou cinco curtametraxes, unha serie para internet e varios proxectos comerciais. Tam\u00e9n compuxo a banda sonora de varias curtametraxes e tres longametraxes e ensina animaci\u00f3n en talleres ao redor do mundo. Especialista en stop motion, interesouse por varias vertentes da t\u00e9cnica como a plastimaci\u00f3n, a plastilina sobre cristal ou a animaci\u00f3n de miniaturas. Os seus proxectos persoais son unha mestura de virtuosismo coa animaci\u00f3n, o humor e o compromiso social e pol\u00edtico.<br><br>Dende hai varios anos colabora coa AECID, Axencia Espa\u00f1ola de Cooperaci\u00f3n Internacional para o Desenvolvemento, impartindo talleres e cursos de animaci\u00f3n por distintas embaixadas, sobre todo en \u00c1frica e Latinoam\u00e9rica, para concienciar sobre a infancia, a inmigraci\u00f3n e a explotaci\u00f3n dos recursos. Tam\u00e9n colaborou con ONGs como Intermon Oxfam.<br><br>A s\u00faa curtametraxe El viaje de Sa\u00edd (A viaxe de Sa\u00edd), que se centra no drama da inmigraci\u00f3n, alzouse co Goya \u00e1 Mellor Curtametraxe de Animaci\u00f3n na edici\u00f3n de 2007.\t\t\t\t\t\t\t\t<\/div>\n\t\t\t\t<\/div>\n\t\t\t\t\t<\/div>\n\t\t<\/div>\n\t\t\t\t\t<\/div>\n\t\t<\/section>\n\t\t\t\t\t<\/div>\n\t\t<\/div>\n\t\t\t\t\t<\/div>\n\t\t<\/section>\n\t\t\t\t<\/div>\n\t\t","protected":false},"excerpt":{"rendered":"<p>Cedida por Coke Riob\u00f3o COKE RIOB\u00d3O M\u00fasico, compositor e animador, Coke Riobo\u00f3 \u00e9 unha das voces m\u00e1is reivindicativas da animaci\u00f3n espa\u00f1ola das \u00faltimas d\u00e9cadas. Dirixiu e animou cinco curtametraxes, unha serie para internet e varios proxectos comerciais. Tam\u00e9n compuxo a banda sonora de varias curtametraxes e tres longametraxes e ensina animaci\u00f3n en talleres ao redor [&hellip;]<\/p>\n","protected":false},"author":2,"featured_media":0,"parent":0,"menu_order":0,"comment_status":"closed","ping_status":"closed","template":"","meta":{"footnotes":""},"class_list":["post-6399","page","type-page","status-publish","hentry"],"_links":{"self":[{"href":"https:\/\/imaxinaria.afundacion.org\/gl\/wp-json\/wp\/v2\/pages\/6399","targetHints":{"allow":["GET"]}}],"collection":[{"href":"https:\/\/imaxinaria.afundacion.org\/gl\/wp-json\/wp\/v2\/pages"}],"about":[{"href":"https:\/\/imaxinaria.afundacion.org\/gl\/wp-json\/wp\/v2\/types\/page"}],"author":[{"embeddable":true,"href":"https:\/\/imaxinaria.afundacion.org\/gl\/wp-json\/wp\/v2\/users\/2"}],"replies":[{"embeddable":true,"href":"https:\/\/imaxinaria.afundacion.org\/gl\/wp-json\/wp\/v2\/comments?post=6399"}],"version-history":[{"count":6,"href":"https:\/\/imaxinaria.afundacion.org\/gl\/wp-json\/wp\/v2\/pages\/6399\/revisions"}],"predecessor-version":[{"id":10119,"href":"https:\/\/imaxinaria.afundacion.org\/gl\/wp-json\/wp\/v2\/pages\/6399\/revisions\/10119"}],"wp:attachment":[{"href":"https:\/\/imaxinaria.afundacion.org\/gl\/wp-json\/wp\/v2\/media?parent=6399"}],"curies":[{"name":"wp","href":"https:\/\/api.w.org\/{rel}","templated":true}]}}