{"id":6404,"date":"2025-02-06T10:35:43","date_gmt":"2025-02-06T10:35:43","guid":{"rendered":"https:\/\/imaxinaria.afundacion.org\/?page_id=6404"},"modified":"2026-02-23T22:03:28","modified_gmt":"2026-02-23T22:03:28","slug":"boris-labbe","status":"publish","type":"page","link":"https:\/\/imaxinaria.afundacion.org\/gl\/boris-labbe\/","title":{"rendered":"Boris Labb\u00e9"},"content":{"rendered":"\t\t<div data-elementor-type=\"wp-page\" data-elementor-id=\"6404\" class=\"elementor elementor-6404 elementor-6402\" data-elementor-post-type=\"page\">\n\t\t\t\t\t\t<section class=\"elementor-section elementor-top-section elementor-element elementor-element-c62f706 elementor-section-full_width elementor-section-height-min-height elementor-section-height-default elementor-section-items-middle\" data-id=\"c62f706\" data-element_type=\"section\" data-settings=\"{&quot;background_background&quot;:&quot;video&quot;,&quot;background_video_link&quot;:&quot;https:\\\/\\\/youtu.be\\\/wK686HNh2W0&quot;,&quot;background_video_start&quot;:0,&quot;background_video_end&quot;:16,&quot;background_play_on_mobile&quot;:&quot;yes&quot;}\">\n\t\t\t\t\t\t\t\t<div class=\"elementor-background-video-container\" aria-hidden=\"true\">\n\t\t\t\t\t\t\t\t\t\t\t\t\t<div class=\"elementor-background-video-embed\"><\/div>\n\t\t\t\t\t\t\t\t\t\t\t\t<\/div>\n\t\t\t\t\t\t\t\t<div class=\"elementor-container elementor-column-gap-default\">\n\t\t\t\t\t<div class=\"elementor-column elementor-col-100 elementor-top-column elementor-element elementor-element-6deecf6\" data-id=\"6deecf6\" data-element_type=\"column\">\n\t\t\t<div class=\"elementor-widget-wrap\">\n\t\t\t\t\t\t\t<\/div>\n\t\t<\/div>\n\t\t\t\t\t<\/div>\n\t\t<\/section>\n\t\t\t\t<section class=\"elementor-section elementor-top-section elementor-element elementor-element-92d185b elementor-section-height-min-height elementor-section-boxed elementor-section-height-default elementor-section-items-middle\" data-id=\"92d185b\" data-element_type=\"section\">\n\t\t\t\t\t\t<div class=\"elementor-container elementor-column-gap-default\">\n\t\t\t\t\t<div class=\"elementor-column elementor-col-100 elementor-top-column elementor-element elementor-element-c710d02\" data-id=\"c710d02\" data-element_type=\"column\">\n\t\t\t<div class=\"elementor-widget-wrap elementor-element-populated\">\n\t\t\t\t\t\t<section class=\"elementor-section elementor-inner-section elementor-element elementor-element-4d9a4e0 elementor-section-boxed elementor-section-height-default elementor-section-height-default\" data-id=\"4d9a4e0\" data-element_type=\"section\">\n\t\t\t\t\t\t<div class=\"elementor-container elementor-column-gap-default\">\n\t\t\t\t\t<div class=\"elementor-column elementor-col-50 elementor-inner-column elementor-element elementor-element-4331d45\" data-id=\"4331d45\" data-element_type=\"column\">\n\t\t\t<div class=\"elementor-widget-wrap elementor-element-populated\">\n\t\t\t\t\t\t<div class=\"elementor-element elementor-element-fe1f954 elementor-widget elementor-widget-image\" data-id=\"fe1f954\" data-element_type=\"widget\" data-widget_type=\"image.default\">\n\t\t\t\t<div class=\"elementor-widget-container\">\n\t\t\t\t\t\t\t\t\t\t\t\t\t\t\t\t<a href=\"https:\/\/imaxinaria.afundacion.org\/wp-content\/uploads\/2025\/02\/web-imaxinaria-festival-2025-invitados-boris-labbe-2.jpg\" data-elementor-open-lightbox=\"yes\" data-elementor-lightbox-title=\"Web Imaxinaria Festival 2025 Invitados Boris Labbe 2\" data-e-action-hash=\"#elementor-action%3Aaction%3Dlightbox%26settings%3DeyJpZCI6NjYyNiwidXJsIjoiaHR0cHM6XC9cL2ltYXhpbmFyaWEuYWZ1bmRhY2lvbi5vcmdcL3dwLWNvbnRlbnRcL3VwbG9hZHNcLzIwMjVcLzAyXC93ZWItaW1heGluYXJpYS1mZXN0aXZhbC0yMDI1LWludml0YWRvcy1ib3Jpcy1sYWJiZS0yLmpwZyJ9\">\n\t\t\t\t\t\t\t<img fetchpriority=\"high\" decoding=\"async\" width=\"800\" height=\"800\" src=\"https:\/\/imaxinaria.afundacion.org\/wp-content\/uploads\/2025\/02\/web-imaxinaria-festival-2025-invitados-boris-labbe-2.jpg\" class=\"attachment-full size-full wp-image-6626\" alt=\"\" srcset=\"https:\/\/imaxinaria.afundacion.org\/wp-content\/uploads\/2025\/02\/web-imaxinaria-festival-2025-invitados-boris-labbe-2.jpg 800w, https:\/\/imaxinaria.afundacion.org\/wp-content\/uploads\/2025\/02\/web-imaxinaria-festival-2025-invitados-boris-labbe-2-300x300.jpg 300w, https:\/\/imaxinaria.afundacion.org\/wp-content\/uploads\/2025\/02\/web-imaxinaria-festival-2025-invitados-boris-labbe-2-150x150.jpg 150w, https:\/\/imaxinaria.afundacion.org\/wp-content\/uploads\/2025\/02\/web-imaxinaria-festival-2025-invitados-boris-labbe-2-768x768.jpg 768w\" sizes=\"(max-width: 800px) 100vw, 800px\" \/>\t\t\t\t\t\t\t\t<\/a>\n\t\t\t\t\t\t\t\t\t\t\t\t\t\t\t<\/div>\n\t\t\t\t<\/div>\n\t\t\t\t<div class=\"elementor-element elementor-element-467eaa9 elementor-widget elementor-widget-text-editor\" data-id=\"467eaa9\" data-element_type=\"widget\" data-widget_type=\"text-editor.default\">\n\t\t\t\t<div class=\"elementor-widget-container\">\n\t\t\t\t\t\t\t\t\t<p>Cedida por Boris Labb\u00e9<\/p>\n\t\t\t\t\t\t\t\t<\/div>\n\t\t\t\t<\/div>\n\t\t\t\t\t<\/div>\n\t\t<\/div>\n\t\t\t\t<div class=\"elementor-column elementor-col-50 elementor-inner-column elementor-element elementor-element-336bbea\" data-id=\"336bbea\" data-element_type=\"column\">\n\t\t\t<div class=\"elementor-widget-wrap elementor-element-populated\">\n\t\t\t\t\t\t<div class=\"elementor-element elementor-element-5d11d53 elementor-widget elementor-widget-heading\" data-id=\"5d11d53\" data-element_type=\"widget\" data-widget_type=\"heading.default\">\n\t\t\t\t<div class=\"elementor-widget-container\">\n\t\t\t\t\t<h2 class=\"elementor-heading-title elementor-size-default\">BORIS LABB\u00c9<\/h2>\t\t\t\t<\/div>\n\t\t\t\t<\/div>\n\t\t\t\t<div class=\"elementor-element elementor-element-d41b45a elementor-widget elementor-widget-text-editor\" data-id=\"d41b45a\" data-element_type=\"widget\" data-widget_type=\"text-editor.default\">\n\t\t\t\t<div class=\"elementor-widget-container\">\n\t\t\t\t\t\t\t\t\tNacido en 1987 en Francia, Boris Labb\u00e9 \u00e9 un cineasta e artista reco\u00f1ecido pola hibridaci\u00f3n de t\u00e9cnicas dixitais e tradicionais da animaci\u00f3n. A s\u00faa obra pon en cuesti\u00f3n a representaci\u00f3n, cunha narraci\u00f3n aberta \u00e1 interpretaci\u00f3n do espectador, utilizando repetici\u00f3ns, collages, metamorfoses e movementos perpetuos, con frecuentes citas \u00e1 historia da arte, a literatura e a filosof\u00eda.<br><br>Estudou Arte Contempor\u00e1nea e Animaci\u00f3n en Francia e realizou varias residencias art\u00edsticas en lugares como a Casa Vel\u00e1zquez en Madrid e a Cin\u00e9math\u00e8que Qu\u00e9b\u00e9coise en Montreal. As s\u00faas obras foron exhibidas en festivais internacionais como Cannes, Annecy e Clermont-Ferrand, e recibiu m\u00e1is 50 premios e distinci\u00f3ns, como o Gran Premio no Festival de Animaci\u00f3n de Taichung e no Festival Animafest Zagreb. Desde 2014 colabora con Sacrebleu Productions e est\u00e1 representado por re.riddle (San Francisco) e Miyu (Par\u00eds). En 2020 colaborou co core\u00f3grafo Angelin Preljocaj na escenograf\u00eda de Swan Lake. A s\u00faa curtametraxe The Fall, aclamada internacionalmente, foi seleccionada na 57\u00aa Semaine de la Critique do Festival de Cannes e galardoada co FIPRESCI no Festival de Annecy.<br><br>Na actualidade a s\u00faa obra segue a expandir os l\u00edmites do cine tradicional, incorporando instalaci\u00f3ns audiovisuais e concertos.\t\t\t\t\t\t\t\t<\/div>\n\t\t\t\t<\/div>\n\t\t\t\t\t<\/div>\n\t\t<\/div>\n\t\t\t\t\t<\/div>\n\t\t<\/section>\n\t\t\t\t\t<\/div>\n\t\t<\/div>\n\t\t\t\t\t<\/div>\n\t\t<\/section>\n\t\t\t\t<\/div>\n\t\t","protected":false},"excerpt":{"rendered":"<p>Cedida por Boris Labb\u00e9 BORIS LABB\u00c9 Nacido en 1987 en Francia, Boris Labb\u00e9 \u00e9 un cineasta e artista reco\u00f1ecido pola hibridaci\u00f3n de t\u00e9cnicas dixitais e tradicionais da animaci\u00f3n. A s\u00faa obra pon en cuesti\u00f3n a representaci\u00f3n, cunha narraci\u00f3n aberta \u00e1 interpretaci\u00f3n do espectador, utilizando repetici\u00f3ns, collages, metamorfoses e movementos perpetuos, con frecuentes citas \u00e1 historia [&hellip;]<\/p>\n","protected":false},"author":2,"featured_media":0,"parent":0,"menu_order":0,"comment_status":"closed","ping_status":"closed","template":"","meta":{"footnotes":""},"class_list":["post-6404","page","type-page","status-publish","hentry"],"_links":{"self":[{"href":"https:\/\/imaxinaria.afundacion.org\/gl\/wp-json\/wp\/v2\/pages\/6404","targetHints":{"allow":["GET"]}}],"collection":[{"href":"https:\/\/imaxinaria.afundacion.org\/gl\/wp-json\/wp\/v2\/pages"}],"about":[{"href":"https:\/\/imaxinaria.afundacion.org\/gl\/wp-json\/wp\/v2\/types\/page"}],"author":[{"embeddable":true,"href":"https:\/\/imaxinaria.afundacion.org\/gl\/wp-json\/wp\/v2\/users\/2"}],"replies":[{"embeddable":true,"href":"https:\/\/imaxinaria.afundacion.org\/gl\/wp-json\/wp\/v2\/comments?post=6404"}],"version-history":[{"count":6,"href":"https:\/\/imaxinaria.afundacion.org\/gl\/wp-json\/wp\/v2\/pages\/6404\/revisions"}],"predecessor-version":[{"id":10126,"href":"https:\/\/imaxinaria.afundacion.org\/gl\/wp-json\/wp\/v2\/pages\/6404\/revisions\/10126"}],"wp:attachment":[{"href":"https:\/\/imaxinaria.afundacion.org\/gl\/wp-json\/wp\/v2\/media?parent=6404"}],"curies":[{"name":"wp","href":"https:\/\/api.w.org\/{rel}","templated":true}]}}