{"id":6409,"date":"2025-02-10T09:41:48","date_gmt":"2025-02-10T09:41:48","guid":{"rendered":"https:\/\/imaxinaria.afundacion.org\/?page_id=6409"},"modified":"2026-02-25T16:52:32","modified_gmt":"2026-02-25T16:52:32","slug":"martin-romero","status":"publish","type":"page","link":"https:\/\/imaxinaria.afundacion.org\/gl\/martin-romero\/","title":{"rendered":"Mart\u00edn Romero"},"content":{"rendered":"\t\t<div data-elementor-type=\"wp-page\" data-elementor-id=\"6409\" class=\"elementor elementor-6409 elementor-6407\" data-elementor-post-type=\"page\">\n\t\t\t\t\t\t<section class=\"elementor-section elementor-top-section elementor-element elementor-element-2d36e51 elementor-section-full_width elementor-section-height-min-height elementor-section-height-default elementor-section-items-middle\" data-id=\"2d36e51\" data-element_type=\"section\" data-settings=\"{&quot;background_background&quot;:&quot;video&quot;,&quot;background_video_link&quot;:&quot;https:\\\/\\\/youtu.be\\\/wK686HNh2W0&quot;,&quot;background_video_start&quot;:0,&quot;background_video_end&quot;:16,&quot;background_play_on_mobile&quot;:&quot;yes&quot;}\">\n\t\t\t\t\t\t\t\t<div class=\"elementor-background-video-container\" aria-hidden=\"true\">\n\t\t\t\t\t\t\t\t\t\t\t\t\t<div class=\"elementor-background-video-embed\"><\/div>\n\t\t\t\t\t\t\t\t\t\t\t\t<\/div>\n\t\t\t\t\t\t\t\t<div class=\"elementor-container elementor-column-gap-default\">\n\t\t\t\t\t<div class=\"elementor-column elementor-col-100 elementor-top-column elementor-element elementor-element-2ade98b\" data-id=\"2ade98b\" data-element_type=\"column\">\n\t\t\t<div class=\"elementor-widget-wrap\">\n\t\t\t\t\t\t\t<\/div>\n\t\t<\/div>\n\t\t\t\t\t<\/div>\n\t\t<\/section>\n\t\t\t\t<section class=\"elementor-section elementor-top-section elementor-element elementor-element-4ec6d5a elementor-section-height-min-height elementor-section-boxed elementor-section-height-default elementor-section-items-middle\" data-id=\"4ec6d5a\" data-element_type=\"section\">\n\t\t\t\t\t\t<div class=\"elementor-container elementor-column-gap-default\">\n\t\t\t\t\t<div class=\"elementor-column elementor-col-100 elementor-top-column elementor-element elementor-element-28fb720\" data-id=\"28fb720\" data-element_type=\"column\">\n\t\t\t<div class=\"elementor-widget-wrap elementor-element-populated\">\n\t\t\t\t\t\t<section class=\"elementor-section elementor-inner-section elementor-element elementor-element-e0f807e elementor-section-full_width elementor-section-height-default elementor-section-height-default\" data-id=\"e0f807e\" data-element_type=\"section\">\n\t\t\t\t\t\t<div class=\"elementor-container elementor-column-gap-default\">\n\t\t\t\t\t<div class=\"elementor-column elementor-col-50 elementor-inner-column elementor-element elementor-element-876379e\" data-id=\"876379e\" data-element_type=\"column\">\n\t\t\t<div class=\"elementor-widget-wrap elementor-element-populated\">\n\t\t\t\t\t\t<div class=\"elementor-element elementor-element-45404ac elementor-widget elementor-widget-image\" data-id=\"45404ac\" data-element_type=\"widget\" data-widget_type=\"image.default\">\n\t\t\t\t<div class=\"elementor-widget-container\">\n\t\t\t\t\t\t\t\t\t\t\t\t\t\t\t\t<a href=\"https:\/\/imaxinaria.afundacion.org\/wp-content\/uploads\/2025\/02\/web-imaxinaria-festival-2025-invitados-martin-romero-2.jpg\" data-elementor-open-lightbox=\"yes\" data-elementor-lightbox-title=\"Web Imaxinaria Festival 2025 Invitados Martin Romero 2\" data-e-action-hash=\"#elementor-action%3Aaction%3Dlightbox%26settings%3DeyJpZCI6Njc4OSwidXJsIjoiaHR0cHM6XC9cL2ltYXhpbmFyaWEuYWZ1bmRhY2lvbi5vcmdcL3dwLWNvbnRlbnRcL3VwbG9hZHNcLzIwMjVcLzAyXC93ZWItaW1heGluYXJpYS1mZXN0aXZhbC0yMDI1LWludml0YWRvcy1tYXJ0aW4tcm9tZXJvLTIuanBnIn0%3D\">\n\t\t\t\t\t\t\t<img fetchpriority=\"high\" decoding=\"async\" width=\"800\" height=\"800\" src=\"https:\/\/imaxinaria.afundacion.org\/wp-content\/uploads\/2025\/02\/web-imaxinaria-festival-2025-invitados-martin-romero-2.jpg\" class=\"attachment-full size-full wp-image-6789\" alt=\"\" srcset=\"https:\/\/imaxinaria.afundacion.org\/wp-content\/uploads\/2025\/02\/web-imaxinaria-festival-2025-invitados-martin-romero-2.jpg 800w, https:\/\/imaxinaria.afundacion.org\/wp-content\/uploads\/2025\/02\/web-imaxinaria-festival-2025-invitados-martin-romero-2-300x300.jpg 300w, https:\/\/imaxinaria.afundacion.org\/wp-content\/uploads\/2025\/02\/web-imaxinaria-festival-2025-invitados-martin-romero-2-150x150.jpg 150w, https:\/\/imaxinaria.afundacion.org\/wp-content\/uploads\/2025\/02\/web-imaxinaria-festival-2025-invitados-martin-romero-2-768x768.jpg 768w\" sizes=\"(max-width: 800px) 100vw, 800px\" \/>\t\t\t\t\t\t\t\t<\/a>\n\t\t\t\t\t\t\t\t\t\t\t\t\t\t\t<\/div>\n\t\t\t\t<\/div>\n\t\t\t\t<div class=\"elementor-element elementor-element-d4d4e35 elementor-widget elementor-widget-text-editor\" data-id=\"d4d4e35\" data-element_type=\"widget\" data-widget_type=\"text-editor.default\">\n\t\t\t\t<div class=\"elementor-widget-container\">\n\t\t\t\t\t\t\t\t\t<p>Cedida por Mart\u00edn Romero<\/p>\n\t\t\t\t\t\t\t\t<\/div>\n\t\t\t\t<\/div>\n\t\t\t\t\t<\/div>\n\t\t<\/div>\n\t\t\t\t<div class=\"elementor-column elementor-col-50 elementor-inner-column elementor-element elementor-element-5f6014b\" data-id=\"5f6014b\" data-element_type=\"column\">\n\t\t\t<div class=\"elementor-widget-wrap elementor-element-populated\">\n\t\t\t\t\t\t<div class=\"elementor-element elementor-element-d53031c elementor-widget elementor-widget-heading\" data-id=\"d53031c\" data-element_type=\"widget\" data-widget_type=\"heading.default\">\n\t\t\t\t<div class=\"elementor-widget-container\">\n\t\t\t\t\t<h2 class=\"elementor-heading-title elementor-size-default\">MART\u00cdN ROMERO\u200b<\/h2>\t\t\t\t<\/div>\n\t\t\t\t<\/div>\n\t\t\t\t<div class=\"elementor-element elementor-element-084b22e elementor-widget elementor-widget-text-editor\" data-id=\"084b22e\" data-element_type=\"widget\" data-widget_type=\"text-editor.default\">\n\t\t\t\t<div class=\"elementor-widget-container\">\n\t\t\t\t\t\t\t\t\t<p>Mart\u00edn Romero (Boiro, 1981) \u00e9 ilustrador, autor de c\u00f3mics e director de animaci\u00f3n. Combina todas estas disciplinas para desenvolver os m\u00e1is diversos proxectos. Como ilustrador realiza traballos que van dende o \u00e1mbito publicitario ata o editorial, con clientes como El Pa\u00eds, Seat ou Abanca. Os seus c\u00f3mics foron publicados en revistas como Le Monde Diplomatique (Francia), Kuti Kuti (Finlandia), Stripburger (Eslovenia), Bile Noire (Francia), Mille Putois (Canad\u00e1), O Suplemento (Brasil) ou a americana Vice. As s\u00faas novelas gr\u00e1ficas \u201cLas fabulosas cr\u00f3nicas del rat\u00f3n taciturno\u201d (2011), \u201cEpisodios Lunares\u201d (2015) e \u201cLa deuda\u201d (2017) foron publicadas tanto en Espa\u00f1a como en Francia. Actualmente est\u00e1 desenvolvendo a serie de c\u00f3mics infant\u00eds \u201cUx\u00edo\u201d, con dous t\u00edtulos publicados ata o momento: \u201cUx\u00edo\u201d (2019) e \u201cUx\u00edo e amigos\u201d (2023). No eido audiovisual dirixiu d\u00faas curtametraxes: \u201cLa noche\u201d (2017), baseada nun dos seus c\u00f3mics, e \u201cTo bird or not to bird\u201d (2023), ga\u00f1adora do Goya a Mellor Curtametraxe de Animaci\u00f3n na edici\u00f3n de 2004.<\/p>\n\t\t\t\t\t\t\t\t<\/div>\n\t\t\t\t<\/div>\n\t\t\t\t\t<\/div>\n\t\t<\/div>\n\t\t\t\t\t<\/div>\n\t\t<\/section>\n\t\t\t\t\t<\/div>\n\t\t<\/div>\n\t\t\t\t\t<\/div>\n\t\t<\/section>\n\t\t\t\t<\/div>\n\t\t","protected":false},"excerpt":{"rendered":"<p>Cedida por Mart\u00edn Romero MART\u00cdN ROMERO\u200b Mart\u00edn Romero (Boiro, 1981) \u00e9 ilustrador, autor de c\u00f3mics e director de animaci\u00f3n. Combina todas estas disciplinas para desenvolver os m\u00e1is diversos proxectos. Como ilustrador realiza traballos que van dende o \u00e1mbito publicitario ata o editorial, con clientes como El Pa\u00eds, Seat ou Abanca. Os seus c\u00f3mics foron publicados [&hellip;]<\/p>\n","protected":false},"author":2,"featured_media":4395,"parent":0,"menu_order":0,"comment_status":"closed","ping_status":"closed","template":"","meta":{"footnotes":""},"class_list":["post-6409","page","type-page","status-publish","has-post-thumbnail","hentry"],"_links":{"self":[{"href":"https:\/\/imaxinaria.afundacion.org\/gl\/wp-json\/wp\/v2\/pages\/6409","targetHints":{"allow":["GET"]}}],"collection":[{"href":"https:\/\/imaxinaria.afundacion.org\/gl\/wp-json\/wp\/v2\/pages"}],"about":[{"href":"https:\/\/imaxinaria.afundacion.org\/gl\/wp-json\/wp\/v2\/types\/page"}],"author":[{"embeddable":true,"href":"https:\/\/imaxinaria.afundacion.org\/gl\/wp-json\/wp\/v2\/users\/2"}],"replies":[{"embeddable":true,"href":"https:\/\/imaxinaria.afundacion.org\/gl\/wp-json\/wp\/v2\/comments?post=6409"}],"version-history":[{"count":6,"href":"https:\/\/imaxinaria.afundacion.org\/gl\/wp-json\/wp\/v2\/pages\/6409\/revisions"}],"predecessor-version":[{"id":10754,"href":"https:\/\/imaxinaria.afundacion.org\/gl\/wp-json\/wp\/v2\/pages\/6409\/revisions\/10754"}],"wp:featuredmedia":[{"embeddable":true,"href":"https:\/\/imaxinaria.afundacion.org\/gl\/wp-json\/wp\/v2\/media\/4395"}],"wp:attachment":[{"href":"https:\/\/imaxinaria.afundacion.org\/gl\/wp-json\/wp\/v2\/media?parent=6409"}],"curies":[{"name":"wp","href":"https:\/\/api.w.org\/{rel}","templated":true}]}}