{"id":6422,"date":"2025-01-30T17:11:27","date_gmt":"2025-01-30T17:11:27","guid":{"rendered":"https:\/\/imaxinaria.afundacion.org\/?page_id=6422"},"modified":"2026-02-25T11:15:38","modified_gmt":"2026-02-25T11:15:38","slug":"na-retina-2","status":"publish","type":"page","link":"https:\/\/imaxinaria.afundacion.org\/gl\/na-retina-2\/","title":{"rendered":"NA RETINA"},"content":{"rendered":"\t\t<div data-elementor-type=\"wp-page\" data-elementor-id=\"6422\" class=\"elementor elementor-6422 elementor-6420\" data-elementor-post-type=\"page\">\n\t\t\t\t\t\t<section class=\"elementor-section elementor-top-section elementor-element elementor-element-2738403 elementor-section-full_width elementor-section-height-min-height elementor-section-height-default elementor-section-items-middle\" data-id=\"2738403\" data-element_type=\"section\" data-settings=\"{&quot;background_background&quot;:&quot;video&quot;,&quot;background_video_link&quot;:&quot;https:\\\/\\\/www.youtube.com\\\/watch?v=Lv0PnoWu8_4&quot;,&quot;background_video_start&quot;:0,&quot;background_video_end&quot;:6.0999999999999996447286321199499070644378662109375,&quot;background_play_on_mobile&quot;:&quot;yes&quot;}\">\n\t\t\t\t\t\t\t\t<div class=\"elementor-background-video-container\" aria-hidden=\"true\">\n\t\t\t\t\t\t\t\t\t\t\t\t\t<div class=\"elementor-background-video-embed\"><\/div>\n\t\t\t\t\t\t\t\t\t\t\t\t<\/div>\n\t\t\t\t\t\t\t\t<div class=\"elementor-container elementor-column-gap-default\">\n\t\t\t\t\t<div class=\"elementor-column elementor-col-100 elementor-top-column elementor-element elementor-element-6dea6ff\" data-id=\"6dea6ff\" data-element_type=\"column\">\n\t\t\t<div class=\"elementor-widget-wrap\">\n\t\t\t\t\t\t\t<\/div>\n\t\t<\/div>\n\t\t\t\t\t<\/div>\n\t\t<\/section>\n\t\t\t\t<section class=\"elementor-section elementor-top-section elementor-element elementor-element-cc7b280 elementor-section-boxed elementor-section-height-default elementor-section-height-default\" data-id=\"cc7b280\" data-element_type=\"section\" data-settings=\"{&quot;background_background&quot;:&quot;classic&quot;}\">\n\t\t\t\t\t\t<div class=\"elementor-container elementor-column-gap-default\">\n\t\t\t\t\t<div class=\"elementor-column elementor-col-100 elementor-top-column elementor-element elementor-element-4f7e6f7\" data-id=\"4f7e6f7\" data-element_type=\"column\">\n\t\t\t<div class=\"elementor-widget-wrap elementor-element-populated\">\n\t\t\t\t\t\t<div class=\"elementor-element elementor-element-7f0bd84 elementor-widget elementor-widget-heading\" data-id=\"7f0bd84\" data-element_type=\"widget\" data-widget_type=\"heading.default\">\n\t\t\t\t<div class=\"elementor-widget-container\">\n\t\t\t\t\t<h2 class=\"elementor-heading-title elementor-size-default\">NA RETINA<\/h2>\t\t\t\t<\/div>\n\t\t\t\t<\/div>\n\t\t\t\t<div class=\"elementor-element elementor-element-837d5d2 elementor-widget elementor-widget-text-editor\" data-id=\"837d5d2\" data-element_type=\"widget\" data-widget_type=\"text-editor.default\">\n\t\t\t\t<div class=\"elementor-widget-container\">\n\t\t\t\t\t\t\t\t\t<p>Na Retina \u00e9 a secci\u00f3n de IMAXINARIA dedicada a celebrar aquelas obras cl\u00e1sicas ou de culto que deixaron unha pegada profunda na historia da animaci\u00f3n. Un espazo de homenaxe e revisi\u00f3n cr\u00edtica que busca po\u00f1er en valor filmes, autor\u00edas e movementos que, polo seu risco art\u00edstico, a s\u00faa innovaci\u00f3n t\u00e9cnica ou a s\u00faa capacidade para transformar o imaxinario colectivo, se converteron en fitos fundamentais do x\u00e9nero<\/p>\n\t\t\t\t\t\t\t\t<\/div>\n\t\t\t\t<\/div>\n\t\t\t\t<div class=\"elementor-element elementor-element-b2a53a6 elementor-widget elementor-widget-heading\" data-id=\"b2a53a6\" data-element_type=\"widget\" data-widget_type=\"heading.default\">\n\t\t\t\t<div class=\"elementor-widget-container\">\n\t\t\t\t\t<h2 class=\"elementor-heading-title elementor-size-default\">Kirik\u00fa e a bruxa (1998), de Michel Ocelot<\/h2>\t\t\t\t<\/div>\n\t\t\t\t<\/div>\n\t\t\t\t<div class=\"elementor-element elementor-element-54f4448 elementor-widget elementor-widget-heading\" data-id=\"54f4448\" data-element_type=\"widget\" data-widget_type=\"heading.default\">\n\t\t\t\t<div class=\"elementor-widget-container\">\n\t\t\t\t\t<h3 class=\"elementor-heading-title elementor-size-default\">Proxecci\u00f3n especial con m\u00fasica en directo de Rosin de Palo<\/h3>\t\t\t\t<\/div>\n\t\t\t\t<\/div>\n\t\t\t\t<div class=\"elementor-element elementor-element-920dbb4 elementor-widget elementor-widget-text-editor\" data-id=\"920dbb4\" data-element_type=\"widget\" data-widget_type=\"text-editor.default\">\n\t\t\t\t<div class=\"elementor-widget-container\">\n\t\t\t\t\t\t\t\t\t<p>Estreada en 1998, Kirik\u00fa e a bruxa \u00e9 unha das obras m\u00e1is fundamentais da animaci\u00f3n europea contempor\u00e1nea e o filme que situou Michel Ocelot como unha das grandes voces da animaci\u00f3n de autor. Inspir\u00e1ndose nos contos tradicionais da \u00c1frica Occidental, o director constru\u00edu un relato luminoso e humanista que segue a viaxe de Kirik\u00fa, un neno pequeno e extraordinariamente sabio que decide liberar a s\u00faa aldea da temida bruxa Karab\u00e1. A trav\u00e9s desta aventura inici\u00e1tica, a pel\u00edcula aborda temas universais como a valent\u00eda, o poder do co\u00f1ecemento, o cuestionamento das aparencias e a importancia da comunidade.<\/p>\n<p>A nivel visual, o filme abriu cami\u00f1os novos dentro da animaci\u00f3n europea: as s\u00faas composici\u00f3ns planas, os patr\u00f3ns inspirados na arte africana e a s\u00faa vibrante paleta de cores crean un universo gr\u00e1fico reco\u00f1ecible e profundamente expresivo. Kirik\u00fa e a bruxa foi reco\u00f1ecida internacionalmente con premios como o Cristal \u00e1 Mellor Longametraxe en Annecy, Chicago e Cinekid, ademais do galard\u00f3n ao Mellor Largometraxe Europeo nos British Animation Awards, consolid\u00e1ndose como un cl\u00e1sico contempor\u00e1neo que contin\u00faa a influ\u00edr novas xeraci\u00f3ns de espectadores e creadoras.<\/p>\n<p>Este ano, IMAXINARIA quere celebrar esta obra mestra cun formato excepcional: unha proxecci\u00f3n con m\u00fasica en directo a cargo de Rosin de Palo. O d\u00fao, reco\u00f1ecido pola s\u00faa exploraci\u00f3n sonora a trav\u00e9s do violoncelo, a percusi\u00f3n org\u00e1nica e a experimentaci\u00f3n r\u00edtmica, ofrecer\u00e1 unha reinterpretaci\u00f3n sonora que dialoga coa pel\u00edcula desde unha sensibilidade contempor\u00e1nea e profundamente emotiva. O p\u00fablico poder\u00e1 gozar as\u00ed dunha experiencia inmersiva, onde a forza visual do filme e a s\u00faa dimensi\u00f3n simb\u00f3lica se amplifican coa intensidade f\u00edsica do son en directo.<\/p>\n<p>Con esta proposta, IMAXINARIA convida a redescubrir Kirik\u00fa e a bruxa desde unha perspectiva nova e vibrante: unha homenaxe que honra o legado de Michel Ocelot ao tempo que celebra a capacidade da animaci\u00f3n para transformarse, renovarse e seguir sorprendendo m\u00e1is de vinte e cinco anos despois da s\u00faa estrea.<\/p>\n\t\t\t\t\t\t\t\t<\/div>\n\t\t\t\t<\/div>\n\t\t\t\t<div class=\"elementor-element elementor-element-69065eb elementor-widget elementor-widget-text-editor\" data-id=\"69065eb\" data-element_type=\"widget\" data-widget_type=\"text-editor.default\">\n\t\t\t\t<div class=\"elementor-widget-container\">\n\t\t\t\t\t\t\t\t\t<p><a style=\"color: #ffff;\"><strong>&gt;&gt;\u00a0<\/strong><\/a>Programa na Retina IMAXINARIA<\/p>\n\t\t\t\t\t\t\t\t<\/div>\n\t\t\t\t<\/div>\n\t\t\t\t<div class=\"elementor-element elementor-element-7fcca77 elementor-widget elementor-widget-heading\" data-id=\"7fcca77\" data-element_type=\"widget\" data-widget_type=\"heading.default\">\n\t\t\t\t<div class=\"elementor-widget-container\">\n\t\t\t\t\t<h2 class=\"elementor-heading-title elementor-size-default\">Kirik\u00fa e a bruxa (1998), de Michel Ocelot<\/h2>\t\t\t\t<\/div>\n\t\t\t\t<\/div>\n\t\t\t\t<div class=\"elementor-element elementor-element-f9bbdd2 elementor-widget elementor-widget-heading\" data-id=\"f9bbdd2\" data-element_type=\"widget\" data-widget_type=\"heading.default\">\n\t\t\t\t<div class=\"elementor-widget-container\">\n\t\t\t\t\t<h3 class=\"elementor-heading-title elementor-size-default\">Proxecci\u00f3n especial con m\u00fasica en directo de Rosin de Palo<\/h3>\t\t\t\t<\/div>\n\t\t\t\t<\/div>\n\t\t\t\t<section class=\"elementor-section elementor-inner-section elementor-element elementor-element-4432fca elementor-section-boxed elementor-section-height-default elementor-section-height-default\" data-id=\"4432fca\" data-element_type=\"section\">\n\t\t\t\t\t\t<div class=\"elementor-container elementor-column-gap-default\">\n\t\t\t\t\t<div class=\"elementor-column elementor-col-100 elementor-inner-column elementor-element elementor-element-6af5040\" data-id=\"6af5040\" data-element_type=\"column\">\n\t\t\t<div class=\"elementor-widget-wrap elementor-element-populated\">\n\t\t\t\t\t\t<div class=\"elementor-element elementor-element-c78057f elementor-widget elementor-widget-text-editor\" data-id=\"c78057f\" data-element_type=\"widget\" data-widget_type=\"text-editor.default\">\n\t\t\t\t<div class=\"elementor-widget-container\">\n\t\t\t\t\t\t\t\t\t<p>&gt;&gt; S\u00e1bado 14 de marzo a las 12:00h &#8211; <em>Kirik\u00fa e a bruxa<\/em><\/p>\n\t\t\t\t\t\t\t\t<\/div>\n\t\t\t\t<\/div>\n\t\t\t\t<div class=\"elementor-element elementor-element-d6a8704 elementor-widget elementor-widget-video\" data-id=\"d6a8704\" data-element_type=\"widget\" data-settings=\"{&quot;youtube_url&quot;:&quot;https:\\\/\\\/youtu.be\\\/5QRHeAGw6Zc&quot;,&quot;video_type&quot;:&quot;youtube&quot;,&quot;controls&quot;:&quot;yes&quot;}\" data-widget_type=\"video.default\">\n\t\t\t\t<div class=\"elementor-widget-container\">\n\t\t\t\t\t\t\t<div class=\"elementor-wrapper elementor-open-inline\">\n\t\t\t<div class=\"elementor-video\"><\/div>\t\t<\/div>\n\t\t\t\t\t\t<\/div>\n\t\t\t\t<\/div>\n\t\t\t\t<div class=\"elementor-element elementor-element-fe1b85f elementor-widget elementor-widget-text-editor\" data-id=\"fe1b85f\" data-element_type=\"widget\" data-widget_type=\"text-editor.default\">\n\t\t\t\t<div class=\"elementor-widget-container\">\n\t\t\t\t\t\t\t\t\t<p><span data-sheets-root=\"1\">Michel Ocelot<\/span> | \u00a074 min \u00a0| \u00a0FRANCIA\u00a0 | \u00a01998\u00a0 | \u00a0+6<\/p>\n\t\t\t\t\t\t\t\t<\/div>\n\t\t\t\t<\/div>\n\t\t\t\t<div class=\"elementor-element elementor-element-6aaa40d elementor-widget elementor-widget-text-editor\" data-id=\"6aaa40d\" data-element_type=\"widget\" data-widget_type=\"text-editor.default\">\n\t\t\t\t<div class=\"elementor-widget-container\">\n\t\t\t\t\t\t\t\t\tKirik\u00fa e a bruxa \u00e9 unha das pel\u00edculas m\u00e1is emblem\u00e1ticas da animaci\u00f3n europea, unha f\u00e1bula chea de maxia, cor e sabedor\u00eda inspirada na tradici\u00f3n oral africana. IMAXINARIA ofrece unha experiencia \u00fanica coa s\u00faa proxecci\u00f3n acompa\u00f1ada en directo pola reinterpretaci\u00f3n musical de Rosin de Palo, que transformar\u00e1 o cl\u00e1sico nun evento sensorial e memor\u00e1bel.<br><br>Un encontro extraordinario entre cinema e m\u00fasica en vivo, pensado para envolver tanto a nenos como a adultos na beleza da narraci\u00f3n animada.\t\t\t\t\t\t\t\t<\/div>\n\t\t\t\t<\/div>\n\t\t\t\t<div class=\"elementor-element elementor-element-dd578c4 elementor-widget elementor-widget-video\" data-id=\"dd578c4\" data-element_type=\"widget\" data-settings=\"{&quot;youtube_url&quot;:&quot;https:\\\/\\\/www.youtube.com\\\/watch?v=SSBJrJ2hXcc&quot;,&quot;video_type&quot;:&quot;youtube&quot;,&quot;controls&quot;:&quot;yes&quot;}\" data-widget_type=\"video.default\">\n\t\t\t\t<div class=\"elementor-widget-container\">\n\t\t\t\t\t\t\t<div class=\"elementor-wrapper elementor-open-inline\">\n\t\t\t<div class=\"elementor-video\"><\/div>\t\t<\/div>\n\t\t\t\t\t\t<\/div>\n\t\t\t\t<\/div>\n\t\t\t\t\t<\/div>\n\t\t<\/div>\n\t\t\t\t\t<\/div>\n\t\t<\/section>\n\t\t\t\t\t<\/div>\n\t\t<\/div>\n\t\t\t\t\t<\/div>\n\t\t<\/section>\n\t\t\t\t<\/div>\n\t\t","protected":false},"excerpt":{"rendered":"<p>NA RETINA Na Retina \u00e9 a secci\u00f3n de IMAXINARIA dedicada a celebrar aquelas obras cl\u00e1sicas ou de culto que deixaron unha pegada profunda na historia da animaci\u00f3n. Un espazo de homenaxe e revisi\u00f3n cr\u00edtica que busca po\u00f1er en valor filmes, autor\u00edas e movementos que, polo seu risco art\u00edstico, a s\u00faa innovaci\u00f3n t\u00e9cnica ou a s\u00faa [&hellip;]<\/p>\n","protected":false},"author":2,"featured_media":4270,"parent":0,"menu_order":0,"comment_status":"closed","ping_status":"closed","template":"","meta":{"footnotes":""},"class_list":["post-6422","page","type-page","status-publish","has-post-thumbnail","hentry"],"_links":{"self":[{"href":"https:\/\/imaxinaria.afundacion.org\/gl\/wp-json\/wp\/v2\/pages\/6422","targetHints":{"allow":["GET"]}}],"collection":[{"href":"https:\/\/imaxinaria.afundacion.org\/gl\/wp-json\/wp\/v2\/pages"}],"about":[{"href":"https:\/\/imaxinaria.afundacion.org\/gl\/wp-json\/wp\/v2\/types\/page"}],"author":[{"embeddable":true,"href":"https:\/\/imaxinaria.afundacion.org\/gl\/wp-json\/wp\/v2\/users\/2"}],"replies":[{"embeddable":true,"href":"https:\/\/imaxinaria.afundacion.org\/gl\/wp-json\/wp\/v2\/comments?post=6422"}],"version-history":[{"count":8,"href":"https:\/\/imaxinaria.afundacion.org\/gl\/wp-json\/wp\/v2\/pages\/6422\/revisions"}],"predecessor-version":[{"id":10661,"href":"https:\/\/imaxinaria.afundacion.org\/gl\/wp-json\/wp\/v2\/pages\/6422\/revisions\/10661"}],"wp:featuredmedia":[{"embeddable":true,"href":"https:\/\/imaxinaria.afundacion.org\/gl\/wp-json\/wp\/v2\/media\/4270"}],"wp:attachment":[{"href":"https:\/\/imaxinaria.afundacion.org\/gl\/wp-json\/wp\/v2\/media?parent=6422"}],"curies":[{"name":"wp","href":"https:\/\/api.w.org\/{rel}","templated":true}]}}