{"id":6427,"date":"2025-02-10T09:54:45","date_gmt":"2025-02-10T09:54:45","guid":{"rendered":"https:\/\/imaxinaria.afundacion.org\/?page_id=6427"},"modified":"2026-02-25T11:17:42","modified_gmt":"2026-02-25T11:17:42","slug":"programa-escolar","status":"publish","type":"page","link":"https:\/\/imaxinaria.afundacion.org\/gl\/programa-escolar\/","title":{"rendered":"Programa escolar"},"content":{"rendered":"\t\t<div data-elementor-type=\"wp-page\" data-elementor-id=\"6427\" class=\"elementor elementor-6427 elementor-6425\" data-elementor-post-type=\"page\">\n\t\t\t\t\t\t<section class=\"elementor-section elementor-top-section elementor-element elementor-element-734ca95 elementor-section-full_width elementor-section-height-min-height elementor-section-height-default elementor-section-items-middle\" data-id=\"734ca95\" data-element_type=\"section\" data-settings=\"{&quot;background_background&quot;:&quot;video&quot;,&quot;background_video_link&quot;:&quot;https:\\\/\\\/www.youtube.com\\\/watch?v=Lv0PnoWu8_4&quot;,&quot;background_video_start&quot;:0,&quot;background_video_end&quot;:6.0999999999999996447286321199499070644378662109375,&quot;background_play_on_mobile&quot;:&quot;yes&quot;}\">\n\t\t\t\t\t\t\t\t<div class=\"elementor-background-video-container\" aria-hidden=\"true\">\n\t\t\t\t\t\t\t\t\t\t\t\t\t<div class=\"elementor-background-video-embed\"><\/div>\n\t\t\t\t\t\t\t\t\t\t\t\t<\/div>\n\t\t\t\t\t\t\t\t<div class=\"elementor-container elementor-column-gap-default\">\n\t\t\t\t\t<div class=\"elementor-column elementor-col-100 elementor-top-column elementor-element elementor-element-6f47995\" data-id=\"6f47995\" data-element_type=\"column\">\n\t\t\t<div class=\"elementor-widget-wrap\">\n\t\t\t\t\t\t\t<\/div>\n\t\t<\/div>\n\t\t\t\t\t<\/div>\n\t\t<\/section>\n\t\t\t\t<section class=\"elementor-section elementor-top-section elementor-element elementor-element-e6720d5 elementor-section-full_width elementor-section-height-default elementor-section-height-default\" data-id=\"e6720d5\" data-element_type=\"section\" data-settings=\"{&quot;background_background&quot;:&quot;classic&quot;}\">\n\t\t\t\t\t\t<div class=\"elementor-container elementor-column-gap-default\">\n\t\t\t\t\t<div class=\"elementor-column elementor-col-100 elementor-top-column elementor-element elementor-element-cf18cfd\" data-id=\"cf18cfd\" data-element_type=\"column\">\n\t\t\t<div class=\"elementor-widget-wrap elementor-element-populated\">\n\t\t\t\t\t\t<section class=\"elementor-section elementor-inner-section elementor-element elementor-element-b2f6615 elementor-section-boxed elementor-section-height-default elementor-section-height-default\" data-id=\"b2f6615\" data-element_type=\"section\">\n\t\t\t\t\t\t<div class=\"elementor-container elementor-column-gap-default\">\n\t\t\t\t\t<div class=\"elementor-column elementor-col-100 elementor-inner-column elementor-element elementor-element-dad9b51\" data-id=\"dad9b51\" data-element_type=\"column\">\n\t\t\t<div class=\"elementor-widget-wrap elementor-element-populated\">\n\t\t\t\t\t\t<div class=\"elementor-element elementor-element-06a8baf elementor-widget elementor-widget-heading\" data-id=\"06a8baf\" data-element_type=\"widget\" data-widget_type=\"heading.default\">\n\t\t\t\t<div class=\"elementor-widget-container\">\n\t\t\t\t\t<h2 class=\"elementor-heading-title elementor-size-default\">PROGRAMA ESCOLAR<\/h2>\t\t\t\t<\/div>\n\t\t\t\t<\/div>\n\t\t\t\t<div class=\"elementor-element elementor-element-9cb7931 elementor-widget elementor-widget-text-editor\" data-id=\"9cb7931\" data-element_type=\"widget\" data-widget_type=\"text-editor.default\">\n\t\t\t\t<div class=\"elementor-widget-container\">\n\t\t\t\t\t\t\t\t\t<p>O Programa Escolar de IMAXINARIA est\u00e1 dirixido ao alumnado de primaria de Galicia e ten como obxectivo achegar o cinema de animaci\u00f3n aos m\u00e1is pequenos, familiarizalos coa estrutura dun festival e convidalos a descubrir a creatividade e diversidade da animaci\u00f3n contempor\u00e1nea. A trav\u00e9s desta actividade, os nenos e nenas experimentan o papel de xurado, aprendendo a observar, avaliar e expresarse a partir das obras que ven en pantalla.<\/p>\n\t\t\t\t\t\t\t\t<\/div>\n\t\t\t\t<\/div>\n\t\t\t\t<div class=\"elementor-element elementor-element-6ad44cd elementor-widget elementor-widget-text-editor\" data-id=\"6ad44cd\" data-element_type=\"widget\" data-widget_type=\"text-editor.default\">\n\t\t\t\t<div class=\"elementor-widget-container\">\n\t\t\t\t\t\t\t\t\t<p>As sesi\u00f3ns desenvolveranse nas ma\u00f1\u00e1s do 12 e 13 de marzo e estar\u00e1n organizadas en dous bloques adaptados a diferentes idades:<\/p>\n<ul>\n<li><strong>3 a 7 anos<\/strong><\/li>\n<li><strong>8 a 12 anos<\/strong><\/li>\n<\/ul>\n<p>Deste modo, cada grupo contar\u00e1 cun programa espec\u00edfico, pensado para axustarse aos seus intereses, comprensi\u00f3n e capacidade de participaci\u00f3n.<\/p>\n<p>A selecci\u00f3n incluir\u00e1 curtametraxes realizadas entre 2025 e 2026, que ofrecen unha rica variedade de temas, estilos e puntos de vista. As historias abordar\u00e1n valores sociais, \u00e9ticos e educativos, sempre desde unha perspectiva l\u00fadica e accesible, garantindo unha experiencia enriquecedora e divertida.<\/p>\n\t\t\t\t\t\t\t\t<\/div>\n\t\t\t\t<\/div>\n\t\t\t\t<div class=\"elementor-element elementor-element-11ea08d elementor-widget elementor-widget-text-editor\" data-id=\"11ea08d\" data-element_type=\"widget\" data-widget_type=\"text-editor.default\">\n\t\t\t\t<div class=\"elementor-widget-container\">\n\t\t\t\t\t\t\t\t\t<p>PREMIO DO P\u00daBLICO INFANTIL<\/p>\n\t\t\t\t\t\t\t\t<\/div>\n\t\t\t\t<\/div>\n\t\t\t\t<div class=\"elementor-element elementor-element-cab199e elementor-widget elementor-widget-text-editor\" data-id=\"cab199e\" data-element_type=\"widget\" data-widget_type=\"text-editor.default\">\n\t\t\t\t<div class=\"elementor-widget-container\">\n\t\t\t\t\t\t\t\t\t<p>Ao rematar cada sesi\u00f3n, os nenos e nenas votar\u00e1n a curtametraxe que m\u00e1is lles guste, exercendo como verdadeiros membros dun xurado. A obra m\u00e1is votada recibir\u00e1 o Premio do P\u00fablico Infantil, dotado economicamente, convert\u00e9ndose nun reco\u00f1ecemento especialmente significativo por proceder directamente das miradas m\u00e1is novas do festival.<\/p>\n\t\t\t\t\t\t\t\t<\/div>\n\t\t\t\t<\/div>\n\t\t\t\t<div class=\"elementor-element elementor-element-452bde7 elementor-align-center elementor-mobile-align-center elementor-widget elementor-widget-button\" data-id=\"452bde7\" data-element_type=\"widget\" data-widget_type=\"button.default\">\n\t\t\t\t<div class=\"elementor-widget-container\">\n\t\t\t\t\t\t\t\t\t<div class=\"elementor-button-wrapper\">\n\t\t\t\t\t<a class=\"elementor-button elementor-button-link elementor-size-sm elementor-animation-shrink\" href=\"https:\/\/imaxinaria.afundacion.org\/gl\/familiar\/#familiar-3\" target=\"_blank\">\n\t\t\t\t\t\t<span class=\"elementor-button-content-wrapper\">\n\t\t\t\t\t\t<span class=\"elementor-button-icon\">\n\t\t\t\t<i aria-hidden=\"true\" class=\"far fa-laugh\"><\/i>\t\t\t<\/span>\n\t\t\t\t\t\t\t\t\t<span class=\"elementor-button-text\">VER SELECCI\u00d3N DE CURTAMETRAXES<\/span>\n\t\t\t\t\t<\/span>\n\t\t\t\t\t<\/a>\n\t\t\t\t<\/div>\n\t\t\t\t\t\t\t\t<\/div>\n\t\t\t\t<\/div>\n\t\t\t\t\t<\/div>\n\t\t<\/div>\n\t\t\t\t\t<\/div>\n\t\t<\/section>\n\t\t\t\t\t<\/div>\n\t\t<\/div>\n\t\t\t\t\t<\/div>\n\t\t<\/section>\n\t\t\t\t<\/div>\n\t\t","protected":false},"excerpt":{"rendered":"<p>PROGRAMA ESCOLAR O Programa Escolar de IMAXINARIA est\u00e1 dirixido ao alumnado de primaria de Galicia e ten como obxectivo achegar o cinema de animaci\u00f3n aos m\u00e1is pequenos, familiarizalos coa estrutura dun festival e convidalos a descubrir a creatividade e diversidade da animaci\u00f3n contempor\u00e1nea. A trav\u00e9s desta actividade, os nenos e nenas experimentan o papel de [&hellip;]<\/p>\n","protected":false},"author":2,"featured_media":0,"parent":0,"menu_order":0,"comment_status":"closed","ping_status":"closed","template":"","meta":{"footnotes":""},"class_list":["post-6427","page","type-page","status-publish","hentry"],"_links":{"self":[{"href":"https:\/\/imaxinaria.afundacion.org\/gl\/wp-json\/wp\/v2\/pages\/6427","targetHints":{"allow":["GET"]}}],"collection":[{"href":"https:\/\/imaxinaria.afundacion.org\/gl\/wp-json\/wp\/v2\/pages"}],"about":[{"href":"https:\/\/imaxinaria.afundacion.org\/gl\/wp-json\/wp\/v2\/types\/page"}],"author":[{"embeddable":true,"href":"https:\/\/imaxinaria.afundacion.org\/gl\/wp-json\/wp\/v2\/users\/2"}],"replies":[{"embeddable":true,"href":"https:\/\/imaxinaria.afundacion.org\/gl\/wp-json\/wp\/v2\/comments?post=6427"}],"version-history":[{"count":9,"href":"https:\/\/imaxinaria.afundacion.org\/gl\/wp-json\/wp\/v2\/pages\/6427\/revisions"}],"predecessor-version":[{"id":10693,"href":"https:\/\/imaxinaria.afundacion.org\/gl\/wp-json\/wp\/v2\/pages\/6427\/revisions\/10693"}],"wp:attachment":[{"href":"https:\/\/imaxinaria.afundacion.org\/gl\/wp-json\/wp\/v2\/media?parent=6427"}],"curies":[{"name":"wp","href":"https:\/\/api.w.org\/{rel}","templated":true}]}}