{"id":6431,"date":"2025-01-30T17:12:09","date_gmt":"2025-01-30T17:12:09","guid":{"rendered":"https:\/\/imaxinaria.afundacion.org\/?page_id=6431"},"modified":"2026-02-25T11:17:09","modified_gmt":"2026-02-25T11:17:09","slug":"talento-novo","status":"publish","type":"page","link":"https:\/\/imaxinaria.afundacion.org\/gl\/talento-novo\/","title":{"rendered":"Radar Galicia"},"content":{"rendered":"\t\t<div data-elementor-type=\"wp-page\" data-elementor-id=\"6431\" class=\"elementor elementor-6431 elementor-6430\" data-elementor-post-type=\"page\">\n\t\t\t\t\t\t<section class=\"elementor-section elementor-top-section elementor-element elementor-element-f215b74 elementor-section-full_width elementor-section-height-min-height elementor-section-height-default elementor-section-items-middle\" data-id=\"f215b74\" data-element_type=\"section\" data-settings=\"{&quot;background_background&quot;:&quot;video&quot;,&quot;background_video_link&quot;:&quot;https:\\\/\\\/www.youtube.com\\\/watch?v=Lv0PnoWu8_4&quot;,&quot;background_video_start&quot;:0,&quot;background_video_end&quot;:6.0999999999999996447286321199499070644378662109375,&quot;background_play_on_mobile&quot;:&quot;yes&quot;}\">\n\t\t\t\t\t\t\t\t<div class=\"elementor-background-video-container\" aria-hidden=\"true\">\n\t\t\t\t\t\t\t\t\t\t\t\t\t<div class=\"elementor-background-video-embed\"><\/div>\n\t\t\t\t\t\t\t\t\t\t\t\t<\/div>\n\t\t\t\t\t\t\t\t<div class=\"elementor-container elementor-column-gap-default\">\n\t\t\t\t\t<div class=\"elementor-column elementor-col-100 elementor-top-column elementor-element elementor-element-b4296c8\" data-id=\"b4296c8\" data-element_type=\"column\">\n\t\t\t<div class=\"elementor-widget-wrap\">\n\t\t\t\t\t\t\t<\/div>\n\t\t<\/div>\n\t\t\t\t\t<\/div>\n\t\t<\/section>\n\t\t\t\t<section class=\"elementor-section elementor-top-section elementor-element elementor-element-c84f92e elementor-section-full_width elementor-section-height-default elementor-section-height-default\" data-id=\"c84f92e\" data-element_type=\"section\" data-settings=\"{&quot;background_background&quot;:&quot;classic&quot;}\">\n\t\t\t\t\t\t<div class=\"elementor-container elementor-column-gap-default\">\n\t\t\t\t\t<div class=\"elementor-column elementor-col-100 elementor-top-column elementor-element elementor-element-bc30eb8\" data-id=\"bc30eb8\" data-element_type=\"column\">\n\t\t\t<div class=\"elementor-widget-wrap elementor-element-populated\">\n\t\t\t\t\t\t<section class=\"elementor-section elementor-inner-section elementor-element elementor-element-bda207e elementor-section-boxed elementor-section-height-default elementor-section-height-default\" data-id=\"bda207e\" data-element_type=\"section\">\n\t\t\t\t\t\t<div class=\"elementor-container elementor-column-gap-default\">\n\t\t\t\t\t<div class=\"elementor-column elementor-col-100 elementor-inner-column elementor-element elementor-element-8140709\" data-id=\"8140709\" data-element_type=\"column\">\n\t\t\t<div class=\"elementor-widget-wrap elementor-element-populated\">\n\t\t\t\t\t\t<div class=\"elementor-element elementor-element-ce95165 elementor-widget elementor-widget-heading\" data-id=\"ce95165\" data-element_type=\"widget\" data-widget_type=\"heading.default\">\n\t\t\t\t<div class=\"elementor-widget-container\">\n\t\t\t\t\t<h2 class=\"elementor-heading-title elementor-size-default\">RADAR GALICIA<\/h2>\t\t\t\t<\/div>\n\t\t\t\t<\/div>\n\t\t\t\t<div class=\"elementor-element elementor-element-df40720 elementor-widget elementor-widget-text-editor\" data-id=\"df40720\" data-element_type=\"widget\" data-widget_type=\"text-editor.default\">\n\t\t\t\t<div class=\"elementor-widget-container\">\n\t\t\t\t\t\t\t\t\t<p>O Foco Galicia pon en valor o presente e o futuro da animaci\u00f3n galega, destacando, por unha banda, o talento emerxente \u2014tanto local como da comunidade\u2014 e, por outra, o traballo de profesionais xa consolidados que est\u00e1n a situar Galicia como un dos territorios m\u00e1is din\u00e1micos e innovadores da animaci\u00f3n a nivel estatal e internacional.<\/p>\n\t\t\t\t\t\t\t\t<\/div>\n\t\t\t\t<\/div>\n\t\t\t\t<div class=\"elementor-element elementor-element-c68addd elementor-widget elementor-widget-text-editor\" data-id=\"c68addd\" data-element_type=\"widget\" data-widget_type=\"text-editor.default\">\n\t\t\t\t<div class=\"elementor-widget-container\">\n\t\t\t\t\t\t\t\t\t<p>Nesta edici\u00f3n, o foco estrut\u00farase arredor de d\u00faas propostas complementarias: por unha banda, o concurso Talento Novo, dirixido \u00e1s novas xeraci\u00f3ns de estudantes e que este ano abre a s\u00faa convocatoria a todo o territorio galego; e, por outra, a proxecci\u00f3n de Decorado, de Alberto V\u00e1zquez, unha das longametraxes galegas m\u00e1is esperadas e celebradas da tempada.<\/p>\n\t\t\t\t\t\t\t\t<\/div>\n\t\t\t\t<\/div>\n\t\t\t\t\t<\/div>\n\t\t<\/div>\n\t\t\t\t\t<\/div>\n\t\t<\/section>\n\t\t\t\t\t<\/div>\n\t\t<\/div>\n\t\t\t\t\t<\/div>\n\t\t<\/section>\n\t\t\t\t<section class=\"elementor-section elementor-top-section elementor-element elementor-element-ca96db4 elementor-section-full_width elementor-section-height-default elementor-section-height-default\" data-id=\"ca96db4\" data-element_type=\"section\" data-settings=\"{&quot;background_background&quot;:&quot;classic&quot;}\">\n\t\t\t\t\t\t<div class=\"elementor-container elementor-column-gap-default\">\n\t\t\t\t\t<div class=\"elementor-column elementor-col-100 elementor-top-column elementor-element elementor-element-c592c6e\" data-id=\"c592c6e\" data-element_type=\"column\">\n\t\t\t<div class=\"elementor-widget-wrap elementor-element-populated\">\n\t\t\t\t\t\t<section class=\"elementor-section elementor-inner-section elementor-element elementor-element-d61155b elementor-section-boxed elementor-section-height-default elementor-section-height-default\" data-id=\"d61155b\" data-element_type=\"section\">\n\t\t\t\t\t\t<div class=\"elementor-container elementor-column-gap-default\">\n\t\t\t\t\t<div class=\"elementor-column elementor-col-100 elementor-inner-column elementor-element elementor-element-6d99b2f\" data-id=\"6d99b2f\" data-element_type=\"column\">\n\t\t\t<div class=\"elementor-widget-wrap elementor-element-populated\">\n\t\t\t\t\t\t<div class=\"elementor-element elementor-element-01504f7 elementor-widget elementor-widget-heading\" data-id=\"01504f7\" data-element_type=\"widget\" data-widget_type=\"heading.default\">\n\t\t\t\t<div class=\"elementor-widget-container\">\n\t\t\t\t\t<h2 class=\"elementor-heading-title elementor-size-default\">CONCURSO TALENTO NOVO<\/h2>\t\t\t\t<\/div>\n\t\t\t\t<\/div>\n\t\t\t\t<div class=\"elementor-element elementor-element-16dae4f elementor-widget elementor-widget-text-editor\" data-id=\"16dae4f\" data-element_type=\"widget\" data-widget_type=\"text-editor.default\">\n\t\t\t\t<div class=\"elementor-widget-container\">\n\t\t\t\t\t\t\t\t\t<p>Convocatoria dirixida a estudantes maiores de 18 anos que estean a cursar estudos no \u00e1mbito art\u00edstico, audiovisual ou da animaci\u00f3n, as\u00ed como a persoas graduadas nestas disciplinas no ano 2025. O centro educativo deber\u00e1 estar localizado en Galicia. Neste 2026, o concurso abre a s\u00faa convocatoria a todo o territorio galego.<\/p>\n\t\t\t\t\t\t\t\t<\/div>\n\t\t\t\t<\/div>\n\t\t\t\t<div class=\"elementor-element elementor-element-3af6839 elementor-widget elementor-widget-text-editor\" data-id=\"3af6839\" data-element_type=\"widget\" data-widget_type=\"text-editor.default\">\n\t\t\t\t<div class=\"elementor-widget-container\">\n\t\t\t\t\t\t\t\t\tOs participantes presentar\u00e1n pezas animadas en formato cortinilla do festival, que se proxectar\u00e1n nunha sesi\u00f3n aberta ao p\u00fablico. Nesa mesma sesi\u00f3n, o festival outorgar\u00e1 o Premio Talento Novo \u2014dotado con 600 \u20ac\u2014 e dous acc\u00e9sits de 200 \u20ac cada un.<br><br>A iniciativa busca fomentar a creaci\u00f3n, impulsar \u00e1s novas xeraci\u00f3ns e visibilizar o talento emerxente nun espazo profesional e de exhibici\u00f3n.\t\t\t\t\t\t\t\t<\/div>\n\t\t\t\t<\/div>\n\t\t\t\t\t<\/div>\n\t\t<\/div>\n\t\t\t\t\t<\/div>\n\t\t<\/section>\n\t\t\t\t\t<\/div>\n\t\t<\/div>\n\t\t\t\t\t<\/div>\n\t\t<\/section>\n\t\t\t\t<section class=\"elementor-section elementor-top-section elementor-element elementor-element-7a9c5e2 elementor-section-full_width elementor-section-height-default elementor-section-height-default\" data-id=\"7a9c5e2\" data-element_type=\"section\" data-settings=\"{&quot;background_background&quot;:&quot;classic&quot;}\">\n\t\t\t\t\t\t<div class=\"elementor-container elementor-column-gap-default\">\n\t\t\t\t\t<div class=\"elementor-column elementor-col-100 elementor-top-column elementor-element elementor-element-5f8ee5c\" data-id=\"5f8ee5c\" data-element_type=\"column\">\n\t\t\t<div class=\"elementor-widget-wrap elementor-element-populated\">\n\t\t\t\t\t\t<section class=\"elementor-section elementor-inner-section elementor-element elementor-element-9970963 elementor-section-boxed elementor-section-height-default elementor-section-height-default\" data-id=\"9970963\" data-element_type=\"section\">\n\t\t\t\t\t\t<div class=\"elementor-container elementor-column-gap-default\">\n\t\t\t\t\t<div class=\"elementor-column elementor-col-100 elementor-inner-column elementor-element elementor-element-4748df3\" data-id=\"4748df3\" data-element_type=\"column\">\n\t\t\t<div class=\"elementor-widget-wrap elementor-element-populated\">\n\t\t\t\t\t\t<div class=\"elementor-element elementor-element-429236d elementor-widget elementor-widget-heading\" data-id=\"429236d\" data-element_type=\"widget\" data-widget_type=\"heading.default\">\n\t\t\t\t<div class=\"elementor-widget-container\">\n\t\t\t\t\t<h2 class=\"elementor-heading-title elementor-size-default\">Proxecci\u00f3n especial + coloquio posterior co director<\/h2>\t\t\t\t<\/div>\n\t\t\t\t<\/div>\n\t\t\t\t\t<\/div>\n\t\t<\/div>\n\t\t\t\t\t<\/div>\n\t\t<\/section>\n\t\t\t\t\t<\/div>\n\t\t<\/div>\n\t\t\t\t\t<\/div>\n\t\t<\/section>\n\t\t\t\t<section class=\"elementor-section elementor-top-section elementor-element elementor-element-d50beaa elementor-section-boxed elementor-section-height-default elementor-section-height-default\" data-id=\"d50beaa\" data-element_type=\"section\" data-settings=\"{&quot;background_background&quot;:&quot;classic&quot;}\">\n\t\t\t\t\t\t<div class=\"elementor-container elementor-column-gap-extended\">\n\t\t\t\t\t<div class=\"elementor-column elementor-col-50 elementor-top-column elementor-element elementor-element-6a8636f\" data-id=\"6a8636f\" data-element_type=\"column\">\n\t\t\t<div class=\"elementor-widget-wrap elementor-element-populated\">\n\t\t\t\t\t\t<div class=\"elementor-element elementor-element-3fda6b3 elementor-widget elementor-widget-text-editor\" data-id=\"3fda6b3\" data-element_type=\"widget\" data-widget_type=\"text-editor.default\">\n\t\t\t\t<div class=\"elementor-widget-container\">\n\t\t\t\t\t\t\t\t\t<p>&gt;&gt; M\u00e9rcores 11 de marzo \u00e1s 20:30h &#8211; <em>Decorado<\/em><\/p>\n\t\t\t\t\t\t\t\t<\/div>\n\t\t\t\t<\/div>\n\t\t\t\t<div class=\"elementor-element elementor-element-ea145a3 elementor-widget elementor-widget-video\" data-id=\"ea145a3\" data-element_type=\"widget\" data-settings=\"{&quot;youtube_url&quot;:&quot;https:\\\/\\\/www.youtube.com\\\/watch?v=V71F00Hoa2k&quot;,&quot;mute&quot;:&quot;yes&quot;,&quot;video_type&quot;:&quot;youtube&quot;,&quot;controls&quot;:&quot;yes&quot;}\" data-widget_type=\"video.default\">\n\t\t\t\t<div class=\"elementor-widget-container\">\n\t\t\t\t\t\t\t<div class=\"elementor-wrapper elementor-open-inline\">\n\t\t\t<div class=\"elementor-video\"><\/div>\t\t<\/div>\n\t\t\t\t\t\t<\/div>\n\t\t\t\t<\/div>\n\t\t\t\t<div class=\"elementor-element elementor-element-f194db0 elementor-widget elementor-widget-text-editor\" data-id=\"f194db0\" data-element_type=\"widget\" data-widget_type=\"text-editor.default\">\n\t\t\t\t<div class=\"elementor-widget-container\">\n\t\t\t\t\t\t\t\t\t<p>Alberto V\u00e1zquez\u00a0 |\u00a0 89 min \u00a0| Espa\u00f1a\u00a0 | \u00a02025\u00a0 | \u00a0+16<\/p>\n\t\t\t\t\t\t\t\t<\/div>\n\t\t\t\t<\/div>\n\t\t\t\t<div class=\"elementor-element elementor-element-580b488 elementor-widget elementor-widget-text-editor\" data-id=\"580b488\" data-element_type=\"widget\" data-widget_type=\"text-editor.default\">\n\t\t\t\t<div class=\"elementor-widget-container\">\n\t\t\t\t\t\t\t\t\t<p>Decorado \u00e9 unha longametraxe de animaci\u00f3n que combina s\u00e1tira, surrealismo e humor negro para mergullarnos nunha realidade inquietante e absurda. O filme segue a Arnold, un rato de mediana idade atrapado nunha crise existencial. A s\u00faa vida coti\u00e1 \u2014a s\u00faa parella, o seu traballo, a s\u00faa cidade\u2014 comeza a parecerlle unha enorme farsa, como se todo fose parte dun decorado perfectamente constru\u00eddo. Cando o seu mellor amigo morre en circunstancias sospeitosas, Arnold inicia unha fuxida desesperada en busca de algo que se asemelle \u00e1 liberdade.<\/p>\n\t\t\t\t\t\t\t\t<\/div>\n\t\t\t\t<\/div>\n\t\t\t\t\t<\/div>\n\t\t<\/div>\n\t\t\t\t<div class=\"elementor-column elementor-col-50 elementor-top-column elementor-element elementor-element-b1a85e3\" data-id=\"b1a85e3\" data-element_type=\"column\">\n\t\t\t<div class=\"elementor-widget-wrap elementor-element-populated\">\n\t\t\t\t\t\t<section class=\"elementor-section elementor-inner-section elementor-element elementor-element-eaa5e60 elementor-section-boxed elementor-section-height-default elementor-section-height-default\" data-id=\"eaa5e60\" data-element_type=\"section\">\n\t\t\t\t\t\t<div class=\"elementor-container elementor-column-gap-default\">\n\t\t\t\t\t<div class=\"elementor-column elementor-col-100 elementor-inner-column elementor-element elementor-element-2fa256e\" data-id=\"2fa256e\" data-element_type=\"column\">\n\t\t\t<div class=\"elementor-widget-wrap elementor-element-populated\">\n\t\t\t\t\t\t<div class=\"elementor-element elementor-element-6634584 elementor-widget elementor-widget-text-editor\" data-id=\"6634584\" data-element_type=\"widget\" data-widget_type=\"text-editor.default\">\n\t\t\t\t<div class=\"elementor-widget-container\">\n\t\t\t\t\t\t\t\t\t<p>Con este filme, Alberto V\u00e1zquez \u2014autor de Psiconautas e Unicorn Wars\u2014 ofrece unha f\u00e1bula poderosa sobre o control social, o artificio da vida e a fragilidade das nosas certezas. Cun estilo visual contundente e unha narrativa tan provocadora como po\u00e9tica, Decorado sit\u00faase como unha das obras galegas e nacioanis m\u00e1is destacadas da animaci\u00f3n contempor\u00e1nea.<\/p>\n\t\t\t\t\t\t\t\t<\/div>\n\t\t\t\t<\/div>\n\t\t\t\t<div class=\"elementor-element elementor-element-5fd249a elementor-widget elementor-widget-text-editor\" data-id=\"5fd249a\" data-element_type=\"widget\" data-widget_type=\"text-editor.default\">\n\t\t\t\t<div class=\"elementor-widget-container\">\n\t\t\t\t\t\t\t\t\t<p>Desde a s\u00faa estrea, Decorado consolidouse como unha das pel\u00edculas de animaci\u00f3n m\u00e1is destacadas do panorama recente, avalada pola s\u00faa presenza nos principais premios e festivais. No 58 Festival Internacional de Cinema de Catalunya \u2013 Sitges 2025 foi nomeada a Mellor Pel\u00edcula e Mellor Longametraxe de Animaci\u00f3n. Ademais, alzouse co Premio Forqu\u00e9 2025 \u00e1 Mellor Longametraxe de Animaci\u00f3n e obtivo a nomeaci\u00f3n a Mellor Comedia nos Premios Feroz 2026, confirmando o seu impacto tanto a nivel cr\u00edtico como industrial. Un percorrido de reco\u00f1ecementos que acaba de comezar e que previsiblemente seguir\u00e1 sumando novos galard\u00f3ns ao longo de 2026.<\/p>\n\t\t\t\t\t\t\t\t<\/div>\n\t\t\t\t<\/div>\n\t\t\t\t<div class=\"elementor-element elementor-element-875bde8 elementor-align-center elementor-mobile-align-center elementor-widget elementor-widget-button\" data-id=\"875bde8\" data-element_type=\"widget\" data-widget_type=\"button.default\">\n\t\t\t\t<div class=\"elementor-widget-container\">\n\t\t\t\t\t\t\t\t\t<div class=\"elementor-button-wrapper\">\n\t\t\t\t\t<a class=\"elementor-button elementor-button-link elementor-size-sm elementor-animation-shrink\" href=\"https:\/\/www.decoradothefilm.com\/\" target=\"_blank\" rel=\"noopener\">\n\t\t\t\t\t\t<span class=\"elementor-button-content-wrapper\">\n\t\t\t\t\t\t<span class=\"elementor-button-icon\">\n\t\t\t\t<i aria-hidden=\"true\" class=\"fas fa-film\"><\/i>\t\t\t<\/span>\n\t\t\t\t\t\t\t\t\t<span class=\"elementor-button-text\">Web oficial<\/span>\n\t\t\t\t\t<\/span>\n\t\t\t\t\t<\/a>\n\t\t\t\t<\/div>\n\t\t\t\t\t\t\t\t<\/div>\n\t\t\t\t<\/div>\n\t\t\t\t\t<\/div>\n\t\t<\/div>\n\t\t\t\t\t<\/div>\n\t\t<\/section>\n\t\t\t\t\t<\/div>\n\t\t<\/div>\n\t\t\t\t\t<\/div>\n\t\t<\/section>\n\t\t\t\t<\/div>\n\t\t","protected":false},"excerpt":{"rendered":"<p>RADAR GALICIA O Foco Galicia pon en valor o presente e o futuro da animaci\u00f3n galega, destacando, por unha banda, o talento emerxente \u2014tanto local como da comunidade\u2014 e, por outra, o traballo de profesionais xa consolidados que est\u00e1n a situar Galicia como un dos territorios m\u00e1is din\u00e1micos e innovadores da animaci\u00f3n a nivel estatal [&hellip;]<\/p>\n","protected":false},"author":2,"featured_media":4270,"parent":0,"menu_order":0,"comment_status":"closed","ping_status":"closed","template":"","meta":{"footnotes":""},"class_list":["post-6431","page","type-page","status-publish","has-post-thumbnail","hentry"],"_links":{"self":[{"href":"https:\/\/imaxinaria.afundacion.org\/gl\/wp-json\/wp\/v2\/pages\/6431","targetHints":{"allow":["GET"]}}],"collection":[{"href":"https:\/\/imaxinaria.afundacion.org\/gl\/wp-json\/wp\/v2\/pages"}],"about":[{"href":"https:\/\/imaxinaria.afundacion.org\/gl\/wp-json\/wp\/v2\/types\/page"}],"author":[{"embeddable":true,"href":"https:\/\/imaxinaria.afundacion.org\/gl\/wp-json\/wp\/v2\/users\/2"}],"replies":[{"embeddable":true,"href":"https:\/\/imaxinaria.afundacion.org\/gl\/wp-json\/wp\/v2\/comments?post=6431"}],"version-history":[{"count":14,"href":"https:\/\/imaxinaria.afundacion.org\/gl\/wp-json\/wp\/v2\/pages\/6431\/revisions"}],"predecessor-version":[{"id":10683,"href":"https:\/\/imaxinaria.afundacion.org\/gl\/wp-json\/wp\/v2\/pages\/6431\/revisions\/10683"}],"wp:featuredmedia":[{"embeddable":true,"href":"https:\/\/imaxinaria.afundacion.org\/gl\/wp-json\/wp\/v2\/media\/4270"}],"wp:attachment":[{"href":"https:\/\/imaxinaria.afundacion.org\/gl\/wp-json\/wp\/v2\/media?parent=6431"}],"curies":[{"name":"wp","href":"https:\/\/api.w.org\/{rel}","templated":true}]}}