{"id":6800,"date":"2025-02-12T17:05:31","date_gmt":"2025-02-12T17:05:31","guid":{"rendered":"https:\/\/imaxinaria.afundacion.org\/?page_id=6800"},"modified":"2026-02-25T16:52:52","modified_gmt":"2026-02-25T16:52:52","slug":"pamela-poltronieri","status":"publish","type":"page","link":"https:\/\/imaxinaria.afundacion.org\/gl\/pamela-poltronieri\/","title":{"rendered":"PAMELA POLTRONIERI"},"content":{"rendered":"\t\t<div data-elementor-type=\"wp-page\" data-elementor-id=\"6800\" class=\"elementor elementor-6800 elementor-6798\" data-elementor-post-type=\"page\">\n\t\t\t\t\t\t<section class=\"elementor-section elementor-top-section elementor-element elementor-element-9adb43b elementor-section-full_width elementor-section-height-min-height elementor-section-height-default elementor-section-items-middle\" data-id=\"9adb43b\" data-element_type=\"section\" data-settings=\"{&quot;background_background&quot;:&quot;video&quot;,&quot;background_video_link&quot;:&quot;https:\\\/\\\/youtu.be\\\/wK686HNh2W0&quot;,&quot;background_video_start&quot;:0,&quot;background_video_end&quot;:16,&quot;background_play_on_mobile&quot;:&quot;yes&quot;}\">\n\t\t\t\t\t\t\t\t<div class=\"elementor-background-video-container\" aria-hidden=\"true\">\n\t\t\t\t\t\t\t\t\t\t\t\t\t<div class=\"elementor-background-video-embed\"><\/div>\n\t\t\t\t\t\t\t\t\t\t\t\t<\/div>\n\t\t\t\t\t\t\t\t<div class=\"elementor-container elementor-column-gap-default\">\n\t\t\t\t\t<div class=\"elementor-column elementor-col-100 elementor-top-column elementor-element elementor-element-c982624\" data-id=\"c982624\" data-element_type=\"column\">\n\t\t\t<div class=\"elementor-widget-wrap\">\n\t\t\t\t\t\t\t<\/div>\n\t\t<\/div>\n\t\t\t\t\t<\/div>\n\t\t<\/section>\n\t\t\t\t<section class=\"elementor-section elementor-top-section elementor-element elementor-element-1f7c738 elementor-section-full_width elementor-section-height-default elementor-section-height-default\" data-id=\"1f7c738\" data-element_type=\"section\">\n\t\t\t\t\t\t<div class=\"elementor-container elementor-column-gap-default\">\n\t\t\t\t\t<div class=\"elementor-column elementor-col-100 elementor-top-column elementor-element elementor-element-1008802\" data-id=\"1008802\" data-element_type=\"column\">\n\t\t\t<div class=\"elementor-widget-wrap elementor-element-populated\">\n\t\t\t\t\t\t<section class=\"elementor-section elementor-inner-section elementor-element elementor-element-cf83e3d elementor-section-full_width elementor-section-height-default elementor-section-height-default\" data-id=\"cf83e3d\" data-element_type=\"section\">\n\t\t\t\t\t\t<div class=\"elementor-container elementor-column-gap-default\">\n\t\t\t\t\t<div class=\"elementor-column elementor-col-50 elementor-inner-column elementor-element elementor-element-ed95795\" data-id=\"ed95795\" data-element_type=\"column\">\n\t\t\t<div class=\"elementor-widget-wrap elementor-element-populated\">\n\t\t\t\t\t\t<div class=\"elementor-element elementor-element-12cb002 elementor-widget elementor-widget-image\" data-id=\"12cb002\" data-element_type=\"widget\" data-widget_type=\"image.default\">\n\t\t\t\t<div class=\"elementor-widget-container\">\n\t\t\t\t\t\t\t\t\t\t\t\t\t\t\t\t<a href=\"https:\/\/imaxinaria.afundacion.org\/wp-content\/uploads\/2025\/02\/web-imaxinaria-festival-2025-invitados-pamela-poltronieri-2.jpg\" data-elementor-open-lightbox=\"yes\" data-elementor-lightbox-title=\"web-imaxinaria-festival-2025-invitados-pamela-poltronieri-2\" data-e-action-hash=\"#elementor-action%3Aaction%3Dlightbox%26settings%3DeyJpZCI6NjgwNywidXJsIjoiaHR0cHM6XC9cL2ltYXhpbmFyaWEuYWZ1bmRhY2lvbi5vcmdcL3dwLWNvbnRlbnRcL3VwbG9hZHNcLzIwMjVcLzAyXC93ZWItaW1heGluYXJpYS1mZXN0aXZhbC0yMDI1LWludml0YWRvcy1wYW1lbGEtcG9sdHJvbmllcmktMi5qcGcifQ%3D%3D\">\n\t\t\t\t\t\t\t<img fetchpriority=\"high\" decoding=\"async\" width=\"800\" height=\"800\" src=\"https:\/\/imaxinaria.afundacion.org\/wp-content\/uploads\/2025\/02\/web-imaxinaria-festival-2025-invitados-pamela-poltronieri-2.jpg\" class=\"attachment-full size-full wp-image-6807\" alt=\"\" srcset=\"https:\/\/imaxinaria.afundacion.org\/wp-content\/uploads\/2025\/02\/web-imaxinaria-festival-2025-invitados-pamela-poltronieri-2.jpg 800w, https:\/\/imaxinaria.afundacion.org\/wp-content\/uploads\/2025\/02\/web-imaxinaria-festival-2025-invitados-pamela-poltronieri-2-300x300.jpg 300w, https:\/\/imaxinaria.afundacion.org\/wp-content\/uploads\/2025\/02\/web-imaxinaria-festival-2025-invitados-pamela-poltronieri-2-150x150.jpg 150w, https:\/\/imaxinaria.afundacion.org\/wp-content\/uploads\/2025\/02\/web-imaxinaria-festival-2025-invitados-pamela-poltronieri-2-768x768.jpg 768w\" sizes=\"(max-width: 800px) 100vw, 800px\" \/>\t\t\t\t\t\t\t\t<\/a>\n\t\t\t\t\t\t\t\t\t\t\t\t\t\t\t<\/div>\n\t\t\t\t<\/div>\n\t\t\t\t<div class=\"elementor-element elementor-element-71bc120 elementor-widget elementor-widget-text-editor\" data-id=\"71bc120\" data-element_type=\"widget\" data-widget_type=\"text-editor.default\">\n\t\t\t\t<div class=\"elementor-widget-container\">\n\t\t\t\t\t\t\t\t\t<p>By Andrea Rodr\u00edguez<\/p>\n\t\t\t\t\t\t\t\t<\/div>\n\t\t\t\t<\/div>\n\t\t\t\t\t<\/div>\n\t\t<\/div>\n\t\t\t\t<div class=\"elementor-column elementor-col-50 elementor-inner-column elementor-element elementor-element-d1b5565\" data-id=\"d1b5565\" data-element_type=\"column\">\n\t\t\t<div class=\"elementor-widget-wrap elementor-element-populated\">\n\t\t\t\t\t\t<div class=\"elementor-element elementor-element-ee145ad elementor-widget elementor-widget-heading\" data-id=\"ee145ad\" data-element_type=\"widget\" data-widget_type=\"heading.default\">\n\t\t\t\t<div class=\"elementor-widget-container\">\n\t\t\t\t\t<h2 class=\"elementor-heading-title elementor-size-default\">PAMELA POLTRONIERI<\/h2>\t\t\t\t<\/div>\n\t\t\t\t<\/div>\n\t\t\t\t<div class=\"elementor-element elementor-element-476cfa1 elementor-widget elementor-widget-text-editor\" data-id=\"476cfa1\" data-element_type=\"widget\" data-widget_type=\"text-editor.default\">\n\t\t\t\t<div class=\"elementor-widget-container\">\n\t\t\t\t\t\t\t\t\t<p>Pamela Poltronieri naceu en Rovigo, Italia, en 1979. Obt\u00e9n a s\u00faa Licenciatura en Belas Artes en Bolonia e posteriormente especial\u00edzase en animaci\u00f3n 2D no Centro Sperimentale dei Cinematografia de Tur\u00edn (Italia).<\/p>\n<p>A partir de 2009, inicia a s\u00faa carreira no departamento de Cartoon Network Italia en Londres, onde contrib\u00fae na creaci\u00f3n de sketches televisivos para a canle. \u00c1 s\u00faa vez, tam\u00e9n traballa como animadora freelance para estudios como La Testuggine, Movimenti Production e Enanimation SRL no seu pa\u00eds natal.<\/p>\n<p>Viviu en Manchester e traballou na serie de televisi\u00f3n preescolar &#8220;Daisy &amp; Ollie&#8221; do estudo CHF Entertainment. Traballou para a BBC nas series animadas \u201cDoctor Who: The Underwater Menace&#8221; e \u201cDad&#8217;s Army:The Animations\u201d, e na longametraxe &#8220;Charlotte&#8221; dos directores Eric Warin e Tahir Ra, xunto aos estudios Yowza! Animation e Walking The Dog.<br \/>Desde o 2014 e at\u00e9 a actualidade, reside na Coru\u00f1a, onde traballa como animadora nas multipremiadas curtametraxes de Alberto V\u00e1zquez &#8220;Decorado&#8221; (Premio Goya a Mellor curtametraxe de animaci\u00f3n) e &#8220;Homeless Home&#8221;, as\u00ed como nas pel\u00edculas de animaci\u00f3n do mesmo autor &#8220;Psiconautas, Los ni\u00f1os Olvidados\u201d e &#8220;Unicorn Wars&#8221;, nesta \u00faltima como supervisora de animaci\u00f3n. Ambas as pel\u00edculas, foron tam\u00e9n galardoadas co Premio Goya a Mellor pel\u00edcula de animaci\u00f3n.<\/p>\n<p>En 2023 destaca o seu traballo como directora de animaci\u00f3n na curtametraxe \u201cTo bird or not to bird\u201d de Mart\u00edn Romero, que recibiu o Premio Goya a Mellor curtametraxe de animaci\u00f3n no pasado ano 2024 e acadou m\u00e1is de 150 selecci\u00f3ns en festivais nacionais e internacionais e m\u00e1is de 30 premios.<\/p>\n<p>Actualmente, traballa como directora de animaci\u00f3n en &#8220;Decorado&#8221;, a \u00faltima pel\u00edcula de Alberto V\u00e1zquez que se estrear\u00e1 ao longo deste ano.<\/p>\n\t\t\t\t\t\t\t\t<\/div>\n\t\t\t\t<\/div>\n\t\t\t\t\t<\/div>\n\t\t<\/div>\n\t\t\t\t\t<\/div>\n\t\t<\/section>\n\t\t\t\t\t<\/div>\n\t\t<\/div>\n\t\t\t\t\t<\/div>\n\t\t<\/section>\n\t\t\t\t<\/div>\n\t\t","protected":false},"excerpt":{"rendered":"<p>By Andrea Rodr\u00edguez PAMELA POLTRONIERI Pamela Poltronieri naceu en Rovigo, Italia, en 1979. Obt\u00e9n a s\u00faa Licenciatura en Belas Artes en Bolonia e posteriormente especial\u00edzase en animaci\u00f3n 2D no Centro Sperimentale dei Cinematografia de Tur\u00edn (Italia). A partir de 2009, inicia a s\u00faa carreira no departamento de Cartoon Network Italia en Londres, onde contrib\u00fae na [&hellip;]<\/p>\n","protected":false},"author":2,"featured_media":0,"parent":0,"menu_order":0,"comment_status":"closed","ping_status":"closed","template":"","meta":{"footnotes":""},"class_list":["post-6800","page","type-page","status-publish","hentry"],"_links":{"self":[{"href":"https:\/\/imaxinaria.afundacion.org\/gl\/wp-json\/wp\/v2\/pages\/6800","targetHints":{"allow":["GET"]}}],"collection":[{"href":"https:\/\/imaxinaria.afundacion.org\/gl\/wp-json\/wp\/v2\/pages"}],"about":[{"href":"https:\/\/imaxinaria.afundacion.org\/gl\/wp-json\/wp\/v2\/types\/page"}],"author":[{"embeddable":true,"href":"https:\/\/imaxinaria.afundacion.org\/gl\/wp-json\/wp\/v2\/users\/2"}],"replies":[{"embeddable":true,"href":"https:\/\/imaxinaria.afundacion.org\/gl\/wp-json\/wp\/v2\/comments?post=6800"}],"version-history":[{"count":6,"href":"https:\/\/imaxinaria.afundacion.org\/gl\/wp-json\/wp\/v2\/pages\/6800\/revisions"}],"predecessor-version":[{"id":10756,"href":"https:\/\/imaxinaria.afundacion.org\/gl\/wp-json\/wp\/v2\/pages\/6800\/revisions\/10756"}],"wp:attachment":[{"href":"https:\/\/imaxinaria.afundacion.org\/gl\/wp-json\/wp\/v2\/media?parent=6800"}],"curies":[{"name":"wp","href":"https:\/\/api.w.org\/{rel}","templated":true}]}}